{"id":3016,"date":"2020-12-09T12:06:03","date_gmt":"2020-12-09T11:06:03","guid":{"rendered":"https:\/\/humydry.com\/conseils-freshwave\/applications\/"},"modified":"2020-12-10T09:51:33","modified_gmt":"2020-12-10T08:51:33","slug":"applications","status":"publish","type":"page","link":"https:\/\/humydry.com\/fr\/conseils-freshwave\/applications\/","title":{"rendered":"Applications"},"content":{"rendered":"<p>[et_pb_section fb_built=\u00a0\u00bb1&Prime; _builder_version=\u00a0\u00bb4.3.4&Prime; background_color=\u00a0\u00bb#fff59b\u00a0\u00bb custom_margin=\u00a0\u00bb30px|30px||30px|false|false\u00a0\u00bb custom_margin_tablet=\u00a0\u00bb\u00a0\u00bb custom_margin_phone=\u00a0\u00bb|0px||0px|false|false\u00a0\u00bb custom_margin_last_edited=\u00a0\u00bbon|phone\u00a0\u00bb][et_pb_row _builder_version=\u00a0\u00bb4.3.3&Prime; background_color=\u00a0\u00bb#ffffff\u00a0\u00bb custom_padding=\u00a0\u00bb|30px||30px|false|false\u00a0\u00bb][et_pb_column type=\u00a0\u00bb4_4&Prime; _builder_version=\u00a0\u00bb4.3.3&Prime;][et_pb_image src=\u00a0\u00bbhttps:\/\/humydry.com\/wp-content\/uploads\/2020\/03\/aplicaciones.jpg\u00a0\u00bb _builder_version=\u00a0\u00bb4.3.4&Prime;][\/et_pb_image][\/et_pb_column][\/et_pb_row][et_pb_row column_structure=\u00a0\u00bb3_5,2_5&Prime; _builder_version=\u00a0\u00bb4.4.1&Prime; background_color=\u00a0\u00bb#ffffff\u00a0\u00bb custom_padding=\u00a0\u00bb|30px|50px|30px|false|false\u00a0\u00bb][et_pb_column type=\u00a0\u00bb3_5&Prime; _builder_version=\u00a0\u00bb4.3.3&Prime;][et_pb_text _builder_version=\u00a0\u00bb4.3.4&Prime; header_font=\u00a0\u00bb|800|||||||\u00a0\u00bb]<\/p>\n<h1><strong>Applications<\/strong><\/h1>\n<p>[\/et_pb_text][et_pb_text _builder_version=\u00a0\u00bb4.4.7&Prime; hover_enabled=\u00a0\u00bb0&Prime;]<\/p>\n<p>Les produits Freshwave sont con\u00e7us pour neutraliser les odeurs g\u00e9n\u00e9r\u00e9es \u00e0 la maison et celles des v\u00eatements. Ils capturent les odeurs de nourriture, de tabac, d\u2019humidit\u00e9, d\u2019\u00e9viers, d\u2019animaux de compagnie, et toute odeur d\u00e9sagr\u00e9able.<\/p>\n<p>D\u00e9couvrez les produits de la gamme Freshwave et trouvez celui qui r\u00e9pond le mieux \u00e0 vos besoins :<\/p>\n<p><a href=\"https:\/\/humydry.com\/fr\/product-details\/freshwave-spray\/\">Spray neutralisant d\u2019odeurs Freshwave 250 ml<\/a><\/p>\n<p><a href=\"https:\/\/humydry.com\/fr\/product-details\/freshwave-gel\/\">Gel neutralisant d\u2019odeurs Freshwave 400 g<\/a><\/p>\n<p><a href=\"https:\/\/humydry.com\/fr\/product-details\/freshwave-aditivo\/\">Additif multi-usages neutralisant d\u2019odeurs Freshwave 1 litre<\/a><\/p>\n<p><a href=\"https:\/\/humydry.com\/fr\/product-details\/freshwave-vela\/\">Bougie neutralisante d\u2019odeurs Freshwave<\/a><\/p>\n<p><a href=\"https:\/\/humydry.com\/fr\/product-details\/freshwave-pearl-pack\/\">Pack de perles neutralisantes d\u2019odeurs Freshwave 6 x 16 g<\/a><\/p>\n<p><a href=\"https:\/\/humydry.com\/fr\/product-details\/freshwave-clip\/\">Clip avec perles neutralisantes d\u2019odeurs Freshwave<\/a><\/p>\n<p>[\/et_pb_text][\/et_pb_column][et_pb_column type=\u00a0\u00bb2_5&Prime; _builder_version=\u00a0\u00bb4.3.3&Prime;][\/et_pb_column][\/et_pb_row][\/et_pb_section]<\/p>\n","protected":false},"excerpt":{"rendered":"<p>ApplicationsLes produits Freshwave sont con\u00e7us pour neutraliser les odeurs g\u00e9n\u00e9r\u00e9es \u00e0 la maison et celles des v\u00eatements. Ils capturent les odeurs de nourriture, de tabac, d\u2019humidit\u00e9, d\u2019\u00e9viers, d\u2019animaux de compagnie, et toute odeur d\u00e9sagr\u00e9able. D\u00e9couvrez les produits de la gamme Freshwave et trouvez celui qui r\u00e9pond le mieux \u00e0 vos besoins : Spray neutralisant d\u2019odeurs [&hellip;]<\/p>\n","protected":false},"author":1,"featured_media":0,"parent":2956,"menu_order":6,"comment_status":"closed","ping_status":"closed","template":"","meta":{"_et_pb_use_builder":"on","_et_pb_old_content":"","_et_gb_content_width":""},"acf":[],"yoast_head":"<!-- This site is optimized with the Yoast SEO plugin v17.5 - https:\/\/yoast.com\/wordpress\/plugins\/seo\/ -->\n<title>Applications - Humydry<\/title>\n<meta name=\"robots\" content=\"index, follow, max-snippet:-1, max-image-preview:large, max-video-preview:-1\" \/>\n<link rel=\"canonical\" href=\"https:\/\/humydry.com\/fr\/conseils-freshwave\/applications\/\" \/>\n<meta property=\"og:locale\" content=\"fr_FR\" \/>\n<meta property=\"og:type\" content=\"article\" \/>\n<meta property=\"og:title\" content=\"Applications - Humydry\" \/>\n<meta property=\"og:description\" content=\"ApplicationsLes produits Freshwave sont con\u00e7us pour neutraliser les odeurs g\u00e9n\u00e9r\u00e9es \u00e0 la maison et celles des v\u00eatements. Ils capturent les odeurs de nourriture, de tabac, d\u2019humidit\u00e9, d\u2019\u00e9viers, d\u2019animaux de compagnie, et toute odeur d\u00e9sagr\u00e9able. D\u00e9couvrez les produits de la gamme Freshwave et trouvez celui qui r\u00e9pond le mieux \u00e0 vos besoins : Spray neutralisant d\u2019odeurs [&hellip;]\" \/>\n<meta property=\"og:url\" content=\"https:\/\/humydry.com\/fr\/conseils-freshwave\/applications\/\" \/>\n<meta property=\"og:site_name\" content=\"Humydry\" \/>\n<meta property=\"article:modified_time\" content=\"2020-12-10T08:51:33+00:00\" \/>\n<meta name=\"twitter:card\" content=\"summary_large_image\" \/>\n<meta name=\"twitter:label1\" content=\"Dur\u00e9e de lecture est.\" \/>\n\t<meta name=\"twitter:data1\" content=\"1 minute\" \/>\n<script type=\"application\/ld+json\" class=\"yoast-schema-graph\">{\"@context\":\"https:\/\/schema.org\",\"@graph\":[{\"@type\":\"WebSite\",\"@id\":\"https:\/\/humydry.com\/#website\",\"url\":\"https:\/\/humydry.com\/\",\"name\":\"Humydry\",\"description\":\"\",\"potentialAction\":[{\"@type\":\"SearchAction\",\"target\":{\"@type\":\"EntryPoint\",\"urlTemplate\":\"https:\/\/humydry.com\/?s={search_term_string}\"},\"query-input\":\"required name=search_term_string\"}],\"inLanguage\":\"fr-FR\"},{\"@type\":\"WebPage\",\"@id\":\"https:\/\/humydry.com\/fr\/conseils-freshwave\/applications\/#webpage\",\"url\":\"https:\/\/humydry.com\/fr\/conseils-freshwave\/applications\/\",\"name\":\"Applications - Humydry\",\"isPartOf\":{\"@id\":\"https:\/\/humydry.com\/#website\"},\"datePublished\":\"2020-12-09T11:06:03+00:00\",\"dateModified\":\"2020-12-10T08:51:33+00:00\",\"breadcrumb\":{\"@id\":\"https:\/\/humydry.com\/fr\/conseils-freshwave\/applications\/#breadcrumb\"},\"inLanguage\":\"fr-FR\",\"potentialAction\":[{\"@type\":\"ReadAction\",\"target\":[\"https:\/\/humydry.com\/fr\/conseils-freshwave\/applications\/\"]}]},{\"@type\":\"BreadcrumbList\",\"@id\":\"https:\/\/humydry.com\/fr\/conseils-freshwave\/applications\/#breadcrumb\",\"itemListElement\":[{\"@type\":\"ListItem\",\"position\":1,\"name\":\"Portada\",\"item\":\"https:\/\/humydry.com\/fr\/\"},{\"@type\":\"ListItem\",\"position\":2,\"name\":\"CONSEILS FRESHWAVE\",\"item\":\"https:\/\/humydry.com\/fr\/conseils-freshwave\/\"},{\"@type\":\"ListItem\",\"position\":3,\"name\":\"Applications\"}]}]}<\/script>\n<!-- \/ Yoast SEO plugin. -->","yoast_head_json":{"title":"Applications - Humydry","robots":{"index":"index","follow":"follow","max-snippet":"max-snippet:-1","max-image-preview":"max-image-preview:large","max-video-preview":"max-video-preview:-1"},"canonical":"https:\/\/humydry.com\/fr\/conseils-freshwave\/applications\/","og_locale":"fr_FR","og_type":"article","og_title":"Applications - Humydry","og_description":"ApplicationsLes produits Freshwave sont con\u00e7us pour neutraliser les odeurs g\u00e9n\u00e9r\u00e9es \u00e0 la maison et celles des v\u00eatements. Ils capturent les odeurs de nourriture, de tabac, d\u2019humidit\u00e9, d\u2019\u00e9viers, d\u2019animaux de compagnie, et toute odeur d\u00e9sagr\u00e9able. D\u00e9couvrez les produits de la gamme Freshwave et trouvez celui qui r\u00e9pond le mieux \u00e0 vos besoins : Spray neutralisant d\u2019odeurs [&hellip;]","og_url":"https:\/\/humydry.com\/fr\/conseils-freshwave\/applications\/","og_site_name":"Humydry","article_modified_time":"2020-12-10T08:51:33+00:00","twitter_card":"summary_large_image","twitter_misc":{"Dur\u00e9e de lecture est.":"1 minute"},"schema":{"@context":"https:\/\/schema.org","@graph":[{"@type":"WebSite","@id":"https:\/\/humydry.com\/#website","url":"https:\/\/humydry.com\/","name":"Humydry","description":"","potentialAction":[{"@type":"SearchAction","target":{"@type":"EntryPoint","urlTemplate":"https:\/\/humydry.com\/?s={search_term_string}"},"query-input":"required name=search_term_string"}],"inLanguage":"fr-FR"},{"@type":"WebPage","@id":"https:\/\/humydry.com\/fr\/conseils-freshwave\/applications\/#webpage","url":"https:\/\/humydry.com\/fr\/conseils-freshwave\/applications\/","name":"Applications - Humydry","isPartOf":{"@id":"https:\/\/humydry.com\/#website"},"datePublished":"2020-12-09T11:06:03+00:00","dateModified":"2020-12-10T08:51:33+00:00","breadcrumb":{"@id":"https:\/\/humydry.com\/fr\/conseils-freshwave\/applications\/#breadcrumb"},"inLanguage":"fr-FR","potentialAction":[{"@type":"ReadAction","target":["https:\/\/humydry.com\/fr\/conseils-freshwave\/applications\/"]}]},{"@type":"BreadcrumbList","@id":"https:\/\/humydry.com\/fr\/conseils-freshwave\/applications\/#breadcrumb","itemListElement":[{"@type":"ListItem","position":1,"name":"Portada","item":"https:\/\/humydry.com\/fr\/"},{"@type":"ListItem","position":2,"name":"CONSEILS FRESHWAVE","item":"https:\/\/humydry.com\/fr\/conseils-freshwave\/"},{"@type":"ListItem","position":3,"name":"Applications"}]}]}},"_links":{"self":[{"href":"https:\/\/humydry.com\/fr\/wp-json\/wp\/v2\/pages\/3016"}],"collection":[{"href":"https:\/\/humydry.com\/fr\/wp-json\/wp\/v2\/pages"}],"about":[{"href":"https:\/\/humydry.com\/fr\/wp-json\/wp\/v2\/types\/page"}],"author":[{"embeddable":true,"href":"https:\/\/humydry.com\/fr\/wp-json\/wp\/v2\/users\/1"}],"replies":[{"embeddable":true,"href":"https:\/\/humydry.com\/fr\/wp-json\/wp\/v2\/comments?post=3016"}],"version-history":[{"count":5,"href":"https:\/\/humydry.com\/fr\/wp-json\/wp\/v2\/pages\/3016\/revisions"}],"predecessor-version":[{"id":3268,"href":"https:\/\/humydry.com\/fr\/wp-json\/wp\/v2\/pages\/3016\/revisions\/3268"}],"up":[{"embeddable":true,"href":"https:\/\/humydry.com\/fr\/wp-json\/wp\/v2\/pages\/2956"}],"wp:attachment":[{"href":"https:\/\/humydry.com\/fr\/wp-json\/wp\/v2\/media?parent=3016"}],"curies":[{"name":"wp","href":"https:\/\/api.w.org\/{rel}","templated":true}]}}