{"id":3013,"date":"2020-12-09T12:03:29","date_gmt":"2020-12-09T11:03:29","guid":{"rendered":"https:\/\/humydry.com\/conseils-freshwave\/les-avantages-dutiliser-freshwave\/"},"modified":"2020-12-09T12:03:29","modified_gmt":"2020-12-09T11:03:29","slug":"les-avantages-dutiliser-freshwave","status":"publish","type":"page","link":"https:\/\/humydry.com\/fr\/conseils-freshwave\/les-avantages-dutiliser-freshwave\/","title":{"rendered":"Les avantages d\u2019utiliser Freshwave"},"content":{"rendered":"<p>[et_pb_section fb_built=\u00a0\u00bb1&Prime; _builder_version=\u00a0\u00bb4.3.4&Prime; background_color=\u00a0\u00bb#fff59b\u00a0\u00bb custom_margin=\u00a0\u00bb30px|30px||30px|false|false\u00a0\u00bb custom_margin_tablet=\u00a0\u00bb\u00a0\u00bb custom_margin_phone=\u00a0\u00bb|0px||0px|false|false\u00a0\u00bb custom_margin_last_edited=\u00a0\u00bbon|phone\u00a0\u00bb][et_pb_row _builder_version=\u00a0\u00bb4.3.3&Prime; background_color=\u00a0\u00bb#ffffff\u00a0\u00bb custom_padding=\u00a0\u00bb|30px||30px|false|false\u00a0\u00bb][et_pb_column type=\u00a0\u00bb4_4&Prime; _builder_version=\u00a0\u00bb4.3.3&Prime;][et_pb_image src=\u00a0\u00bbhttps:\/\/humydry.com\/wp-content\/uploads\/2020\/03\/ventajas-freshwave.jpg\u00a0\u00bb _builder_version=\u00a0\u00bb4.3.4&Prime;][\/et_pb_image][\/et_pb_column][\/et_pb_row][et_pb_row column_structure=\u00a0\u00bb3_5,2_5&Prime; _builder_version=\u00a0\u00bb4.4.1&Prime; background_color=\u00a0\u00bb#ffffff\u00a0\u00bb custom_padding=\u00a0\u00bb|30px|50px|30px|false|false\u00a0\u00bb][et_pb_column type=\u00a0\u00bb3_5&Prime; _builder_version=\u00a0\u00bb4.3.3&Prime;][et_pb_text _builder_version=\u00a0\u00bb4.3.4&Prime; header_font=\u00a0\u00bb|800|||||||\u00a0\u00bb]<\/p>\n<h1><strong>Les avantages d\u2019utiliser Freshwave<\/strong><\/h1>\n<p>[\/et_pb_text][et_pb_text _builder_version=\u00a0\u00bb4.3.4&Prime;]<\/p>\n<p>1. Les produits Freshwave permettent de prolonger la dur\u00e9e de vie de vos v\u00eatements. Nous avons pris la mauvaise habitude de laver les v\u00eatements apr\u00e8s ne les avoir port\u00e9s qu\u2019une fois. Si nous les a\u00e9rons correctement et utilisons le neutralisant d\u2019odeurs Freshwave, nous pouvons les porter \u00e0 nouveau sans probl\u00e8me, tant qu\u2019ils n\u2019ont pas de taches.<\/p>\n<p>2. \u00c9conomisez \u00e0 la fois en pressing, en \u00e9lectricit\u00e9 et en eau.<\/p>\n<p>En lavant vos v\u00eatements moins souvent, vous \u00e9conomiserez de l\u2019eau et de l\u2019\u00e9lectricit\u00e9. De la m\u00eame mani\u00e8re, vous n\u2019aurez pas \u00e0 les emmener si souvent au pressing, ce qui vous fera faire des \u00e9conomies consid\u00e9rables en la mati\u00e8re.<\/p>\n<p>3. R\u00e9utilisez les v\u00eatements et les serviettes qui gardaient une odeur persistante m\u00eame apr\u00e8s les avoir lav\u00e9s. Parfois, certains tissus ont une odeur persistante qui ne part pas au lavage avec les lessives et les assouplissants conventionnels. Cela fait que nous ne les utilisons plus, mais gr\u00e2ce aux produits Freshwave, vous vous d\u00e9barrasserez de ces odeurs et pourrez r\u00e9utiliser ces v\u00eatements.<\/p>\n<p>4. Une garde-robe en bon \u00e9tat et sans mauvaises odeurs. Gr\u00e2ce aux produits Freshwave, \u00e9vitez que vos v\u00eatements ne prennent de mauvaises odeurs. \u00c0 l\u2019arriv\u00e9e de chaque nouvelle saison, profitez-en pour appliquer le spray Freshwave sur vos v\u00eatements et utilisez le clip Freshwave pour en finir avec les odeurs.<\/p>\n<p>Contr\u00f4lez l\u2019odeur des chaussures et des v\u00eatements de sport avec les perles et le spray Freshwave.<\/p>\n<p>[\/et_pb_text][\/et_pb_column][et_pb_column type=\u00a0\u00bb2_5&Prime; _builder_version=\u00a0\u00bb4.3.3&Prime;][\/et_pb_column][\/et_pb_row][\/et_pb_section]<\/p>\n","protected":false},"excerpt":{"rendered":"<p>Les avantages d\u2019utiliser Freshwave1. Les produits Freshwave permettent de prolonger la dur\u00e9e de vie de vos v\u00eatements. Nous avons pris la mauvaise habitude de laver les v\u00eatements apr\u00e8s ne les avoir port\u00e9s qu\u2019une fois. Si nous les a\u00e9rons correctement et utilisons le neutralisant d\u2019odeurs Freshwave, nous pouvons les porter \u00e0 nouveau sans probl\u00e8me, tant qu\u2019ils [&hellip;]<\/p>\n","protected":false},"author":1,"featured_media":0,"parent":2956,"menu_order":14,"comment_status":"closed","ping_status":"closed","template":"","meta":{"_et_pb_use_builder":"on","_et_pb_old_content":"","_et_gb_content_width":""},"acf":[],"yoast_head":"<!-- This site is optimized with the Yoast SEO plugin v17.5 - https:\/\/yoast.com\/wordpress\/plugins\/seo\/ -->\n<title>Les avantages d\u2019utiliser Freshwave - Humydry<\/title>\n<meta name=\"robots\" content=\"index, follow, max-snippet:-1, max-image-preview:large, max-video-preview:-1\" \/>\n<link rel=\"canonical\" href=\"https:\/\/humydry.com\/fr\/conseils-freshwave\/les-avantages-dutiliser-freshwave\/\" \/>\n<meta property=\"og:locale\" content=\"fr_FR\" \/>\n<meta property=\"og:type\" content=\"article\" \/>\n<meta property=\"og:title\" content=\"Les avantages d\u2019utiliser Freshwave - Humydry\" \/>\n<meta property=\"og:description\" content=\"Les avantages d\u2019utiliser Freshwave1. Les produits Freshwave permettent de prolonger la dur\u00e9e de vie de vos v\u00eatements. Nous avons pris la mauvaise habitude de laver les v\u00eatements apr\u00e8s ne les avoir port\u00e9s qu\u2019une fois. Si nous les a\u00e9rons correctement et utilisons le neutralisant d\u2019odeurs Freshwave, nous pouvons les porter \u00e0 nouveau sans probl\u00e8me, tant qu\u2019ils [&hellip;]\" \/>\n<meta property=\"og:url\" content=\"https:\/\/humydry.com\/fr\/conseils-freshwave\/les-avantages-dutiliser-freshwave\/\" \/>\n<meta property=\"og:site_name\" content=\"Humydry\" \/>\n<meta name=\"twitter:card\" content=\"summary_large_image\" \/>\n<meta name=\"twitter:label1\" content=\"Dur\u00e9e de lecture est.\" \/>\n\t<meta name=\"twitter:data1\" content=\"2 minutes\" \/>\n<script type=\"application\/ld+json\" class=\"yoast-schema-graph\">{\"@context\":\"https:\/\/schema.org\",\"@graph\":[{\"@type\":\"WebSite\",\"@id\":\"https:\/\/humydry.com\/#website\",\"url\":\"https:\/\/humydry.com\/\",\"name\":\"Humydry\",\"description\":\"\",\"potentialAction\":[{\"@type\":\"SearchAction\",\"target\":{\"@type\":\"EntryPoint\",\"urlTemplate\":\"https:\/\/humydry.com\/?s={search_term_string}\"},\"query-input\":\"required name=search_term_string\"}],\"inLanguage\":\"fr-FR\"},{\"@type\":\"WebPage\",\"@id\":\"https:\/\/humydry.com\/fr\/conseils-freshwave\/les-avantages-dutiliser-freshwave\/#webpage\",\"url\":\"https:\/\/humydry.com\/fr\/conseils-freshwave\/les-avantages-dutiliser-freshwave\/\",\"name\":\"Les avantages d\\u2019utiliser Freshwave - Humydry\",\"isPartOf\":{\"@id\":\"https:\/\/humydry.com\/#website\"},\"datePublished\":\"2020-12-09T11:03:29+00:00\",\"dateModified\":\"2020-12-09T11:03:29+00:00\",\"breadcrumb\":{\"@id\":\"https:\/\/humydry.com\/fr\/conseils-freshwave\/les-avantages-dutiliser-freshwave\/#breadcrumb\"},\"inLanguage\":\"fr-FR\",\"potentialAction\":[{\"@type\":\"ReadAction\",\"target\":[\"https:\/\/humydry.com\/fr\/conseils-freshwave\/les-avantages-dutiliser-freshwave\/\"]}]},{\"@type\":\"BreadcrumbList\",\"@id\":\"https:\/\/humydry.com\/fr\/conseils-freshwave\/les-avantages-dutiliser-freshwave\/#breadcrumb\",\"itemListElement\":[{\"@type\":\"ListItem\",\"position\":1,\"name\":\"Portada\",\"item\":\"https:\/\/humydry.com\/fr\/\"},{\"@type\":\"ListItem\",\"position\":2,\"name\":\"CONSEILS FRESHWAVE\",\"item\":\"https:\/\/humydry.com\/fr\/conseils-freshwave\/\"},{\"@type\":\"ListItem\",\"position\":3,\"name\":\"Les avantages d\\u2019utiliser Freshwave\"}]}]}<\/script>\n<!-- \/ Yoast SEO plugin. -->","yoast_head_json":{"title":"Les avantages d\u2019utiliser Freshwave - Humydry","robots":{"index":"index","follow":"follow","max-snippet":"max-snippet:-1","max-image-preview":"max-image-preview:large","max-video-preview":"max-video-preview:-1"},"canonical":"https:\/\/humydry.com\/fr\/conseils-freshwave\/les-avantages-dutiliser-freshwave\/","og_locale":"fr_FR","og_type":"article","og_title":"Les avantages d\u2019utiliser Freshwave - Humydry","og_description":"Les avantages d\u2019utiliser Freshwave1. Les produits Freshwave permettent de prolonger la dur\u00e9e de vie de vos v\u00eatements. Nous avons pris la mauvaise habitude de laver les v\u00eatements apr\u00e8s ne les avoir port\u00e9s qu\u2019une fois. Si nous les a\u00e9rons correctement et utilisons le neutralisant d\u2019odeurs Freshwave, nous pouvons les porter \u00e0 nouveau sans probl\u00e8me, tant qu\u2019ils [&hellip;]","og_url":"https:\/\/humydry.com\/fr\/conseils-freshwave\/les-avantages-dutiliser-freshwave\/","og_site_name":"Humydry","twitter_card":"summary_large_image","twitter_misc":{"Dur\u00e9e de lecture est.":"2 minutes"},"schema":{"@context":"https:\/\/schema.org","@graph":[{"@type":"WebSite","@id":"https:\/\/humydry.com\/#website","url":"https:\/\/humydry.com\/","name":"Humydry","description":"","potentialAction":[{"@type":"SearchAction","target":{"@type":"EntryPoint","urlTemplate":"https:\/\/humydry.com\/?s={search_term_string}"},"query-input":"required name=search_term_string"}],"inLanguage":"fr-FR"},{"@type":"WebPage","@id":"https:\/\/humydry.com\/fr\/conseils-freshwave\/les-avantages-dutiliser-freshwave\/#webpage","url":"https:\/\/humydry.com\/fr\/conseils-freshwave\/les-avantages-dutiliser-freshwave\/","name":"Les avantages d\u2019utiliser Freshwave - Humydry","isPartOf":{"@id":"https:\/\/humydry.com\/#website"},"datePublished":"2020-12-09T11:03:29+00:00","dateModified":"2020-12-09T11:03:29+00:00","breadcrumb":{"@id":"https:\/\/humydry.com\/fr\/conseils-freshwave\/les-avantages-dutiliser-freshwave\/#breadcrumb"},"inLanguage":"fr-FR","potentialAction":[{"@type":"ReadAction","target":["https:\/\/humydry.com\/fr\/conseils-freshwave\/les-avantages-dutiliser-freshwave\/"]}]},{"@type":"BreadcrumbList","@id":"https:\/\/humydry.com\/fr\/conseils-freshwave\/les-avantages-dutiliser-freshwave\/#breadcrumb","itemListElement":[{"@type":"ListItem","position":1,"name":"Portada","item":"https:\/\/humydry.com\/fr\/"},{"@type":"ListItem","position":2,"name":"CONSEILS FRESHWAVE","item":"https:\/\/humydry.com\/fr\/conseils-freshwave\/"},{"@type":"ListItem","position":3,"name":"Les avantages d\u2019utiliser Freshwave"}]}]}},"_links":{"self":[{"href":"https:\/\/humydry.com\/fr\/wp-json\/wp\/v2\/pages\/3013"}],"collection":[{"href":"https:\/\/humydry.com\/fr\/wp-json\/wp\/v2\/pages"}],"about":[{"href":"https:\/\/humydry.com\/fr\/wp-json\/wp\/v2\/types\/page"}],"author":[{"embeddable":true,"href":"https:\/\/humydry.com\/fr\/wp-json\/wp\/v2\/users\/1"}],"replies":[{"embeddable":true,"href":"https:\/\/humydry.com\/fr\/wp-json\/wp\/v2\/comments?post=3013"}],"version-history":[{"count":2,"href":"https:\/\/humydry.com\/fr\/wp-json\/wp\/v2\/pages\/3013\/revisions"}],"predecessor-version":[{"id":3015,"href":"https:\/\/humydry.com\/fr\/wp-json\/wp\/v2\/pages\/3013\/revisions\/3015"}],"up":[{"embeddable":true,"href":"https:\/\/humydry.com\/fr\/wp-json\/wp\/v2\/pages\/2956"}],"wp:attachment":[{"href":"https:\/\/humydry.com\/fr\/wp-json\/wp\/v2\/media?parent=3013"}],"curies":[{"name":"wp","href":"https:\/\/api.w.org\/{rel}","templated":true}]}}