{"id":3010,"date":"2020-12-09T12:01:59","date_gmt":"2020-12-09T11:01:59","guid":{"rendered":"https:\/\/humydry.com\/conseils-freshwave\/une-formule-professionnelle\/"},"modified":"2020-12-09T12:02:00","modified_gmt":"2020-12-09T11:02:00","slug":"une-formule-professionnelle","status":"publish","type":"page","link":"https:\/\/humydry.com\/fr\/conseils-freshwave\/une-formule-professionnelle\/","title":{"rendered":"Une formule professionnelle"},"content":{"rendered":"<p>[et_pb_section fb_built=\u00a0\u00bb1&Prime; _builder_version=\u00a0\u00bb4.3.4&Prime; background_color=\u00a0\u00bb#fff59b\u00a0\u00bb custom_margin=\u00a0\u00bb30px|30px||30px|false|false\u00a0\u00bb custom_margin_tablet=\u00a0\u00bb\u00a0\u00bb custom_margin_phone=\u00a0\u00bb|0px||0px|false|false\u00a0\u00bb custom_margin_last_edited=\u00a0\u00bbon|phone\u00a0\u00bb][et_pb_row _builder_version=\u00a0\u00bb4.3.3&Prime; background_color=\u00a0\u00bb#ffffff\u00a0\u00bb custom_padding=\u00a0\u00bb|30px||30px|false|false\u00a0\u00bb][et_pb_column type=\u00a0\u00bb4_4&Prime; _builder_version=\u00a0\u00bb4.3.3&Prime;][et_pb_image src=\u00a0\u00bbhttps:\/\/humydry.com\/wp-content\/uploads\/2020\/03\/formula-profesional.jpg\u00a0\u00bb _builder_version=\u00a0\u00bb4.3.4&Prime;][\/et_pb_image][\/et_pb_column][\/et_pb_row][et_pb_row column_structure=\u00a0\u00bb3_5,2_5&Prime; _builder_version=\u00a0\u00bb4.4.1&Prime; background_color=\u00a0\u00bb#ffffff\u00a0\u00bb custom_padding=\u00a0\u00bb|30px|50px|30px|false|false\u00a0\u00bb][et_pb_column type=\u00a0\u00bb3_5&Prime; _builder_version=\u00a0\u00bb4.3.3&Prime;][et_pb_text _builder_version=\u00a0\u00bb4.3.3&Prime; header_font=\u00a0\u00bb|800|||||||\u00a0\u00bb]<\/p>\n<h1><strong>Une formule professionnelle<\/strong><\/h1>\n<p>[\/et_pb_text][et_pb_text _builder_version=\u00a0\u00bb4.3.3&Prime;]<\/p>\n<p>La formule Freshwave contient des particules \u00e0 charge \u00e9lectrostatique qui attirent, capturent et suppriment les particules des mauvaises odeurs. Les produits neutralisant d\u2019odeurs Freshwave\u00ae ont recours aux vertus de la nature et \u00e0 la science mol\u00e9culaire pour supprimer les odeurs les plus fortes et d\u00e9sagr\u00e9ables. Au lieu de les masquer, les produits Freshwave\u00ae les attaquent \u00e0 la racine et les d\u00e9truisent.\u00a0 La formule professionnelle Freshwave\u00ae est compos\u00e9e d\u2019extraits de citron vert, d\u2019aiguille de pin, d\u2019anis, de clou de girofle et de c\u00e8dre. Elle contient des mol\u00e9cules \u00e0 charge \u00e9lectrostatique qui attirent et emprisonnent les particules de mauvaises odeurs jusqu\u2019\u00e0 leur compl\u00e8te \u00e9limination, en laissant ainsi un air ambiant frais et agr\u00e9able.<\/p>\n<p>Freshwave\u00ae \u00e9limine efficacement de nombreuses odeurs organiques et inorganiques pr\u00e9sentes dans l\u2019air, les tissus et les espaces confin\u00e9s. Ces produits ont prouv\u00e9 leur efficacit\u00e9 dans le secteur de l\u2019industrie et ils fonctionnent \u00e9galement parfaitement \u00e0 la maison. De nombreuses \u00e9tudes ind\u00e9pendantes en confirment l\u2019efficacit\u00e9.<\/p>\n<p>[\/et_pb_text][\/et_pb_column][et_pb_column type=\u00a0\u00bb2_5&Prime; _builder_version=\u00a0\u00bb4.3.3&Prime;][\/et_pb_column][\/et_pb_row][\/et_pb_section]<\/p>\n","protected":false},"excerpt":{"rendered":"<p>Une formule professionnelleLa formule Freshwave contient des particules \u00e0 charge \u00e9lectrostatique qui attirent, capturent et suppriment les particules des mauvaises odeurs. Les produits neutralisant d\u2019odeurs Freshwave\u00ae ont recours aux vertus de la nature et \u00e0 la science mol\u00e9culaire pour supprimer les odeurs les plus fortes et d\u00e9sagr\u00e9ables. Au lieu de les masquer, les produits Freshwave\u00ae [&hellip;]<\/p>\n","protected":false},"author":1,"featured_media":0,"parent":2956,"menu_order":11,"comment_status":"closed","ping_status":"closed","template":"","meta":{"_et_pb_use_builder":"on","_et_pb_old_content":"","_et_gb_content_width":""},"acf":[],"yoast_head":"<!-- This site is optimized with the Yoast SEO plugin v17.5 - https:\/\/yoast.com\/wordpress\/plugins\/seo\/ -->\n<title>Une formule professionnelle - Humydry<\/title>\n<meta name=\"robots\" content=\"index, follow, max-snippet:-1, max-image-preview:large, max-video-preview:-1\" \/>\n<link rel=\"canonical\" href=\"https:\/\/humydry.com\/fr\/conseils-freshwave\/une-formule-professionnelle\/\" \/>\n<meta property=\"og:locale\" content=\"fr_FR\" \/>\n<meta property=\"og:type\" content=\"article\" \/>\n<meta property=\"og:title\" content=\"Une formule professionnelle - Humydry\" \/>\n<meta property=\"og:description\" content=\"Une formule professionnelleLa formule Freshwave contient des particules \u00e0 charge \u00e9lectrostatique qui attirent, capturent et suppriment les particules des mauvaises odeurs. Les produits neutralisant d\u2019odeurs Freshwave\u00ae ont recours aux vertus de la nature et \u00e0 la science mol\u00e9culaire pour supprimer les odeurs les plus fortes et d\u00e9sagr\u00e9ables. Au lieu de les masquer, les produits Freshwave\u00ae [&hellip;]\" \/>\n<meta property=\"og:url\" content=\"https:\/\/humydry.com\/fr\/conseils-freshwave\/une-formule-professionnelle\/\" \/>\n<meta property=\"og:site_name\" content=\"Humydry\" \/>\n<meta property=\"article:modified_time\" content=\"2020-12-09T11:02:00+00:00\" \/>\n<meta name=\"twitter:card\" content=\"summary_large_image\" \/>\n<meta name=\"twitter:label1\" content=\"Dur\u00e9e de lecture est.\" \/>\n\t<meta name=\"twitter:data1\" content=\"2 minutes\" \/>\n<script type=\"application\/ld+json\" class=\"yoast-schema-graph\">{\"@context\":\"https:\/\/schema.org\",\"@graph\":[{\"@type\":\"WebSite\",\"@id\":\"https:\/\/humydry.com\/#website\",\"url\":\"https:\/\/humydry.com\/\",\"name\":\"Humydry\",\"description\":\"\",\"potentialAction\":[{\"@type\":\"SearchAction\",\"target\":{\"@type\":\"EntryPoint\",\"urlTemplate\":\"https:\/\/humydry.com\/?s={search_term_string}\"},\"query-input\":\"required name=search_term_string\"}],\"inLanguage\":\"fr-FR\"},{\"@type\":\"WebPage\",\"@id\":\"https:\/\/humydry.com\/fr\/conseils-freshwave\/une-formule-professionnelle\/#webpage\",\"url\":\"https:\/\/humydry.com\/fr\/conseils-freshwave\/une-formule-professionnelle\/\",\"name\":\"Une formule professionnelle - Humydry\",\"isPartOf\":{\"@id\":\"https:\/\/humydry.com\/#website\"},\"datePublished\":\"2020-12-09T11:01:59+00:00\",\"dateModified\":\"2020-12-09T11:02:00+00:00\",\"breadcrumb\":{\"@id\":\"https:\/\/humydry.com\/fr\/conseils-freshwave\/une-formule-professionnelle\/#breadcrumb\"},\"inLanguage\":\"fr-FR\",\"potentialAction\":[{\"@type\":\"ReadAction\",\"target\":[\"https:\/\/humydry.com\/fr\/conseils-freshwave\/une-formule-professionnelle\/\"]}]},{\"@type\":\"BreadcrumbList\",\"@id\":\"https:\/\/humydry.com\/fr\/conseils-freshwave\/une-formule-professionnelle\/#breadcrumb\",\"itemListElement\":[{\"@type\":\"ListItem\",\"position\":1,\"name\":\"Portada\",\"item\":\"https:\/\/humydry.com\/fr\/\"},{\"@type\":\"ListItem\",\"position\":2,\"name\":\"CONSEILS FRESHWAVE\",\"item\":\"https:\/\/humydry.com\/fr\/conseils-freshwave\/\"},{\"@type\":\"ListItem\",\"position\":3,\"name\":\"Une formule professionnelle\"}]}]}<\/script>\n<!-- \/ Yoast SEO plugin. -->","yoast_head_json":{"title":"Une formule professionnelle - Humydry","robots":{"index":"index","follow":"follow","max-snippet":"max-snippet:-1","max-image-preview":"max-image-preview:large","max-video-preview":"max-video-preview:-1"},"canonical":"https:\/\/humydry.com\/fr\/conseils-freshwave\/une-formule-professionnelle\/","og_locale":"fr_FR","og_type":"article","og_title":"Une formule professionnelle - Humydry","og_description":"Une formule professionnelleLa formule Freshwave contient des particules \u00e0 charge \u00e9lectrostatique qui attirent, capturent et suppriment les particules des mauvaises odeurs. Les produits neutralisant d\u2019odeurs Freshwave\u00ae ont recours aux vertus de la nature et \u00e0 la science mol\u00e9culaire pour supprimer les odeurs les plus fortes et d\u00e9sagr\u00e9ables. Au lieu de les masquer, les produits Freshwave\u00ae [&hellip;]","og_url":"https:\/\/humydry.com\/fr\/conseils-freshwave\/une-formule-professionnelle\/","og_site_name":"Humydry","article_modified_time":"2020-12-09T11:02:00+00:00","twitter_card":"summary_large_image","twitter_misc":{"Dur\u00e9e de lecture est.":"2 minutes"},"schema":{"@context":"https:\/\/schema.org","@graph":[{"@type":"WebSite","@id":"https:\/\/humydry.com\/#website","url":"https:\/\/humydry.com\/","name":"Humydry","description":"","potentialAction":[{"@type":"SearchAction","target":{"@type":"EntryPoint","urlTemplate":"https:\/\/humydry.com\/?s={search_term_string}"},"query-input":"required name=search_term_string"}],"inLanguage":"fr-FR"},{"@type":"WebPage","@id":"https:\/\/humydry.com\/fr\/conseils-freshwave\/une-formule-professionnelle\/#webpage","url":"https:\/\/humydry.com\/fr\/conseils-freshwave\/une-formule-professionnelle\/","name":"Une formule professionnelle - Humydry","isPartOf":{"@id":"https:\/\/humydry.com\/#website"},"datePublished":"2020-12-09T11:01:59+00:00","dateModified":"2020-12-09T11:02:00+00:00","breadcrumb":{"@id":"https:\/\/humydry.com\/fr\/conseils-freshwave\/une-formule-professionnelle\/#breadcrumb"},"inLanguage":"fr-FR","potentialAction":[{"@type":"ReadAction","target":["https:\/\/humydry.com\/fr\/conseils-freshwave\/une-formule-professionnelle\/"]}]},{"@type":"BreadcrumbList","@id":"https:\/\/humydry.com\/fr\/conseils-freshwave\/une-formule-professionnelle\/#breadcrumb","itemListElement":[{"@type":"ListItem","position":1,"name":"Portada","item":"https:\/\/humydry.com\/fr\/"},{"@type":"ListItem","position":2,"name":"CONSEILS FRESHWAVE","item":"https:\/\/humydry.com\/fr\/conseils-freshwave\/"},{"@type":"ListItem","position":3,"name":"Une formule professionnelle"}]}]}},"_links":{"self":[{"href":"https:\/\/humydry.com\/fr\/wp-json\/wp\/v2\/pages\/3010"}],"collection":[{"href":"https:\/\/humydry.com\/fr\/wp-json\/wp\/v2\/pages"}],"about":[{"href":"https:\/\/humydry.com\/fr\/wp-json\/wp\/v2\/types\/page"}],"author":[{"embeddable":true,"href":"https:\/\/humydry.com\/fr\/wp-json\/wp\/v2\/users\/1"}],"replies":[{"embeddable":true,"href":"https:\/\/humydry.com\/fr\/wp-json\/wp\/v2\/comments?post=3010"}],"version-history":[{"count":2,"href":"https:\/\/humydry.com\/fr\/wp-json\/wp\/v2\/pages\/3010\/revisions"}],"predecessor-version":[{"id":3012,"href":"https:\/\/humydry.com\/fr\/wp-json\/wp\/v2\/pages\/3010\/revisions\/3012"}],"up":[{"embeddable":true,"href":"https:\/\/humydry.com\/fr\/wp-json\/wp\/v2\/pages\/2956"}],"wp:attachment":[{"href":"https:\/\/humydry.com\/fr\/wp-json\/wp\/v2\/media?parent=3010"}],"curies":[{"name":"wp","href":"https:\/\/api.w.org\/{rel}","templated":true}]}}