{"id":3007,"date":"2020-12-09T12:01:14","date_gmt":"2020-12-09T11:01:14","guid":{"rendered":"https:\/\/humydry.com\/conseils-freshwave\/quest-ce-que-le-concept-freshwave-et-comment-fonctionne-t-il\/"},"modified":"2020-12-09T12:01:15","modified_gmt":"2020-12-09T11:01:15","slug":"quest-ce-que-le-concept-freshwave-et-comment-fonctionne-t-il","status":"publish","type":"page","link":"https:\/\/humydry.com\/fr\/conseils-freshwave\/quest-ce-que-le-concept-freshwave-et-comment-fonctionne-t-il\/","title":{"rendered":"Qu\u2019est-ce que le concept Freshwave et comment fonctionne-t-il ?"},"content":{"rendered":"<p>[et_pb_section fb_built=\u00a0\u00bb1&Prime; _builder_version=\u00a0\u00bb4.3.4&Prime; background_color=\u00a0\u00bb#fff59b\u00a0\u00bb custom_margin=\u00a0\u00bb30px|30px||30px|false|false\u00a0\u00bb custom_margin_tablet=\u00a0\u00bb\u00a0\u00bb custom_margin_phone=\u00a0\u00bb|0px||0px|false|false\u00a0\u00bb custom_margin_last_edited=\u00a0\u00bbon|phone\u00a0\u00bb][et_pb_row _builder_version=\u00a0\u00bb4.3.3&Prime; background_color=\u00a0\u00bb#ffffff\u00a0\u00bb custom_padding=\u00a0\u00bb|30px||30px|false|false\u00a0\u00bb][et_pb_column type=\u00a0\u00bb4_4&Prime; _builder_version=\u00a0\u00bb4.3.3&Prime;][et_pb_code _builder_version=\u00a0\u00bb4.3.3&Prime;]<iframe loading=\"lazy\" id=\"ytplayer\" type=\"text\/html\" width=\"640\" height=\"360\" src=\"https:\/\/www.youtube.com\/embed\/rOhIRUItXHA?autoplay=0&#038;mute=0&#038;controls=1&#038;showinfo=0&#038;modestbranding=1&#038;loop=0\" frameborder=\"0\"><!-- [et_pb_line_break_holder] --><\/iframe>[\/et_pb_code][\/et_pb_column][\/et_pb_row][et_pb_row column_structure=\u00a0\u00bb3_5,2_5&Prime; _builder_version=\u00a0\u00bb4.4.1&Prime; background_color=\u00a0\u00bb#ffffff\u00a0\u00bb custom_padding=\u00a0\u00bb|30px|50px|30px|false|false\u00a0\u00bb][et_pb_column type=\u00a0\u00bb3_5&Prime; _builder_version=\u00a0\u00bb4.3.3&Prime;][et_pb_text _builder_version=\u00a0\u00bb4.3.4&Prime; header_font=\u00a0\u00bb|800|||||||\u00a0\u00bb]<\/p>\n<h1><strong>Qu\u2019est-ce que le concept Freshwave et comment fonctionne-t-il ?<\/strong><\/h1>\n<p>[\/et_pb_text][et_pb_text _builder_version=\u00a0\u00bb4.3.4&Prime;]<\/p>\n<p>Freshwave Bye Bye odeurs est une gamme compl\u00e8te de neutralisants d\u2019odeurs \u00e0 usage domestique qui permettent d\u2019\u00e9liminer rapidement et efficacement les odeurs d\u00e9sagr\u00e9ables de l\u2019air ambiant, des v\u00eatements et des tissus de la maison (odeurs de cuisine, de tabac, d\u2019animaux domestiques, d\u2019\u00e9viers, d\u2019humidit\u00e9, etc.).<\/p>\n<p>Freshwave ne masque pas les odeurs. Il les \u00e9limine compl\u00e8tement. Ceci gr\u00e2ce \u00e0 une formule contenant de nombreux ingr\u00e9dients naturels comme des extraits de citron vert, d\u2019aiguille de pin, d\u2019anis, de clou de girofle et de c\u00e8dre. Freshwave n\u2019est donc pas un simple d\u00e9sodorisant : il d\u00e9gage un agr\u00e9able parfum tout en absorbant les mauvaises odeurs en quelques secondes.<\/p>\n<p>[\/et_pb_text][\/et_pb_column][et_pb_column type=\u00a0\u00bb2_5&Prime; _builder_version=\u00a0\u00bb4.3.3&Prime;][\/et_pb_column][\/et_pb_row][\/et_pb_section]<\/p>\n","protected":false},"excerpt":{"rendered":"<p>Qu\u2019est-ce que le concept Freshwave et comment fonctionne-t-il ?Freshwave Bye Bye odeurs est une gamme compl\u00e8te de neutralisants d\u2019odeurs \u00e0 usage domestique qui permettent d\u2019\u00e9liminer rapidement et efficacement les odeurs d\u00e9sagr\u00e9ables de l\u2019air ambiant, des v\u00eatements et des tissus de la maison (odeurs de cuisine, de tabac, d\u2019animaux domestiques, d\u2019\u00e9viers, d\u2019humidit\u00e9, etc.). Freshwave ne masque [&hellip;]<\/p>\n","protected":false},"author":1,"featured_media":0,"parent":2956,"menu_order":4,"comment_status":"closed","ping_status":"closed","template":"","meta":{"_et_pb_use_builder":"on","_et_pb_old_content":"","_et_gb_content_width":""},"acf":[],"yoast_head":"<!-- This site is optimized with the Yoast SEO plugin v17.5 - https:\/\/yoast.com\/wordpress\/plugins\/seo\/ -->\n<title>Qu\u2019est-ce que le concept Freshwave et comment fonctionne-t-il ? - Humydry<\/title>\n<meta name=\"robots\" content=\"index, follow, max-snippet:-1, max-image-preview:large, max-video-preview:-1\" \/>\n<link rel=\"canonical\" href=\"https:\/\/humydry.com\/fr\/conseils-freshwave\/quest-ce-que-le-concept-freshwave-et-comment-fonctionne-t-il\/\" \/>\n<meta property=\"og:locale\" content=\"fr_FR\" \/>\n<meta property=\"og:type\" content=\"article\" \/>\n<meta property=\"og:title\" content=\"Qu\u2019est-ce que le concept Freshwave et comment fonctionne-t-il ? - Humydry\" \/>\n<meta property=\"og:description\" content=\"Qu\u2019est-ce que le concept Freshwave et comment fonctionne-t-il ?Freshwave Bye Bye odeurs est une gamme compl\u00e8te de neutralisants d\u2019odeurs \u00e0 usage domestique qui permettent d\u2019\u00e9liminer rapidement et efficacement les odeurs d\u00e9sagr\u00e9ables de l\u2019air ambiant, des v\u00eatements et des tissus de la maison (odeurs de cuisine, de tabac, d\u2019animaux domestiques, d\u2019\u00e9viers, d\u2019humidit\u00e9, etc.). Freshwave ne masque [&hellip;]\" \/>\n<meta property=\"og:url\" content=\"https:\/\/humydry.com\/fr\/conseils-freshwave\/quest-ce-que-le-concept-freshwave-et-comment-fonctionne-t-il\/\" \/>\n<meta property=\"og:site_name\" content=\"Humydry\" \/>\n<meta property=\"article:modified_time\" content=\"2020-12-09T11:01:15+00:00\" \/>\n<meta name=\"twitter:card\" content=\"summary_large_image\" \/>\n<meta name=\"twitter:label1\" content=\"Dur\u00e9e de lecture est.\" \/>\n\t<meta name=\"twitter:data1\" content=\"1 minute\" \/>\n<script type=\"application\/ld+json\" class=\"yoast-schema-graph\">{\"@context\":\"https:\/\/schema.org\",\"@graph\":[{\"@type\":\"WebSite\",\"@id\":\"https:\/\/humydry.com\/#website\",\"url\":\"https:\/\/humydry.com\/\",\"name\":\"Humydry\",\"description\":\"\",\"potentialAction\":[{\"@type\":\"SearchAction\",\"target\":{\"@type\":\"EntryPoint\",\"urlTemplate\":\"https:\/\/humydry.com\/?s={search_term_string}\"},\"query-input\":\"required name=search_term_string\"}],\"inLanguage\":\"fr-FR\"},{\"@type\":\"WebPage\",\"@id\":\"https:\/\/humydry.com\/fr\/conseils-freshwave\/quest-ce-que-le-concept-freshwave-et-comment-fonctionne-t-il\/#webpage\",\"url\":\"https:\/\/humydry.com\/fr\/conseils-freshwave\/quest-ce-que-le-concept-freshwave-et-comment-fonctionne-t-il\/\",\"name\":\"Qu\\u2019est-ce que le concept Freshwave et comment fonctionne-t-il ? - Humydry\",\"isPartOf\":{\"@id\":\"https:\/\/humydry.com\/#website\"},\"datePublished\":\"2020-12-09T11:01:14+00:00\",\"dateModified\":\"2020-12-09T11:01:15+00:00\",\"breadcrumb\":{\"@id\":\"https:\/\/humydry.com\/fr\/conseils-freshwave\/quest-ce-que-le-concept-freshwave-et-comment-fonctionne-t-il\/#breadcrumb\"},\"inLanguage\":\"fr-FR\",\"potentialAction\":[{\"@type\":\"ReadAction\",\"target\":[\"https:\/\/humydry.com\/fr\/conseils-freshwave\/quest-ce-que-le-concept-freshwave-et-comment-fonctionne-t-il\/\"]}]},{\"@type\":\"BreadcrumbList\",\"@id\":\"https:\/\/humydry.com\/fr\/conseils-freshwave\/quest-ce-que-le-concept-freshwave-et-comment-fonctionne-t-il\/#breadcrumb\",\"itemListElement\":[{\"@type\":\"ListItem\",\"position\":1,\"name\":\"Portada\",\"item\":\"https:\/\/humydry.com\/fr\/\"},{\"@type\":\"ListItem\",\"position\":2,\"name\":\"CONSEILS FRESHWAVE\",\"item\":\"https:\/\/humydry.com\/fr\/conseils-freshwave\/\"},{\"@type\":\"ListItem\",\"position\":3,\"name\":\"Qu\\u2019est-ce que le concept Freshwave et comment fonctionne-t-il ?\"}]}]}<\/script>\n<!-- \/ Yoast SEO plugin. -->","yoast_head_json":{"title":"Qu\u2019est-ce que le concept Freshwave et comment fonctionne-t-il ? - Humydry","robots":{"index":"index","follow":"follow","max-snippet":"max-snippet:-1","max-image-preview":"max-image-preview:large","max-video-preview":"max-video-preview:-1"},"canonical":"https:\/\/humydry.com\/fr\/conseils-freshwave\/quest-ce-que-le-concept-freshwave-et-comment-fonctionne-t-il\/","og_locale":"fr_FR","og_type":"article","og_title":"Qu\u2019est-ce que le concept Freshwave et comment fonctionne-t-il ? - Humydry","og_description":"Qu\u2019est-ce que le concept Freshwave et comment fonctionne-t-il ?Freshwave Bye Bye odeurs est une gamme compl\u00e8te de neutralisants d\u2019odeurs \u00e0 usage domestique qui permettent d\u2019\u00e9liminer rapidement et efficacement les odeurs d\u00e9sagr\u00e9ables de l\u2019air ambiant, des v\u00eatements et des tissus de la maison (odeurs de cuisine, de tabac, d\u2019animaux domestiques, d\u2019\u00e9viers, d\u2019humidit\u00e9, etc.). Freshwave ne masque [&hellip;]","og_url":"https:\/\/humydry.com\/fr\/conseils-freshwave\/quest-ce-que-le-concept-freshwave-et-comment-fonctionne-t-il\/","og_site_name":"Humydry","article_modified_time":"2020-12-09T11:01:15+00:00","twitter_card":"summary_large_image","twitter_misc":{"Dur\u00e9e de lecture est.":"1 minute"},"schema":{"@context":"https:\/\/schema.org","@graph":[{"@type":"WebSite","@id":"https:\/\/humydry.com\/#website","url":"https:\/\/humydry.com\/","name":"Humydry","description":"","potentialAction":[{"@type":"SearchAction","target":{"@type":"EntryPoint","urlTemplate":"https:\/\/humydry.com\/?s={search_term_string}"},"query-input":"required name=search_term_string"}],"inLanguage":"fr-FR"},{"@type":"WebPage","@id":"https:\/\/humydry.com\/fr\/conseils-freshwave\/quest-ce-que-le-concept-freshwave-et-comment-fonctionne-t-il\/#webpage","url":"https:\/\/humydry.com\/fr\/conseils-freshwave\/quest-ce-que-le-concept-freshwave-et-comment-fonctionne-t-il\/","name":"Qu\u2019est-ce que le concept Freshwave et comment fonctionne-t-il ? - Humydry","isPartOf":{"@id":"https:\/\/humydry.com\/#website"},"datePublished":"2020-12-09T11:01:14+00:00","dateModified":"2020-12-09T11:01:15+00:00","breadcrumb":{"@id":"https:\/\/humydry.com\/fr\/conseils-freshwave\/quest-ce-que-le-concept-freshwave-et-comment-fonctionne-t-il\/#breadcrumb"},"inLanguage":"fr-FR","potentialAction":[{"@type":"ReadAction","target":["https:\/\/humydry.com\/fr\/conseils-freshwave\/quest-ce-que-le-concept-freshwave-et-comment-fonctionne-t-il\/"]}]},{"@type":"BreadcrumbList","@id":"https:\/\/humydry.com\/fr\/conseils-freshwave\/quest-ce-que-le-concept-freshwave-et-comment-fonctionne-t-il\/#breadcrumb","itemListElement":[{"@type":"ListItem","position":1,"name":"Portada","item":"https:\/\/humydry.com\/fr\/"},{"@type":"ListItem","position":2,"name":"CONSEILS FRESHWAVE","item":"https:\/\/humydry.com\/fr\/conseils-freshwave\/"},{"@type":"ListItem","position":3,"name":"Qu\u2019est-ce que le concept Freshwave et comment fonctionne-t-il ?"}]}]}},"_links":{"self":[{"href":"https:\/\/humydry.com\/fr\/wp-json\/wp\/v2\/pages\/3007"}],"collection":[{"href":"https:\/\/humydry.com\/fr\/wp-json\/wp\/v2\/pages"}],"about":[{"href":"https:\/\/humydry.com\/fr\/wp-json\/wp\/v2\/types\/page"}],"author":[{"embeddable":true,"href":"https:\/\/humydry.com\/fr\/wp-json\/wp\/v2\/users\/1"}],"replies":[{"embeddable":true,"href":"https:\/\/humydry.com\/fr\/wp-json\/wp\/v2\/comments?post=3007"}],"version-history":[{"count":2,"href":"https:\/\/humydry.com\/fr\/wp-json\/wp\/v2\/pages\/3007\/revisions"}],"predecessor-version":[{"id":3009,"href":"https:\/\/humydry.com\/fr\/wp-json\/wp\/v2\/pages\/3007\/revisions\/3009"}],"up":[{"embeddable":true,"href":"https:\/\/humydry.com\/fr\/wp-json\/wp\/v2\/pages\/2956"}],"wp:attachment":[{"href":"https:\/\/humydry.com\/fr\/wp-json\/wp\/v2\/media?parent=3007"}],"curies":[{"name":"wp","href":"https:\/\/api.w.org\/{rel}","templated":true}]}}