{"id":3002,"date":"2020-12-09T11:58:42","date_gmt":"2020-12-09T10:58:42","guid":{"rendered":"https:\/\/humydry.com\/conseils-humydry\/precautions-dutilisation\/"},"modified":"2020-12-09T11:58:43","modified_gmt":"2020-12-09T10:58:43","slug":"precautions-dutilisation","status":"publish","type":"page","link":"https:\/\/humydry.com\/fr\/conseils-humydry\/precautions-dutilisation\/","title":{"rendered":"Pr\u00e9cautions d\u2019utilisation"},"content":{"rendered":"<p>[et_pb_section fb_built=\u00a0\u00bb1&Prime; _builder_version=\u00a0\u00bb4.3.4&Prime; background_color=\u00a0\u00bb#c9e9f8&Prime; custom_margin=\u00a0\u00bb30px|30px||30px|false|false\u00a0\u00bb custom_margin_tablet=\u00a0\u00bb\u00a0\u00bb custom_margin_phone=\u00a0\u00bb|0px||0px|false|false\u00a0\u00bb custom_margin_last_edited=\u00a0\u00bbon|desktop\u00a0\u00bb][et_pb_row _builder_version=\u00a0\u00bb4.3.3&Prime; background_color=\u00a0\u00bb#ffffff\u00a0\u00bb custom_padding=\u00a0\u00bb|30px||30px|false|false\u00a0\u00bb][et_pb_column type=\u00a0\u00bb4_4&Prime; _builder_version=\u00a0\u00bb4.3.3&Prime;][et_pb_image src=\u00a0\u00bbhttps:\/\/humydry.com\/wp-content\/uploads\/2020\/03\/precauciones-de-uso.jpg\u00a0\u00bb _builder_version=\u00a0\u00bb4.3.4&Prime;][\/et_pb_image][\/et_pb_column][\/et_pb_row][et_pb_row column_structure=\u00a0\u00bb3_5,2_5&Prime; _builder_version=\u00a0\u00bb4.4.1&Prime; background_color=\u00a0\u00bb#ffffff\u00a0\u00bb custom_padding=\u00a0\u00bb|30px|50px|30px|false|false\u00a0\u00bb][et_pb_column type=\u00a0\u00bb3_5&Prime; _builder_version=\u00a0\u00bb4.3.3&Prime;][et_pb_text _builder_version=\u00a0\u00bb4.3.4&Prime; header_font=\u00a0\u00bb|800|||||||\u00a0\u00bb]<\/p>\n<h1><strong>Pr\u00e9cautions d\u2019utilisation<\/strong><\/h1>\n<p>[\/et_pb_text][et_pb_text _builder_version=\u00a0\u00bb4.3.4&Prime;]<\/p>\n<p>Les granul\u00e9s absorbants des produits HUMYDRY Anti-humidit\u00e9 sont en chlorure de calcium, un compos\u00e9 chimique utilis\u00e9 par l\u2019industrie pharmaceutique et agroalimentaire.<\/p>\n<p>Ce n\u2019est pas un produit toxique mais il est irritant. C\u2019est la raison pour laquelle nous recommandons d\u2019\u00e9viter le contact avec les yeux, la peau ou les v\u00eatements. Tenir hors de la port\u00e9e des enfants.<\/p>\n<p>Il est important de respecter les instructions et recommandations d\u2019utilisation de chaque produit, comme pour tout autre produit chimique. Lire l\u2019\u00e9tiquette avant usage.<\/p>\n<p>[\/et_pb_text][\/et_pb_column][et_pb_column type=\u00a0\u00bb2_5&Prime; _builder_version=\u00a0\u00bb4.3.3&Prime;][\/et_pb_column][\/et_pb_row][\/et_pb_section]<\/p>\n","protected":false},"excerpt":{"rendered":"<p>Pr\u00e9cautions d\u2019utilisationLes granul\u00e9s absorbants des produits HUMYDRY Anti-humidit\u00e9 sont en chlorure de calcium, un compos\u00e9 chimique utilis\u00e9 par l\u2019industrie pharmaceutique et agroalimentaire. Ce n\u2019est pas un produit toxique mais il est irritant. C\u2019est la raison pour laquelle nous recommandons d\u2019\u00e9viter le contact avec les yeux, la peau ou les v\u00eatements. Tenir hors de la port\u00e9e [&hellip;]<\/p>\n","protected":false},"author":1,"featured_media":0,"parent":2953,"menu_order":39,"comment_status":"closed","ping_status":"closed","template":"","meta":{"_et_pb_use_builder":"on","_et_pb_old_content":"","_et_gb_content_width":""},"acf":[],"yoast_head":"<!-- This site is optimized with the Yoast SEO plugin v17.5 - https:\/\/yoast.com\/wordpress\/plugins\/seo\/ -->\n<title>Pr\u00e9cautions d\u2019utilisation - Humydry<\/title>\n<meta name=\"robots\" content=\"index, follow, max-snippet:-1, max-image-preview:large, max-video-preview:-1\" \/>\n<link rel=\"canonical\" href=\"https:\/\/humydry.com\/fr\/conseils-humydry\/precautions-dutilisation\/\" \/>\n<meta property=\"og:locale\" content=\"fr_FR\" \/>\n<meta property=\"og:type\" content=\"article\" \/>\n<meta property=\"og:title\" content=\"Pr\u00e9cautions d\u2019utilisation - Humydry\" \/>\n<meta property=\"og:description\" content=\"Pr\u00e9cautions d\u2019utilisationLes granul\u00e9s absorbants des produits HUMYDRY Anti-humidit\u00e9 sont en chlorure de calcium, un compos\u00e9 chimique utilis\u00e9 par l\u2019industrie pharmaceutique et agroalimentaire. Ce n\u2019est pas un produit toxique mais il est irritant. C\u2019est la raison pour laquelle nous recommandons d\u2019\u00e9viter le contact avec les yeux, la peau ou les v\u00eatements. Tenir hors de la port\u00e9e [&hellip;]\" \/>\n<meta property=\"og:url\" content=\"https:\/\/humydry.com\/fr\/conseils-humydry\/precautions-dutilisation\/\" \/>\n<meta property=\"og:site_name\" content=\"Humydry\" \/>\n<meta property=\"article:modified_time\" content=\"2020-12-09T10:58:43+00:00\" \/>\n<meta name=\"twitter:card\" content=\"summary_large_image\" \/>\n<meta name=\"twitter:label1\" content=\"Dur\u00e9e de lecture est.\" \/>\n\t<meta name=\"twitter:data1\" content=\"1 minute\" \/>\n<script type=\"application\/ld+json\" class=\"yoast-schema-graph\">{\"@context\":\"https:\/\/schema.org\",\"@graph\":[{\"@type\":\"WebSite\",\"@id\":\"https:\/\/humydry.com\/#website\",\"url\":\"https:\/\/humydry.com\/\",\"name\":\"Humydry\",\"description\":\"\",\"potentialAction\":[{\"@type\":\"SearchAction\",\"target\":{\"@type\":\"EntryPoint\",\"urlTemplate\":\"https:\/\/humydry.com\/?s={search_term_string}\"},\"query-input\":\"required name=search_term_string\"}],\"inLanguage\":\"fr-FR\"},{\"@type\":\"WebPage\",\"@id\":\"https:\/\/humydry.com\/fr\/conseils-humydry\/precautions-dutilisation\/#webpage\",\"url\":\"https:\/\/humydry.com\/fr\/conseils-humydry\/precautions-dutilisation\/\",\"name\":\"Pr\\u00e9cautions d\\u2019utilisation - Humydry\",\"isPartOf\":{\"@id\":\"https:\/\/humydry.com\/#website\"},\"datePublished\":\"2020-12-09T10:58:42+00:00\",\"dateModified\":\"2020-12-09T10:58:43+00:00\",\"breadcrumb\":{\"@id\":\"https:\/\/humydry.com\/fr\/conseils-humydry\/precautions-dutilisation\/#breadcrumb\"},\"inLanguage\":\"fr-FR\",\"potentialAction\":[{\"@type\":\"ReadAction\",\"target\":[\"https:\/\/humydry.com\/fr\/conseils-humydry\/precautions-dutilisation\/\"]}]},{\"@type\":\"BreadcrumbList\",\"@id\":\"https:\/\/humydry.com\/fr\/conseils-humydry\/precautions-dutilisation\/#breadcrumb\",\"itemListElement\":[{\"@type\":\"ListItem\",\"position\":1,\"name\":\"Portada\",\"item\":\"https:\/\/humydry.com\/fr\/\"},{\"@type\":\"ListItem\",\"position\":2,\"name\":\"CONSEILS HUMYDRY\",\"item\":\"https:\/\/humydry.com\/fr\/conseils-humydry\/\"},{\"@type\":\"ListItem\",\"position\":3,\"name\":\"Pr\\u00e9cautions d\\u2019utilisation\"}]}]}<\/script>\n<!-- \/ Yoast SEO plugin. -->","yoast_head_json":{"title":"Pr\u00e9cautions d\u2019utilisation - Humydry","robots":{"index":"index","follow":"follow","max-snippet":"max-snippet:-1","max-image-preview":"max-image-preview:large","max-video-preview":"max-video-preview:-1"},"canonical":"https:\/\/humydry.com\/fr\/conseils-humydry\/precautions-dutilisation\/","og_locale":"fr_FR","og_type":"article","og_title":"Pr\u00e9cautions d\u2019utilisation - Humydry","og_description":"Pr\u00e9cautions d\u2019utilisationLes granul\u00e9s absorbants des produits HUMYDRY Anti-humidit\u00e9 sont en chlorure de calcium, un compos\u00e9 chimique utilis\u00e9 par l\u2019industrie pharmaceutique et agroalimentaire. Ce n\u2019est pas un produit toxique mais il est irritant. C\u2019est la raison pour laquelle nous recommandons d\u2019\u00e9viter le contact avec les yeux, la peau ou les v\u00eatements. Tenir hors de la port\u00e9e [&hellip;]","og_url":"https:\/\/humydry.com\/fr\/conseils-humydry\/precautions-dutilisation\/","og_site_name":"Humydry","article_modified_time":"2020-12-09T10:58:43+00:00","twitter_card":"summary_large_image","twitter_misc":{"Dur\u00e9e de lecture est.":"1 minute"},"schema":{"@context":"https:\/\/schema.org","@graph":[{"@type":"WebSite","@id":"https:\/\/humydry.com\/#website","url":"https:\/\/humydry.com\/","name":"Humydry","description":"","potentialAction":[{"@type":"SearchAction","target":{"@type":"EntryPoint","urlTemplate":"https:\/\/humydry.com\/?s={search_term_string}"},"query-input":"required name=search_term_string"}],"inLanguage":"fr-FR"},{"@type":"WebPage","@id":"https:\/\/humydry.com\/fr\/conseils-humydry\/precautions-dutilisation\/#webpage","url":"https:\/\/humydry.com\/fr\/conseils-humydry\/precautions-dutilisation\/","name":"Pr\u00e9cautions d\u2019utilisation - Humydry","isPartOf":{"@id":"https:\/\/humydry.com\/#website"},"datePublished":"2020-12-09T10:58:42+00:00","dateModified":"2020-12-09T10:58:43+00:00","breadcrumb":{"@id":"https:\/\/humydry.com\/fr\/conseils-humydry\/precautions-dutilisation\/#breadcrumb"},"inLanguage":"fr-FR","potentialAction":[{"@type":"ReadAction","target":["https:\/\/humydry.com\/fr\/conseils-humydry\/precautions-dutilisation\/"]}]},{"@type":"BreadcrumbList","@id":"https:\/\/humydry.com\/fr\/conseils-humydry\/precautions-dutilisation\/#breadcrumb","itemListElement":[{"@type":"ListItem","position":1,"name":"Portada","item":"https:\/\/humydry.com\/fr\/"},{"@type":"ListItem","position":2,"name":"CONSEILS HUMYDRY","item":"https:\/\/humydry.com\/fr\/conseils-humydry\/"},{"@type":"ListItem","position":3,"name":"Pr\u00e9cautions d\u2019utilisation"}]}]}},"_links":{"self":[{"href":"https:\/\/humydry.com\/fr\/wp-json\/wp\/v2\/pages\/3002"}],"collection":[{"href":"https:\/\/humydry.com\/fr\/wp-json\/wp\/v2\/pages"}],"about":[{"href":"https:\/\/humydry.com\/fr\/wp-json\/wp\/v2\/types\/page"}],"author":[{"embeddable":true,"href":"https:\/\/humydry.com\/fr\/wp-json\/wp\/v2\/users\/1"}],"replies":[{"embeddable":true,"href":"https:\/\/humydry.com\/fr\/wp-json\/wp\/v2\/comments?post=3002"}],"version-history":[{"count":2,"href":"https:\/\/humydry.com\/fr\/wp-json\/wp\/v2\/pages\/3002\/revisions"}],"predecessor-version":[{"id":3004,"href":"https:\/\/humydry.com\/fr\/wp-json\/wp\/v2\/pages\/3002\/revisions\/3004"}],"up":[{"embeddable":true,"href":"https:\/\/humydry.com\/fr\/wp-json\/wp\/v2\/pages\/2953"}],"wp:attachment":[{"href":"https:\/\/humydry.com\/fr\/wp-json\/wp\/v2\/media?parent=3002"}],"curies":[{"name":"wp","href":"https:\/\/api.w.org\/{rel}","templated":true}]}}