{"id":2994,"date":"2020-12-09T11:56:26","date_gmt":"2020-12-09T10:56:26","guid":{"rendered":"https:\/\/humydry.com\/conseils-humydry\/les-avantages-des-produits-humydry-par-rapport-aux-appareils-electriques\/"},"modified":"2020-12-09T11:56:27","modified_gmt":"2020-12-09T10:56:27","slug":"les-avantages-des-produits-humydry-par-rapport-aux-appareils-electriques","status":"publish","type":"page","link":"https:\/\/humydry.com\/fr\/conseils-humydry\/les-avantages-des-produits-humydry-par-rapport-aux-appareils-electriques\/","title":{"rendered":"Les avantages des produits Humydry par rapport aux appareils \u00e9lectriques"},"content":{"rendered":"<p>[et_pb_section fb_built=\u00a0\u00bb1&Prime; _builder_version=\u00a0\u00bb4.3.4&Prime; background_color=\u00a0\u00bb#c9e9f8&Prime; custom_margin=\u00a0\u00bb30px|30px||30px|false|false\u00a0\u00bb custom_margin_tablet=\u00a0\u00bb\u00a0\u00bb custom_margin_phone=\u00a0\u00bb|0px||0px|false|false\u00a0\u00bb custom_margin_last_edited=\u00a0\u00bbon|desktop\u00a0\u00bb][et_pb_row _builder_version=\u00a0\u00bb4.3.3&Prime; background_color=\u00a0\u00bb#ffffff\u00a0\u00bb custom_padding=\u00a0\u00bb|30px||30px|false|false\u00a0\u00bb][et_pb_column type=\u00a0\u00bb4_4&Prime; _builder_version=\u00a0\u00bb4.3.3&Prime;][et_pb_image src=\u00a0\u00bbhttps:\/\/humydry.com\/wp-content\/uploads\/2020\/03\/productos-humydry-vs-aparatos-electricos.jpg\u00a0\u00bb _builder_version=\u00a0\u00bb4.3.4&Prime;][\/et_pb_image][\/et_pb_column][\/et_pb_row][et_pb_row column_structure=\u00a0\u00bb3_5,2_5&Prime; _builder_version=\u00a0\u00bb4.4.1&Prime; background_color=\u00a0\u00bb#ffffff\u00a0\u00bb custom_padding=\u00a0\u00bb|30px|50px|30px|false|false\u00a0\u00bb][et_pb_column type=\u00a0\u00bb3_5&Prime; _builder_version=\u00a0\u00bb4.3.3&Prime;][et_pb_text _builder_version=\u00a0\u00bb4.3.4&Prime; header_font=\u00a0\u00bb|800|||||||\u00a0\u00bb]<\/p>\n<h1><strong>Les avantages des produits Humydry par rapport aux appareils \u00e9lectriques<\/strong><\/h1>\n<p>[\/et_pb_text][et_pb_text _builder_version=\u00a0\u00bb4.3.4&Prime;]<\/p>\n<p>Les produits HUMYDRY fonctionnent sans \u00e9lectricit\u00e9. Ils peuvent donc \u00eatre plac\u00e9s l\u00e0 o\u00f9 vous voulez, dans autant de pi\u00e8ces que n\u00e9cessaire. De plus, ils s\u2019av\u00e8rent plus \u00e9conomiques.<\/p>\n<ul>\n<li>Ils sont totalement silencieux.<\/li>\n<li>Ils ne consomment pas d\u2019\u00e9nergie.<\/li>\n<li>Ils peuvent \u00eatre plac\u00e9s dans autant de pi\u00e8ces que n\u00e9cessaire.<\/li>\n<li>Ils fonctionnent 24 heures sur 24, 365 jours par an, et r\u00e9gulent le taux d\u2019humidit\u00e9 lorsque n\u00e9cessaire.<\/li>\n<li>Ils n\u2019ass\u00e8chent pas l\u2019air ambiant.<\/li>\n<li>Ils ne requi\u00e8rent aucun entretien.<\/li>\n<li>Ils sont plus \u00e9conomiques.<\/li>\n<\/ul>\n<p>[\/et_pb_text][\/et_pb_column][et_pb_column type=\u00a0\u00bb2_5&Prime; _builder_version=\u00a0\u00bb4.3.3&Prime;][\/et_pb_column][\/et_pb_row][\/et_pb_section]<\/p>\n","protected":false},"excerpt":{"rendered":"<p>Les avantages des produits Humydry par rapport aux appareils \u00e9lectriquesLes produits HUMYDRY fonctionnent sans \u00e9lectricit\u00e9. Ils peuvent donc \u00eatre plac\u00e9s l\u00e0 o\u00f9 vous voulez, dans autant de pi\u00e8ces que n\u00e9cessaire. De plus, ils s\u2019av\u00e8rent plus \u00e9conomiques. Ils sont totalement silencieux. Ils ne consomment pas d\u2019\u00e9nergie. Ils peuvent \u00eatre plac\u00e9s dans autant de pi\u00e8ces que n\u00e9cessaire. [&hellip;]<\/p>\n","protected":false},"author":1,"featured_media":0,"parent":2953,"menu_order":35,"comment_status":"closed","ping_status":"closed","template":"","meta":{"_et_pb_use_builder":"on","_et_pb_old_content":"","_et_gb_content_width":""},"acf":[],"yoast_head":"<!-- This site is optimized with the Yoast SEO plugin v17.5 - https:\/\/yoast.com\/wordpress\/plugins\/seo\/ -->\n<title>Les avantages des produits Humydry par rapport aux appareils \u00e9lectriques - Humydry<\/title>\n<meta name=\"robots\" content=\"index, follow, max-snippet:-1, max-image-preview:large, max-video-preview:-1\" \/>\n<link rel=\"canonical\" href=\"https:\/\/humydry.com\/fr\/conseils-humydry\/les-avantages-des-produits-humydry-par-rapport-aux-appareils-electriques\/\" \/>\n<meta property=\"og:locale\" content=\"fr_FR\" \/>\n<meta property=\"og:type\" content=\"article\" \/>\n<meta property=\"og:title\" content=\"Les avantages des produits Humydry par rapport aux appareils \u00e9lectriques - Humydry\" \/>\n<meta property=\"og:description\" content=\"Les avantages des produits Humydry par rapport aux appareils \u00e9lectriquesLes produits HUMYDRY fonctionnent sans \u00e9lectricit\u00e9. Ils peuvent donc \u00eatre plac\u00e9s l\u00e0 o\u00f9 vous voulez, dans autant de pi\u00e8ces que n\u00e9cessaire. De plus, ils s\u2019av\u00e8rent plus \u00e9conomiques. Ils sont totalement silencieux. Ils ne consomment pas d\u2019\u00e9nergie. Ils peuvent \u00eatre plac\u00e9s dans autant de pi\u00e8ces que n\u00e9cessaire. [&hellip;]\" \/>\n<meta property=\"og:url\" content=\"https:\/\/humydry.com\/fr\/conseils-humydry\/les-avantages-des-produits-humydry-par-rapport-aux-appareils-electriques\/\" \/>\n<meta property=\"og:site_name\" content=\"Humydry\" \/>\n<meta property=\"article:modified_time\" content=\"2020-12-09T10:56:27+00:00\" \/>\n<meta name=\"twitter:card\" content=\"summary_large_image\" \/>\n<meta name=\"twitter:label1\" content=\"Dur\u00e9e de lecture est.\" \/>\n\t<meta name=\"twitter:data1\" content=\"1 minute\" \/>\n<script type=\"application\/ld+json\" class=\"yoast-schema-graph\">{\"@context\":\"https:\/\/schema.org\",\"@graph\":[{\"@type\":\"WebSite\",\"@id\":\"https:\/\/humydry.com\/#website\",\"url\":\"https:\/\/humydry.com\/\",\"name\":\"Humydry\",\"description\":\"\",\"potentialAction\":[{\"@type\":\"SearchAction\",\"target\":{\"@type\":\"EntryPoint\",\"urlTemplate\":\"https:\/\/humydry.com\/?s={search_term_string}\"},\"query-input\":\"required name=search_term_string\"}],\"inLanguage\":\"fr-FR\"},{\"@type\":\"WebPage\",\"@id\":\"https:\/\/humydry.com\/fr\/conseils-humydry\/les-avantages-des-produits-humydry-par-rapport-aux-appareils-electriques\/#webpage\",\"url\":\"https:\/\/humydry.com\/fr\/conseils-humydry\/les-avantages-des-produits-humydry-par-rapport-aux-appareils-electriques\/\",\"name\":\"Les avantages des produits Humydry par rapport aux appareils \\u00e9lectriques - Humydry\",\"isPartOf\":{\"@id\":\"https:\/\/humydry.com\/#website\"},\"datePublished\":\"2020-12-09T10:56:26+00:00\",\"dateModified\":\"2020-12-09T10:56:27+00:00\",\"breadcrumb\":{\"@id\":\"https:\/\/humydry.com\/fr\/conseils-humydry\/les-avantages-des-produits-humydry-par-rapport-aux-appareils-electriques\/#breadcrumb\"},\"inLanguage\":\"fr-FR\",\"potentialAction\":[{\"@type\":\"ReadAction\",\"target\":[\"https:\/\/humydry.com\/fr\/conseils-humydry\/les-avantages-des-produits-humydry-par-rapport-aux-appareils-electriques\/\"]}]},{\"@type\":\"BreadcrumbList\",\"@id\":\"https:\/\/humydry.com\/fr\/conseils-humydry\/les-avantages-des-produits-humydry-par-rapport-aux-appareils-electriques\/#breadcrumb\",\"itemListElement\":[{\"@type\":\"ListItem\",\"position\":1,\"name\":\"Portada\",\"item\":\"https:\/\/humydry.com\/fr\/\"},{\"@type\":\"ListItem\",\"position\":2,\"name\":\"CONSEILS HUMYDRY\",\"item\":\"https:\/\/humydry.com\/fr\/conseils-humydry\/\"},{\"@type\":\"ListItem\",\"position\":3,\"name\":\"Les avantages des produits Humydry par rapport aux appareils \\u00e9lectriques\"}]}]}<\/script>\n<!-- \/ Yoast SEO plugin. -->","yoast_head_json":{"title":"Les avantages des produits Humydry par rapport aux appareils \u00e9lectriques - Humydry","robots":{"index":"index","follow":"follow","max-snippet":"max-snippet:-1","max-image-preview":"max-image-preview:large","max-video-preview":"max-video-preview:-1"},"canonical":"https:\/\/humydry.com\/fr\/conseils-humydry\/les-avantages-des-produits-humydry-par-rapport-aux-appareils-electriques\/","og_locale":"fr_FR","og_type":"article","og_title":"Les avantages des produits Humydry par rapport aux appareils \u00e9lectriques - Humydry","og_description":"Les avantages des produits Humydry par rapport aux appareils \u00e9lectriquesLes produits HUMYDRY fonctionnent sans \u00e9lectricit\u00e9. Ils peuvent donc \u00eatre plac\u00e9s l\u00e0 o\u00f9 vous voulez, dans autant de pi\u00e8ces que n\u00e9cessaire. De plus, ils s\u2019av\u00e8rent plus \u00e9conomiques. Ils sont totalement silencieux. Ils ne consomment pas d\u2019\u00e9nergie. Ils peuvent \u00eatre plac\u00e9s dans autant de pi\u00e8ces que n\u00e9cessaire. [&hellip;]","og_url":"https:\/\/humydry.com\/fr\/conseils-humydry\/les-avantages-des-produits-humydry-par-rapport-aux-appareils-electriques\/","og_site_name":"Humydry","article_modified_time":"2020-12-09T10:56:27+00:00","twitter_card":"summary_large_image","twitter_misc":{"Dur\u00e9e de lecture est.":"1 minute"},"schema":{"@context":"https:\/\/schema.org","@graph":[{"@type":"WebSite","@id":"https:\/\/humydry.com\/#website","url":"https:\/\/humydry.com\/","name":"Humydry","description":"","potentialAction":[{"@type":"SearchAction","target":{"@type":"EntryPoint","urlTemplate":"https:\/\/humydry.com\/?s={search_term_string}"},"query-input":"required name=search_term_string"}],"inLanguage":"fr-FR"},{"@type":"WebPage","@id":"https:\/\/humydry.com\/fr\/conseils-humydry\/les-avantages-des-produits-humydry-par-rapport-aux-appareils-electriques\/#webpage","url":"https:\/\/humydry.com\/fr\/conseils-humydry\/les-avantages-des-produits-humydry-par-rapport-aux-appareils-electriques\/","name":"Les avantages des produits Humydry par rapport aux appareils \u00e9lectriques - Humydry","isPartOf":{"@id":"https:\/\/humydry.com\/#website"},"datePublished":"2020-12-09T10:56:26+00:00","dateModified":"2020-12-09T10:56:27+00:00","breadcrumb":{"@id":"https:\/\/humydry.com\/fr\/conseils-humydry\/les-avantages-des-produits-humydry-par-rapport-aux-appareils-electriques\/#breadcrumb"},"inLanguage":"fr-FR","potentialAction":[{"@type":"ReadAction","target":["https:\/\/humydry.com\/fr\/conseils-humydry\/les-avantages-des-produits-humydry-par-rapport-aux-appareils-electriques\/"]}]},{"@type":"BreadcrumbList","@id":"https:\/\/humydry.com\/fr\/conseils-humydry\/les-avantages-des-produits-humydry-par-rapport-aux-appareils-electriques\/#breadcrumb","itemListElement":[{"@type":"ListItem","position":1,"name":"Portada","item":"https:\/\/humydry.com\/fr\/"},{"@type":"ListItem","position":2,"name":"CONSEILS HUMYDRY","item":"https:\/\/humydry.com\/fr\/conseils-humydry\/"},{"@type":"ListItem","position":3,"name":"Les avantages des produits Humydry par rapport aux appareils \u00e9lectriques"}]}]}},"_links":{"self":[{"href":"https:\/\/humydry.com\/fr\/wp-json\/wp\/v2\/pages\/2994"}],"collection":[{"href":"https:\/\/humydry.com\/fr\/wp-json\/wp\/v2\/pages"}],"about":[{"href":"https:\/\/humydry.com\/fr\/wp-json\/wp\/v2\/types\/page"}],"author":[{"embeddable":true,"href":"https:\/\/humydry.com\/fr\/wp-json\/wp\/v2\/users\/1"}],"replies":[{"embeddable":true,"href":"https:\/\/humydry.com\/fr\/wp-json\/wp\/v2\/comments?post=2994"}],"version-history":[{"count":2,"href":"https:\/\/humydry.com\/fr\/wp-json\/wp\/v2\/pages\/2994\/revisions"}],"predecessor-version":[{"id":2996,"href":"https:\/\/humydry.com\/fr\/wp-json\/wp\/v2\/pages\/2994\/revisions\/2996"}],"up":[{"embeddable":true,"href":"https:\/\/humydry.com\/fr\/wp-json\/wp\/v2\/pages\/2953"}],"wp:attachment":[{"href":"https:\/\/humydry.com\/fr\/wp-json\/wp\/v2\/media?parent=2994"}],"curies":[{"name":"wp","href":"https:\/\/api.w.org\/{rel}","templated":true}]}}