{"id":2991,"date":"2020-12-09T11:54:02","date_gmt":"2020-12-09T10:54:02","guid":{"rendered":"https:\/\/humydry.com\/conseils-humydry\/changement-de-garde-robe\/"},"modified":"2020-12-10T09:44:27","modified_gmt":"2020-12-10T08:44:27","slug":"changement-de-garde-robe","status":"publish","type":"page","link":"https:\/\/humydry.com\/fr\/conseils-humydry\/changement-de-garde-robe\/","title":{"rendered":"Changement de garde-robe"},"content":{"rendered":"<p>[et_pb_section fb_built=\u00a0\u00bb1&Prime; _builder_version=\u00a0\u00bb4.3.4&Prime; background_color=\u00a0\u00bb#c9e9f8&Prime; custom_margin=\u00a0\u00bb30px|30px||30px|false|false\u00a0\u00bb custom_margin_tablet=\u00a0\u00bb\u00a0\u00bb custom_margin_phone=\u00a0\u00bb|0px||0px|false|false\u00a0\u00bb custom_margin_last_edited=\u00a0\u00bbon|desktop\u00a0\u00bb][et_pb_row _builder_version=\u00a0\u00bb4.3.3&Prime; background_color=\u00a0\u00bb#ffffff\u00a0\u00bb custom_padding=\u00a0\u00bb|30px||30px|false|false\u00a0\u00bb][et_pb_column type=\u00a0\u00bb4_4&Prime; _builder_version=\u00a0\u00bb4.3.3&Prime;][et_pb_image src=\u00a0\u00bbhttps:\/\/humydry.com\/wp-content\/uploads\/2020\/03\/cambio-armarios.jpg\u00a0\u00bb _builder_version=\u00a0\u00bb4.3.4&Prime;][\/et_pb_image][\/et_pb_column][\/et_pb_row][et_pb_row column_structure=\u00a0\u00bb3_5,2_5&Prime; _builder_version=\u00a0\u00bb4.4.1&Prime; background_color=\u00a0\u00bb#ffffff\u00a0\u00bb custom_padding=\u00a0\u00bb|30px|50px|30px|false|false\u00a0\u00bb][et_pb_column type=\u00a0\u00bb3_5&Prime; _builder_version=\u00a0\u00bb4.3.3&Prime;][et_pb_text _builder_version=\u00a0\u00bb4.3.4&Prime; header_font=\u00a0\u00bb|800|||||||\u00a0\u00bb]<\/p>\n<h1><strong>Changement de garde-robe<\/strong><\/h1>\n<p>[\/et_pb_text][et_pb_text _builder_version=\u00a0\u00bb4.7.4&Prime; hover_enabled=\u00a0\u00bb0&Prime; sticky_enabled=\u00a0\u00bb0&Prime;]<\/p>\n<p>Pour les prot\u00e9ger, <strong>les v\u00eatements doivent toujours \u00eatre gard\u00e9s \u00e0 l\u2019\u00e9cart de l\u2019humidit\u00e9<\/strong>.<\/p>\n<p>Lorsque vous changez de garde-robe \u00e0 chaque saison, <strong>inspectez l\u2019\u00e9tat de vos armoires<\/strong> pour v\u00e9rifier l\u2019absence de tache de moisissures. Pour \u00e9viter l\u2019humidit\u00e9 dans les armoires, nous vous recommandons les produits anti-humidit\u00e9 suivants :<\/p>\n<p><a href=\"https:\/\/humydry.com\/fr\/product-details\/3d\/\">HUMYDRY Anti-humidit\u00e9 3D armoire 250 g <\/a>: la meilleure solution pour vos armoires. Les granul\u00e9s du sachet Gel Bag transforme l\u2019exc\u00e8s d\u2019humidit\u00e9 en une masse g\u00e9latineuse, sans risque de fuite.<\/p>\n<p><a href=\"https:\/\/humydry.com\/fr\/product-details\/colgantes-percha-antihumedad\/\">HUMYDRY Anti-humidit\u00e9 suspendu 450 g <\/a>: con\u00e7u pour \u00eatre accroch\u00e9 dans des armoires ou des lieux en mouvement.<\/p>\n<p><a href=\"https:\/\/humydry.com\/fr\/product-details\/colgantes-percha-salvalana\/\">HUMYDRY Mini 75 g prot\u00e8ge-laine <\/a>: prot\u00e8ge le cuir, les toiles, la laine et les tissus similaires.<\/p>\n<p><a href=\"https:\/\/humydry.com\/fr\/product-details\/absorbe-olores-calzado\/\">HUMYDRY D\u00e9sodorisant Chaussures <\/a>: pour des chaussures et des meubles \u00e0 chaussures toujours frais et secs.<\/p>\n<p><a href=\"https:\/\/humydry.com\/fr\/product-details\/clip-armario\/\">HUMYDRY D\u00e9sodorisant Armoire <\/a><strong>:<\/strong>\u00a0un agr\u00e9able parfum de lavande.<\/p>\n<p>[\/et_pb_text][\/et_pb_column][et_pb_column type=\u00a0\u00bb2_5&Prime; _builder_version=\u00a0\u00bb4.3.3&Prime;][\/et_pb_column][\/et_pb_row][\/et_pb_section]<\/p>\n","protected":false},"excerpt":{"rendered":"<p>Changement de garde-robePour les prot\u00e9ger, les v\u00eatements doivent toujours \u00eatre gard\u00e9s \u00e0 l\u2019\u00e9cart de l\u2019humidit\u00e9. Lorsque vous changez de garde-robe \u00e0 chaque saison, inspectez l\u2019\u00e9tat de vos armoires pour v\u00e9rifier l\u2019absence de tache de moisissures. Pour \u00e9viter l\u2019humidit\u00e9 dans les armoires, nous vous recommandons les produits anti-humidit\u00e9 suivants : HUMYDRY Anti-humidit\u00e9 3D armoire 250 g [&hellip;]<\/p>\n","protected":false},"author":1,"featured_media":0,"parent":2953,"menu_order":51,"comment_status":"closed","ping_status":"closed","template":"","meta":{"_et_pb_use_builder":"on","_et_pb_old_content":"","_et_gb_content_width":""},"acf":[],"yoast_head":"<!-- This site is optimized with the Yoast SEO plugin v17.5 - https:\/\/yoast.com\/wordpress\/plugins\/seo\/ -->\n<title>Changement de garde-robe - Humydry<\/title>\n<meta name=\"robots\" content=\"index, follow, max-snippet:-1, max-image-preview:large, max-video-preview:-1\" \/>\n<link rel=\"canonical\" href=\"https:\/\/humydry.com\/fr\/conseils-humydry\/changement-de-garde-robe\/\" \/>\n<meta property=\"og:locale\" content=\"fr_FR\" \/>\n<meta property=\"og:type\" content=\"article\" \/>\n<meta property=\"og:title\" content=\"Changement de garde-robe - Humydry\" \/>\n<meta property=\"og:description\" content=\"Changement de garde-robePour les prot\u00e9ger, les v\u00eatements doivent toujours \u00eatre gard\u00e9s \u00e0 l\u2019\u00e9cart de l\u2019humidit\u00e9. Lorsque vous changez de garde-robe \u00e0 chaque saison, inspectez l\u2019\u00e9tat de vos armoires pour v\u00e9rifier l\u2019absence de tache de moisissures. Pour \u00e9viter l\u2019humidit\u00e9 dans les armoires, nous vous recommandons les produits anti-humidit\u00e9 suivants : HUMYDRY Anti-humidit\u00e9 3D armoire 250 g [&hellip;]\" \/>\n<meta property=\"og:url\" content=\"https:\/\/humydry.com\/fr\/conseils-humydry\/changement-de-garde-robe\/\" \/>\n<meta property=\"og:site_name\" content=\"Humydry\" \/>\n<meta property=\"article:modified_time\" content=\"2020-12-10T08:44:27+00:00\" \/>\n<meta name=\"twitter:card\" content=\"summary_large_image\" \/>\n<meta name=\"twitter:label1\" content=\"Dur\u00e9e de lecture est.\" \/>\n\t<meta name=\"twitter:data1\" content=\"1 minute\" \/>\n<script type=\"application\/ld+json\" class=\"yoast-schema-graph\">{\"@context\":\"https:\/\/schema.org\",\"@graph\":[{\"@type\":\"WebSite\",\"@id\":\"https:\/\/humydry.com\/#website\",\"url\":\"https:\/\/humydry.com\/\",\"name\":\"Humydry\",\"description\":\"\",\"potentialAction\":[{\"@type\":\"SearchAction\",\"target\":{\"@type\":\"EntryPoint\",\"urlTemplate\":\"https:\/\/humydry.com\/?s={search_term_string}\"},\"query-input\":\"required name=search_term_string\"}],\"inLanguage\":\"fr-FR\"},{\"@type\":\"WebPage\",\"@id\":\"https:\/\/humydry.com\/fr\/conseils-humydry\/changement-de-garde-robe\/#webpage\",\"url\":\"https:\/\/humydry.com\/fr\/conseils-humydry\/changement-de-garde-robe\/\",\"name\":\"Changement de garde-robe - Humydry\",\"isPartOf\":{\"@id\":\"https:\/\/humydry.com\/#website\"},\"datePublished\":\"2020-12-09T10:54:02+00:00\",\"dateModified\":\"2020-12-10T08:44:27+00:00\",\"breadcrumb\":{\"@id\":\"https:\/\/humydry.com\/fr\/conseils-humydry\/changement-de-garde-robe\/#breadcrumb\"},\"inLanguage\":\"fr-FR\",\"potentialAction\":[{\"@type\":\"ReadAction\",\"target\":[\"https:\/\/humydry.com\/fr\/conseils-humydry\/changement-de-garde-robe\/\"]}]},{\"@type\":\"BreadcrumbList\",\"@id\":\"https:\/\/humydry.com\/fr\/conseils-humydry\/changement-de-garde-robe\/#breadcrumb\",\"itemListElement\":[{\"@type\":\"ListItem\",\"position\":1,\"name\":\"Portada\",\"item\":\"https:\/\/humydry.com\/fr\/\"},{\"@type\":\"ListItem\",\"position\":2,\"name\":\"CONSEILS HUMYDRY\",\"item\":\"https:\/\/humydry.com\/fr\/conseils-humydry\/\"},{\"@type\":\"ListItem\",\"position\":3,\"name\":\"Changement de garde-robe\"}]}]}<\/script>\n<!-- \/ Yoast SEO plugin. -->","yoast_head_json":{"title":"Changement de garde-robe - Humydry","robots":{"index":"index","follow":"follow","max-snippet":"max-snippet:-1","max-image-preview":"max-image-preview:large","max-video-preview":"max-video-preview:-1"},"canonical":"https:\/\/humydry.com\/fr\/conseils-humydry\/changement-de-garde-robe\/","og_locale":"fr_FR","og_type":"article","og_title":"Changement de garde-robe - Humydry","og_description":"Changement de garde-robePour les prot\u00e9ger, les v\u00eatements doivent toujours \u00eatre gard\u00e9s \u00e0 l\u2019\u00e9cart de l\u2019humidit\u00e9. Lorsque vous changez de garde-robe \u00e0 chaque saison, inspectez l\u2019\u00e9tat de vos armoires pour v\u00e9rifier l\u2019absence de tache de moisissures. Pour \u00e9viter l\u2019humidit\u00e9 dans les armoires, nous vous recommandons les produits anti-humidit\u00e9 suivants : HUMYDRY Anti-humidit\u00e9 3D armoire 250 g [&hellip;]","og_url":"https:\/\/humydry.com\/fr\/conseils-humydry\/changement-de-garde-robe\/","og_site_name":"Humydry","article_modified_time":"2020-12-10T08:44:27+00:00","twitter_card":"summary_large_image","twitter_misc":{"Dur\u00e9e de lecture est.":"1 minute"},"schema":{"@context":"https:\/\/schema.org","@graph":[{"@type":"WebSite","@id":"https:\/\/humydry.com\/#website","url":"https:\/\/humydry.com\/","name":"Humydry","description":"","potentialAction":[{"@type":"SearchAction","target":{"@type":"EntryPoint","urlTemplate":"https:\/\/humydry.com\/?s={search_term_string}"},"query-input":"required name=search_term_string"}],"inLanguage":"fr-FR"},{"@type":"WebPage","@id":"https:\/\/humydry.com\/fr\/conseils-humydry\/changement-de-garde-robe\/#webpage","url":"https:\/\/humydry.com\/fr\/conseils-humydry\/changement-de-garde-robe\/","name":"Changement de garde-robe - Humydry","isPartOf":{"@id":"https:\/\/humydry.com\/#website"},"datePublished":"2020-12-09T10:54:02+00:00","dateModified":"2020-12-10T08:44:27+00:00","breadcrumb":{"@id":"https:\/\/humydry.com\/fr\/conseils-humydry\/changement-de-garde-robe\/#breadcrumb"},"inLanguage":"fr-FR","potentialAction":[{"@type":"ReadAction","target":["https:\/\/humydry.com\/fr\/conseils-humydry\/changement-de-garde-robe\/"]}]},{"@type":"BreadcrumbList","@id":"https:\/\/humydry.com\/fr\/conseils-humydry\/changement-de-garde-robe\/#breadcrumb","itemListElement":[{"@type":"ListItem","position":1,"name":"Portada","item":"https:\/\/humydry.com\/fr\/"},{"@type":"ListItem","position":2,"name":"CONSEILS HUMYDRY","item":"https:\/\/humydry.com\/fr\/conseils-humydry\/"},{"@type":"ListItem","position":3,"name":"Changement de garde-robe"}]}]}},"_links":{"self":[{"href":"https:\/\/humydry.com\/fr\/wp-json\/wp\/v2\/pages\/2991"}],"collection":[{"href":"https:\/\/humydry.com\/fr\/wp-json\/wp\/v2\/pages"}],"about":[{"href":"https:\/\/humydry.com\/fr\/wp-json\/wp\/v2\/types\/page"}],"author":[{"embeddable":true,"href":"https:\/\/humydry.com\/fr\/wp-json\/wp\/v2\/users\/1"}],"replies":[{"embeddable":true,"href":"https:\/\/humydry.com\/fr\/wp-json\/wp\/v2\/comments?post=2991"}],"version-history":[{"count":5,"href":"https:\/\/humydry.com\/fr\/wp-json\/wp\/v2\/pages\/2991\/revisions"}],"predecessor-version":[{"id":3258,"href":"https:\/\/humydry.com\/fr\/wp-json\/wp\/v2\/pages\/2991\/revisions\/3258"}],"up":[{"embeddable":true,"href":"https:\/\/humydry.com\/fr\/wp-json\/wp\/v2\/pages\/2953"}],"wp:attachment":[{"href":"https:\/\/humydry.com\/fr\/wp-json\/wp\/v2\/media?parent=2991"}],"curies":[{"name":"wp","href":"https:\/\/api.w.org\/{rel}","templated":true}]}}