{"id":2988,"date":"2020-12-09T11:48:16","date_gmt":"2020-12-09T10:48:16","guid":{"rendered":"https:\/\/humydry.com\/conseils-humydry\/comment-lutter-contre-lhumidite-dans-un-endroit-ferme-depuis-longtemps\/"},"modified":"2020-12-09T11:48:16","modified_gmt":"2020-12-09T10:48:16","slug":"comment-lutter-contre-lhumidite-dans-un-endroit-ferme-depuis-longtemps","status":"publish","type":"page","link":"https:\/\/humydry.com\/fr\/conseils-humydry\/comment-lutter-contre-lhumidite-dans-un-endroit-ferme-depuis-longtemps\/","title":{"rendered":"Comment lutter contre l\u2019humidit\u00e9 dans un endroit ferm\u00e9 depuis longtemps ?"},"content":{"rendered":"<p>[et_pb_section fb_built=\u00a0\u00bb1&Prime; _builder_version=\u00a0\u00bb4.3.4&Prime; background_color=\u00a0\u00bb#c9e9f8&Prime; custom_margin=\u00a0\u00bb30px|30px||30px|false|false\u00a0\u00bb custom_margin_tablet=\u00a0\u00bb\u00a0\u00bb custom_margin_phone=\u00a0\u00bb|0px||0px|false|false\u00a0\u00bb custom_margin_last_edited=\u00a0\u00bbon|desktop\u00a0\u00bb][et_pb_row _builder_version=\u00a0\u00bb4.3.3&Prime; background_color=\u00a0\u00bb#ffffff\u00a0\u00bb custom_padding=\u00a0\u00bb|30px||30px|false|false\u00a0\u00bb][et_pb_column type=\u00a0\u00bb4_4&Prime; _builder_version=\u00a0\u00bb4.3.3&Prime;][et_pb_image src=\u00a0\u00bbhttps:\/\/humydry.com\/wp-content\/uploads\/2020\/03\/combatir-humedad-residencia-cerrada.jpg\u00a0\u00bb _builder_version=\u00a0\u00bb4.3.4&Prime;][\/et_pb_image][\/et_pb_column][\/et_pb_row][et_pb_row column_structure=\u00a0\u00bb3_5,2_5&Prime; _builder_version=\u00a0\u00bb4.4.1&Prime; background_color=\u00a0\u00bb#ffffff\u00a0\u00bb custom_padding=\u00a0\u00bb|30px|50px|30px|false|false\u00a0\u00bb][et_pb_column type=\u00a0\u00bb3_5&Prime; _builder_version=\u00a0\u00bb4.3.3&Prime;][et_pb_text _builder_version=\u00a0\u00bb4.3.4&Prime; header_font=\u00a0\u00bb|800|||||||\u00a0\u00bb]<\/p>\n<h1><strong>Comment lutter contre l\u2019humidit\u00e9 dans un endroit ferm\u00e9 depuis longtemps ?<\/strong><\/h1>\n<p>[\/et_pb_text][et_pb_text _builder_version=\u00a0\u00bb4.3.4&Prime;]<\/p>\n<p>Si vous avez, par exemple, <strong>une r\u00e9sidence secondaire<\/strong> qui reste ferm\u00e9e pendant plusieurs mois, il est essentiel de contr\u00f4ler l\u2019exc\u00e8s d\u2019humidit\u00e9. Vous \u00e9viterez ainsi qu\u2019elle ne se d\u00e9t\u00e9riore par l\u2019apparition de taches de moisissures, avec cette odeur d\u2019humidit\u00e9 caract\u00e9ristique, et la sensation d\u00e9sagr\u00e9able de l\u2019habiter \u00e0 nouveau pour la premi\u00e8re fois.<\/p>\n<p>La solution repose sur la pr\u00e9vention. Le plus simple et \u00e9conomique est d\u2019utiliser les produits Humydry. Laissez les appareils anti-humidit\u00e9 faire leur travail pendant que vous n\u2019y \u00eates pas. Ces derniers r\u00e9guleront le taux d\u2019humidit\u00e9 \u00e0 un niveau optimum compris entre 40 et 60 % afin de prot\u00e9ger votre r\u00e9sidence et vos effets personnels pendant votre absence.<\/p>\n<p>Les appareils anti-humidit\u00e9 Humydry transforment l\u2019humidit\u00e9 en liquide qui se retrouve dans le bac inf\u00e9rieur. Qui plus est, ils ne consomment pas d\u2019\u00e9lectricit\u00e9, si bien que vous pouvez les \u00ab\u00a0oublier\u00a0\u00bb pendant plusieurs mois gr\u00e2ce \u00e0 leur syst\u00e8me de s\u00e9curit\u00e9 qui \u00e9vite que le liquide accumul\u00e9 ne d\u00e9borde, m\u00eame si la recharge est \u00e9puis\u00e9e. Ils sont enti\u00e8rement s\u00fbrs !<\/p>\n<p>Pour de longues p\u00e9riodes, nous vous conseillons d\u2019utiliser les produits de grand format (Humydry Premium 1 kg). Les rechanges peuvent durer jusqu\u2019\u00e0 3 mois, en fonction du taux d\u2019humidit\u00e9 des pi\u00e8ces.<\/p>\n<p>Le fait de laisser une a\u00e9ration naturelle permanente contribuera \u00e9galement \u00e0 \u00e9viter les probl\u00e8mes d\u2019humidit\u00e9.<\/p>\n<p>[\/et_pb_text][\/et_pb_column][et_pb_column type=\u00a0\u00bb2_5&Prime; _builder_version=\u00a0\u00bb4.3.3&Prime;][\/et_pb_column][\/et_pb_row][\/et_pb_section]<\/p>\n","protected":false},"excerpt":{"rendered":"<p>Comment lutter contre l\u2019humidit\u00e9 dans un endroit ferm\u00e9 depuis longtemps ?Si vous avez, par exemple, une r\u00e9sidence secondaire qui reste ferm\u00e9e pendant plusieurs mois, il est essentiel de contr\u00f4ler l\u2019exc\u00e8s d\u2019humidit\u00e9. Vous \u00e9viterez ainsi qu\u2019elle ne se d\u00e9t\u00e9riore par l\u2019apparition de taches de moisissures, avec cette odeur d\u2019humidit\u00e9 caract\u00e9ristique, et la sensation d\u00e9sagr\u00e9able de l\u2019habiter [&hellip;]<\/p>\n","protected":false},"author":1,"featured_media":0,"parent":2953,"menu_order":29,"comment_status":"closed","ping_status":"closed","template":"","meta":{"_et_pb_use_builder":"on","_et_pb_old_content":"","_et_gb_content_width":""},"acf":[],"yoast_head":"<!-- This site is optimized with the Yoast SEO plugin v17.5 - https:\/\/yoast.com\/wordpress\/plugins\/seo\/ -->\n<title>Comment lutter contre l\u2019humidit\u00e9 dans un endroit ferm\u00e9 depuis longtemps ? - Humydry<\/title>\n<meta name=\"robots\" content=\"index, follow, max-snippet:-1, max-image-preview:large, max-video-preview:-1\" \/>\n<link rel=\"canonical\" href=\"https:\/\/humydry.com\/fr\/conseils-humydry\/comment-lutter-contre-lhumidite-dans-un-endroit-ferme-depuis-longtemps\/\" \/>\n<meta property=\"og:locale\" content=\"fr_FR\" \/>\n<meta property=\"og:type\" content=\"article\" \/>\n<meta property=\"og:title\" content=\"Comment lutter contre l\u2019humidit\u00e9 dans un endroit ferm\u00e9 depuis longtemps ? - Humydry\" \/>\n<meta property=\"og:description\" content=\"Comment lutter contre l\u2019humidit\u00e9 dans un endroit ferm\u00e9 depuis longtemps ?Si vous avez, par exemple, une r\u00e9sidence secondaire qui reste ferm\u00e9e pendant plusieurs mois, il est essentiel de contr\u00f4ler l\u2019exc\u00e8s d\u2019humidit\u00e9. Vous \u00e9viterez ainsi qu\u2019elle ne se d\u00e9t\u00e9riore par l\u2019apparition de taches de moisissures, avec cette odeur d\u2019humidit\u00e9 caract\u00e9ristique, et la sensation d\u00e9sagr\u00e9able de l\u2019habiter [&hellip;]\" \/>\n<meta property=\"og:url\" content=\"https:\/\/humydry.com\/fr\/conseils-humydry\/comment-lutter-contre-lhumidite-dans-un-endroit-ferme-depuis-longtemps\/\" \/>\n<meta property=\"og:site_name\" content=\"Humydry\" \/>\n<meta name=\"twitter:card\" content=\"summary_large_image\" \/>\n<meta name=\"twitter:label1\" content=\"Dur\u00e9e de lecture est.\" \/>\n\t<meta name=\"twitter:data1\" content=\"2 minutes\" \/>\n<script type=\"application\/ld+json\" class=\"yoast-schema-graph\">{\"@context\":\"https:\/\/schema.org\",\"@graph\":[{\"@type\":\"WebSite\",\"@id\":\"https:\/\/humydry.com\/#website\",\"url\":\"https:\/\/humydry.com\/\",\"name\":\"Humydry\",\"description\":\"\",\"potentialAction\":[{\"@type\":\"SearchAction\",\"target\":{\"@type\":\"EntryPoint\",\"urlTemplate\":\"https:\/\/humydry.com\/?s={search_term_string}\"},\"query-input\":\"required name=search_term_string\"}],\"inLanguage\":\"fr-FR\"},{\"@type\":\"WebPage\",\"@id\":\"https:\/\/humydry.com\/fr\/conseils-humydry\/comment-lutter-contre-lhumidite-dans-un-endroit-ferme-depuis-longtemps\/#webpage\",\"url\":\"https:\/\/humydry.com\/fr\/conseils-humydry\/comment-lutter-contre-lhumidite-dans-un-endroit-ferme-depuis-longtemps\/\",\"name\":\"Comment lutter contre l\\u2019humidit\\u00e9 dans un endroit ferm\\u00e9 depuis longtemps ? - Humydry\",\"isPartOf\":{\"@id\":\"https:\/\/humydry.com\/#website\"},\"datePublished\":\"2020-12-09T10:48:16+00:00\",\"dateModified\":\"2020-12-09T10:48:16+00:00\",\"breadcrumb\":{\"@id\":\"https:\/\/humydry.com\/fr\/conseils-humydry\/comment-lutter-contre-lhumidite-dans-un-endroit-ferme-depuis-longtemps\/#breadcrumb\"},\"inLanguage\":\"fr-FR\",\"potentialAction\":[{\"@type\":\"ReadAction\",\"target\":[\"https:\/\/humydry.com\/fr\/conseils-humydry\/comment-lutter-contre-lhumidite-dans-un-endroit-ferme-depuis-longtemps\/\"]}]},{\"@type\":\"BreadcrumbList\",\"@id\":\"https:\/\/humydry.com\/fr\/conseils-humydry\/comment-lutter-contre-lhumidite-dans-un-endroit-ferme-depuis-longtemps\/#breadcrumb\",\"itemListElement\":[{\"@type\":\"ListItem\",\"position\":1,\"name\":\"Portada\",\"item\":\"https:\/\/humydry.com\/fr\/\"},{\"@type\":\"ListItem\",\"position\":2,\"name\":\"CONSEILS HUMYDRY\",\"item\":\"https:\/\/humydry.com\/fr\/conseils-humydry\/\"},{\"@type\":\"ListItem\",\"position\":3,\"name\":\"Comment lutter contre l\\u2019humidit\\u00e9 dans un endroit ferm\\u00e9 depuis longtemps ?\"}]}]}<\/script>\n<!-- \/ Yoast SEO plugin. -->","yoast_head_json":{"title":"Comment lutter contre l\u2019humidit\u00e9 dans un endroit ferm\u00e9 depuis longtemps ? - Humydry","robots":{"index":"index","follow":"follow","max-snippet":"max-snippet:-1","max-image-preview":"max-image-preview:large","max-video-preview":"max-video-preview:-1"},"canonical":"https:\/\/humydry.com\/fr\/conseils-humydry\/comment-lutter-contre-lhumidite-dans-un-endroit-ferme-depuis-longtemps\/","og_locale":"fr_FR","og_type":"article","og_title":"Comment lutter contre l\u2019humidit\u00e9 dans un endroit ferm\u00e9 depuis longtemps ? - Humydry","og_description":"Comment lutter contre l\u2019humidit\u00e9 dans un endroit ferm\u00e9 depuis longtemps ?Si vous avez, par exemple, une r\u00e9sidence secondaire qui reste ferm\u00e9e pendant plusieurs mois, il est essentiel de contr\u00f4ler l\u2019exc\u00e8s d\u2019humidit\u00e9. Vous \u00e9viterez ainsi qu\u2019elle ne se d\u00e9t\u00e9riore par l\u2019apparition de taches de moisissures, avec cette odeur d\u2019humidit\u00e9 caract\u00e9ristique, et la sensation d\u00e9sagr\u00e9able de l\u2019habiter [&hellip;]","og_url":"https:\/\/humydry.com\/fr\/conseils-humydry\/comment-lutter-contre-lhumidite-dans-un-endroit-ferme-depuis-longtemps\/","og_site_name":"Humydry","twitter_card":"summary_large_image","twitter_misc":{"Dur\u00e9e de lecture est.":"2 minutes"},"schema":{"@context":"https:\/\/schema.org","@graph":[{"@type":"WebSite","@id":"https:\/\/humydry.com\/#website","url":"https:\/\/humydry.com\/","name":"Humydry","description":"","potentialAction":[{"@type":"SearchAction","target":{"@type":"EntryPoint","urlTemplate":"https:\/\/humydry.com\/?s={search_term_string}"},"query-input":"required name=search_term_string"}],"inLanguage":"fr-FR"},{"@type":"WebPage","@id":"https:\/\/humydry.com\/fr\/conseils-humydry\/comment-lutter-contre-lhumidite-dans-un-endroit-ferme-depuis-longtemps\/#webpage","url":"https:\/\/humydry.com\/fr\/conseils-humydry\/comment-lutter-contre-lhumidite-dans-un-endroit-ferme-depuis-longtemps\/","name":"Comment lutter contre l\u2019humidit\u00e9 dans un endroit ferm\u00e9 depuis longtemps ? - Humydry","isPartOf":{"@id":"https:\/\/humydry.com\/#website"},"datePublished":"2020-12-09T10:48:16+00:00","dateModified":"2020-12-09T10:48:16+00:00","breadcrumb":{"@id":"https:\/\/humydry.com\/fr\/conseils-humydry\/comment-lutter-contre-lhumidite-dans-un-endroit-ferme-depuis-longtemps\/#breadcrumb"},"inLanguage":"fr-FR","potentialAction":[{"@type":"ReadAction","target":["https:\/\/humydry.com\/fr\/conseils-humydry\/comment-lutter-contre-lhumidite-dans-un-endroit-ferme-depuis-longtemps\/"]}]},{"@type":"BreadcrumbList","@id":"https:\/\/humydry.com\/fr\/conseils-humydry\/comment-lutter-contre-lhumidite-dans-un-endroit-ferme-depuis-longtemps\/#breadcrumb","itemListElement":[{"@type":"ListItem","position":1,"name":"Portada","item":"https:\/\/humydry.com\/fr\/"},{"@type":"ListItem","position":2,"name":"CONSEILS HUMYDRY","item":"https:\/\/humydry.com\/fr\/conseils-humydry\/"},{"@type":"ListItem","position":3,"name":"Comment lutter contre l\u2019humidit\u00e9 dans un endroit ferm\u00e9 depuis longtemps ?"}]}]}},"_links":{"self":[{"href":"https:\/\/humydry.com\/fr\/wp-json\/wp\/v2\/pages\/2988"}],"collection":[{"href":"https:\/\/humydry.com\/fr\/wp-json\/wp\/v2\/pages"}],"about":[{"href":"https:\/\/humydry.com\/fr\/wp-json\/wp\/v2\/types\/page"}],"author":[{"embeddable":true,"href":"https:\/\/humydry.com\/fr\/wp-json\/wp\/v2\/users\/1"}],"replies":[{"embeddable":true,"href":"https:\/\/humydry.com\/fr\/wp-json\/wp\/v2\/comments?post=2988"}],"version-history":[{"count":2,"href":"https:\/\/humydry.com\/fr\/wp-json\/wp\/v2\/pages\/2988\/revisions"}],"predecessor-version":[{"id":2990,"href":"https:\/\/humydry.com\/fr\/wp-json\/wp\/v2\/pages\/2988\/revisions\/2990"}],"up":[{"embeddable":true,"href":"https:\/\/humydry.com\/fr\/wp-json\/wp\/v2\/pages\/2953"}],"wp:attachment":[{"href":"https:\/\/humydry.com\/fr\/wp-json\/wp\/v2\/media?parent=2988"}],"curies":[{"name":"wp","href":"https:\/\/api.w.org\/{rel}","templated":true}]}}