{"id":2985,"date":"2020-12-09T11:46:54","date_gmt":"2020-12-09T10:46:54","guid":{"rendered":"https:\/\/humydry.com\/conseils-humydry\/comment-preparer-votre-habitation-pour-lhiver\/"},"modified":"2020-12-09T11:46:54","modified_gmt":"2020-12-09T10:46:54","slug":"comment-preparer-votre-habitation-pour-lhiver","status":"publish","type":"page","link":"https:\/\/humydry.com\/fr\/conseils-humydry\/comment-preparer-votre-habitation-pour-lhiver\/","title":{"rendered":"Comment pr\u00e9parer votre habitation pour l\u2019hiver"},"content":{"rendered":"<p>[et_pb_section fb_built=\u00a0\u00bb1&Prime; _builder_version=\u00a0\u00bb4.3.4&Prime; background_color=\u00a0\u00bb#c9e9f8&Prime; custom_margin=\u00a0\u00bb30px|30px||30px|false|false\u00a0\u00bb custom_margin_tablet=\u00a0\u00bb\u00a0\u00bb custom_margin_phone=\u00a0\u00bb|0px||0px|false|false\u00a0\u00bb custom_margin_last_edited=\u00a0\u00bbon|desktop\u00a0\u00bb][et_pb_row _builder_version=\u00a0\u00bb4.3.3&Prime; background_color=\u00a0\u00bb#ffffff\u00a0\u00bb custom_padding=\u00a0\u00bb|30px||30px|false|false\u00a0\u00bb][et_pb_column type=\u00a0\u00bb4_4&Prime; _builder_version=\u00a0\u00bb4.3.3&Prime;][et_pb_image src=\u00a0\u00bbhttps:\/\/humydry.com\/wp-content\/uploads\/2020\/03\/preparar-casa-invierno.jpg\u00a0\u00bb _builder_version=\u00a0\u00bb4.3.4&Prime;][\/et_pb_image][\/et_pb_column][\/et_pb_row][et_pb_row column_structure=\u00a0\u00bb3_5,2_5&Prime; _builder_version=\u00a0\u00bb4.4.1&Prime; background_color=\u00a0\u00bb#ffffff\u00a0\u00bb custom_padding=\u00a0\u00bb|30px|50px|30px|false|false\u00a0\u00bb][et_pb_column type=\u00a0\u00bb3_5&Prime; _builder_version=\u00a0\u00bb4.3.3&Prime;][et_pb_text _builder_version=\u00a0\u00bb4.3.4&Prime; header_font=\u00a0\u00bb|800|||||||\u00a0\u00bb]<\/p>\n<h1><strong>Comment pr\u00e9parer votre habitation pour l\u2019hiver<\/strong><\/h1>\n<p>[\/et_pb_text][et_pb_text _builder_version=\u00a0\u00bb4.3.4&Prime;]<\/p>\n<p>Pendant l\u2019hiver, la diff\u00e9rence de temp\u00e9rature entre l\u2019int\u00e9rieur et l\u2019ext\u00e9rieur de toute habitation peut provoquer l\u2019apparition d\u2019humidit\u00e9s par condensation. D\u2019autres facteurs comme un manque d\u2019a\u00e9ration, le fait d\u2019\u00e9tendre le linge \u00e0 l\u2019int\u00e9rieur et le nombre de personnes \u00e0 la maison, d\u00e9terminent dans une grande mesure le taux d\u2019humidit\u00e9 qui peut devenir excessif.<\/p>\n<p>Si l\u2019habitation ne dispose pas d\u2019un chauffage efficace, cette humidit\u00e9 excessive peut faire que la temp\u00e9rature ressentie soit plus froide, en cr\u00e9ant une sensation d\u00e9sagr\u00e9able de froid p\u00e9n\u00e9trant.<\/p>\n<p>La <strong>qualit\u00e9 de l\u2019air doit alors \u00eatre am\u00e9lior\u00e9e<\/strong>\u00a0pour \u00e9viter cette sensation de froid d\u00e9sagr\u00e9able, ainsi que la\u00a0<strong>prolif\u00e9ration d\u2019acariens<\/strong>\u00a0et\u00a0<strong>l\u2019apparition de moisissures<\/strong>\u00a0qui peuvent \u00eatre nocives pour la sant\u00e9.<\/p>\n<p>En plus de bien a\u00e9rer les pi\u00e8ces, les <strong>produits Humydry<\/strong> permettent d\u2019absorber l\u2019humidit\u00e9 en exc\u00e8s jusqu\u2019\u00e0 obtenir un taux d\u2019humidit\u00e9 id\u00e9al dans chacune de vos pi\u00e8ces (entre 40 et 60 %), en r\u00e9duisant ainsi les facteurs n\u00e9gatifs sans ass\u00e9cher l\u2019air ambiant.<\/p>\n<p>Le fait d\u2019abaisser le taux d\u2019humidit\u00e9 vous permettra de r\u00e9duire votre consommation d\u2019\u00e9nergie tout en atteignant plus rapidement la temp\u00e9rature de confort souhait\u00e9e.<\/p>\n<p>[\/et_pb_text][\/et_pb_column][et_pb_column type=\u00a0\u00bb2_5&Prime; _builder_version=\u00a0\u00bb4.3.3&Prime;][\/et_pb_column][\/et_pb_row][\/et_pb_section]<\/p>\n","protected":false},"excerpt":{"rendered":"<p>Comment pr\u00e9parer votre habitation pour l\u2019hiverPendant l\u2019hiver, la diff\u00e9rence de temp\u00e9rature entre l\u2019int\u00e9rieur et l\u2019ext\u00e9rieur de toute habitation peut provoquer l\u2019apparition d\u2019humidit\u00e9s par condensation. D\u2019autres facteurs comme un manque d\u2019a\u00e9ration, le fait d\u2019\u00e9tendre le linge \u00e0 l\u2019int\u00e9rieur et le nombre de personnes \u00e0 la maison, d\u00e9terminent dans une grande mesure le taux d\u2019humidit\u00e9 qui peut [&hellip;]<\/p>\n","protected":false},"author":1,"featured_media":0,"parent":2953,"menu_order":54,"comment_status":"closed","ping_status":"closed","template":"","meta":{"_et_pb_use_builder":"on","_et_pb_old_content":"","_et_gb_content_width":""},"acf":[],"yoast_head":"<!-- This site is optimized with the Yoast SEO plugin v17.5 - https:\/\/yoast.com\/wordpress\/plugins\/seo\/ -->\n<title>Comment pr\u00e9parer votre habitation pour l\u2019hiver - Humydry<\/title>\n<meta name=\"robots\" content=\"index, follow, max-snippet:-1, max-image-preview:large, max-video-preview:-1\" \/>\n<link rel=\"canonical\" href=\"https:\/\/humydry.com\/fr\/conseils-humydry\/comment-preparer-votre-habitation-pour-lhiver\/\" \/>\n<meta property=\"og:locale\" content=\"fr_FR\" \/>\n<meta property=\"og:type\" content=\"article\" \/>\n<meta property=\"og:title\" content=\"Comment pr\u00e9parer votre habitation pour l\u2019hiver - Humydry\" \/>\n<meta property=\"og:description\" content=\"Comment pr\u00e9parer votre habitation pour l\u2019hiverPendant l\u2019hiver, la diff\u00e9rence de temp\u00e9rature entre l\u2019int\u00e9rieur et l\u2019ext\u00e9rieur de toute habitation peut provoquer l\u2019apparition d\u2019humidit\u00e9s par condensation. D\u2019autres facteurs comme un manque d\u2019a\u00e9ration, le fait d\u2019\u00e9tendre le linge \u00e0 l\u2019int\u00e9rieur et le nombre de personnes \u00e0 la maison, d\u00e9terminent dans une grande mesure le taux d\u2019humidit\u00e9 qui peut [&hellip;]\" \/>\n<meta property=\"og:url\" content=\"https:\/\/humydry.com\/fr\/conseils-humydry\/comment-preparer-votre-habitation-pour-lhiver\/\" \/>\n<meta property=\"og:site_name\" content=\"Humydry\" \/>\n<meta name=\"twitter:card\" content=\"summary_large_image\" \/>\n<meta name=\"twitter:label1\" content=\"Dur\u00e9e de lecture est.\" \/>\n\t<meta name=\"twitter:data1\" content=\"2 minutes\" \/>\n<script type=\"application\/ld+json\" class=\"yoast-schema-graph\">{\"@context\":\"https:\/\/schema.org\",\"@graph\":[{\"@type\":\"WebSite\",\"@id\":\"https:\/\/humydry.com\/#website\",\"url\":\"https:\/\/humydry.com\/\",\"name\":\"Humydry\",\"description\":\"\",\"potentialAction\":[{\"@type\":\"SearchAction\",\"target\":{\"@type\":\"EntryPoint\",\"urlTemplate\":\"https:\/\/humydry.com\/?s={search_term_string}\"},\"query-input\":\"required name=search_term_string\"}],\"inLanguage\":\"fr-FR\"},{\"@type\":\"WebPage\",\"@id\":\"https:\/\/humydry.com\/fr\/conseils-humydry\/comment-preparer-votre-habitation-pour-lhiver\/#webpage\",\"url\":\"https:\/\/humydry.com\/fr\/conseils-humydry\/comment-preparer-votre-habitation-pour-lhiver\/\",\"name\":\"Comment pr\\u00e9parer votre habitation pour l\\u2019hiver - Humydry\",\"isPartOf\":{\"@id\":\"https:\/\/humydry.com\/#website\"},\"datePublished\":\"2020-12-09T10:46:54+00:00\",\"dateModified\":\"2020-12-09T10:46:54+00:00\",\"breadcrumb\":{\"@id\":\"https:\/\/humydry.com\/fr\/conseils-humydry\/comment-preparer-votre-habitation-pour-lhiver\/#breadcrumb\"},\"inLanguage\":\"fr-FR\",\"potentialAction\":[{\"@type\":\"ReadAction\",\"target\":[\"https:\/\/humydry.com\/fr\/conseils-humydry\/comment-preparer-votre-habitation-pour-lhiver\/\"]}]},{\"@type\":\"BreadcrumbList\",\"@id\":\"https:\/\/humydry.com\/fr\/conseils-humydry\/comment-preparer-votre-habitation-pour-lhiver\/#breadcrumb\",\"itemListElement\":[{\"@type\":\"ListItem\",\"position\":1,\"name\":\"Portada\",\"item\":\"https:\/\/humydry.com\/fr\/\"},{\"@type\":\"ListItem\",\"position\":2,\"name\":\"CONSEILS HUMYDRY\",\"item\":\"https:\/\/humydry.com\/fr\/conseils-humydry\/\"},{\"@type\":\"ListItem\",\"position\":3,\"name\":\"Comment pr\\u00e9parer votre habitation pour l\\u2019hiver\"}]}]}<\/script>\n<!-- \/ Yoast SEO plugin. -->","yoast_head_json":{"title":"Comment pr\u00e9parer votre habitation pour l\u2019hiver - Humydry","robots":{"index":"index","follow":"follow","max-snippet":"max-snippet:-1","max-image-preview":"max-image-preview:large","max-video-preview":"max-video-preview:-1"},"canonical":"https:\/\/humydry.com\/fr\/conseils-humydry\/comment-preparer-votre-habitation-pour-lhiver\/","og_locale":"fr_FR","og_type":"article","og_title":"Comment pr\u00e9parer votre habitation pour l\u2019hiver - Humydry","og_description":"Comment pr\u00e9parer votre habitation pour l\u2019hiverPendant l\u2019hiver, la diff\u00e9rence de temp\u00e9rature entre l\u2019int\u00e9rieur et l\u2019ext\u00e9rieur de toute habitation peut provoquer l\u2019apparition d\u2019humidit\u00e9s par condensation. D\u2019autres facteurs comme un manque d\u2019a\u00e9ration, le fait d\u2019\u00e9tendre le linge \u00e0 l\u2019int\u00e9rieur et le nombre de personnes \u00e0 la maison, d\u00e9terminent dans une grande mesure le taux d\u2019humidit\u00e9 qui peut [&hellip;]","og_url":"https:\/\/humydry.com\/fr\/conseils-humydry\/comment-preparer-votre-habitation-pour-lhiver\/","og_site_name":"Humydry","twitter_card":"summary_large_image","twitter_misc":{"Dur\u00e9e de lecture est.":"2 minutes"},"schema":{"@context":"https:\/\/schema.org","@graph":[{"@type":"WebSite","@id":"https:\/\/humydry.com\/#website","url":"https:\/\/humydry.com\/","name":"Humydry","description":"","potentialAction":[{"@type":"SearchAction","target":{"@type":"EntryPoint","urlTemplate":"https:\/\/humydry.com\/?s={search_term_string}"},"query-input":"required name=search_term_string"}],"inLanguage":"fr-FR"},{"@type":"WebPage","@id":"https:\/\/humydry.com\/fr\/conseils-humydry\/comment-preparer-votre-habitation-pour-lhiver\/#webpage","url":"https:\/\/humydry.com\/fr\/conseils-humydry\/comment-preparer-votre-habitation-pour-lhiver\/","name":"Comment pr\u00e9parer votre habitation pour l\u2019hiver - Humydry","isPartOf":{"@id":"https:\/\/humydry.com\/#website"},"datePublished":"2020-12-09T10:46:54+00:00","dateModified":"2020-12-09T10:46:54+00:00","breadcrumb":{"@id":"https:\/\/humydry.com\/fr\/conseils-humydry\/comment-preparer-votre-habitation-pour-lhiver\/#breadcrumb"},"inLanguage":"fr-FR","potentialAction":[{"@type":"ReadAction","target":["https:\/\/humydry.com\/fr\/conseils-humydry\/comment-preparer-votre-habitation-pour-lhiver\/"]}]},{"@type":"BreadcrumbList","@id":"https:\/\/humydry.com\/fr\/conseils-humydry\/comment-preparer-votre-habitation-pour-lhiver\/#breadcrumb","itemListElement":[{"@type":"ListItem","position":1,"name":"Portada","item":"https:\/\/humydry.com\/fr\/"},{"@type":"ListItem","position":2,"name":"CONSEILS HUMYDRY","item":"https:\/\/humydry.com\/fr\/conseils-humydry\/"},{"@type":"ListItem","position":3,"name":"Comment pr\u00e9parer votre habitation pour l\u2019hiver"}]}]}},"_links":{"self":[{"href":"https:\/\/humydry.com\/fr\/wp-json\/wp\/v2\/pages\/2985"}],"collection":[{"href":"https:\/\/humydry.com\/fr\/wp-json\/wp\/v2\/pages"}],"about":[{"href":"https:\/\/humydry.com\/fr\/wp-json\/wp\/v2\/types\/page"}],"author":[{"embeddable":true,"href":"https:\/\/humydry.com\/fr\/wp-json\/wp\/v2\/users\/1"}],"replies":[{"embeddable":true,"href":"https:\/\/humydry.com\/fr\/wp-json\/wp\/v2\/comments?post=2985"}],"version-history":[{"count":2,"href":"https:\/\/humydry.com\/fr\/wp-json\/wp\/v2\/pages\/2985\/revisions"}],"predecessor-version":[{"id":2987,"href":"https:\/\/humydry.com\/fr\/wp-json\/wp\/v2\/pages\/2985\/revisions\/2987"}],"up":[{"embeddable":true,"href":"https:\/\/humydry.com\/fr\/wp-json\/wp\/v2\/pages\/2953"}],"wp:attachment":[{"href":"https:\/\/humydry.com\/fr\/wp-json\/wp\/v2\/media?parent=2985"}],"curies":[{"name":"wp","href":"https:\/\/api.w.org\/{rel}","templated":true}]}}