{"id":2982,"date":"2020-12-09T11:45:16","date_gmt":"2020-12-09T10:45:16","guid":{"rendered":"https:\/\/humydry.com\/conseils-humydry\/solution-efficace-contre-les-moisissures\/"},"modified":"2020-12-09T11:45:16","modified_gmt":"2020-12-09T10:45:16","slug":"solution-efficace-contre-les-moisissures","status":"publish","type":"page","link":"https:\/\/humydry.com\/fr\/conseils-humydry\/solution-efficace-contre-les-moisissures\/","title":{"rendered":"Solution efficace contre les moisissures"},"content":{"rendered":"<p>[et_pb_section fb_built=\u00a0\u00bb1&Prime; _builder_version=\u00a0\u00bb4.3.4&Prime; background_color=\u00a0\u00bb#c9e9f8&Prime; custom_margin=\u00a0\u00bb30px|30px||30px|false|false\u00a0\u00bb custom_margin_tablet=\u00a0\u00bb\u00a0\u00bb custom_margin_phone=\u00a0\u00bb|0px||0px|false|false\u00a0\u00bb custom_margin_last_edited=\u00a0\u00bbon|desktop\u00a0\u00bb][et_pb_row _builder_version=\u00a0\u00bb4.3.3&Prime; background_color=\u00a0\u00bb#ffffff\u00a0\u00bb custom_padding=\u00a0\u00bb|30px||30px|false|false\u00a0\u00bb][et_pb_column type=\u00a0\u00bb4_4&Prime; _builder_version=\u00a0\u00bb4.3.3&Prime;][et_pb_image src=\u00a0\u00bbhttps:\/\/humydry.com\/wp-content\/uploads\/2020\/03\/remedio-eficaz-contra-moho.jpg\u00a0\u00bb _builder_version=\u00a0\u00bb4.3.4&Prime;][\/et_pb_image][\/et_pb_column][\/et_pb_row][et_pb_row column_structure=\u00a0\u00bb3_5,2_5&Prime; _builder_version=\u00a0\u00bb4.4.1&Prime; background_color=\u00a0\u00bb#ffffff\u00a0\u00bb custom_padding=\u00a0\u00bb|30px|50px|30px|false|false\u00a0\u00bb][et_pb_column type=\u00a0\u00bb3_5&Prime; _builder_version=\u00a0\u00bb4.3.3&Prime;][et_pb_text _builder_version=\u00a0\u00bb4.3.4&Prime; header_font=\u00a0\u00bb|800|||||||\u00a0\u00bb]<\/p>\n<h1><strong>Solution efficace contre les moisissures<\/strong><\/h1>\n<p>[\/et_pb_text][et_pb_text _builder_version=\u00a0\u00bb4.3.4&Prime;]<\/p>\n<p>La pr\u00e9vention constitue la meilleure solution pour \u00e9viter les probl\u00e8mes domestiques d\u2019humidit\u00e9 et de moisissures. Utilisez chez vous les produits <strong>HUMYDRY\u00ae Anti-humidit\u00e9<\/strong> dans les pi\u00e8ces les plus expos\u00e9es \u00e0 l\u2019humidit\u00e9 et \u00e9vitez que la condensation ou une mauvaise a\u00e9ration ne soit \u00e0 l\u2019origine de l\u2019apparition de moisissures sur les murs ou sur d\u2019autres surfaces. HUMYDRY\u00ae vous offre une <strong>gamme compl\u00e8te de produits<\/strong> avec des solutions sp\u00e9cifiques pour chaque pi\u00e8ce de la maison.<\/p>\n<p>Le plus souvent, les\u00a0<strong>moisissures<\/strong> qui apparaissent sur le sol, les encadrements des portes et fen\u00eatres, ou sur les tissus, sont dues \u00e0 un <strong>air ambiant trop humide et \u00e0 sa condensation<\/strong>. Apr\u00e8s avoir nettoy\u00e9 les surfaces attaqu\u00e9es par les moisissures, il est essentiel de prendre des mesures de pr\u00e9vention pour \u00e9viter qu\u2019elles ne r\u00e9apparaissent. Gr\u00e2ce aux produits HUMYDRY,<strong>\u00a0vous pourrez \u00e9liminer tr\u00e8s facilement et \u00e0 moindre co\u00fbt l\u2019exc\u00e8s d\u2019humidit\u00e9 dans l\u2019air ambiant<\/strong>\u00a0de n\u2019importe quelle pi\u00e8ce de la maison, en \u00e9vitant la condensation, l\u2019apparition et la prolif\u00e9ration des moisissures et de leurs spores.<\/p>\n<p>Pour nettoyer les moisissures : eau de javel dilu\u00e9e dans de l\u2019eau ti\u00e8de. Pour \u00e9viter qu\u2019elles ne r\u00e9apparaissent : les produits HUMYDRY.<\/p>\n<p>[\/et_pb_text][\/et_pb_column][et_pb_column type=\u00a0\u00bb2_5&Prime; _builder_version=\u00a0\u00bb4.3.3&Prime;][\/et_pb_column][\/et_pb_row][\/et_pb_section]<\/p>\n","protected":false},"excerpt":{"rendered":"<p>Solution efficace contre les moisissuresLa pr\u00e9vention constitue la meilleure solution pour \u00e9viter les probl\u00e8mes domestiques d\u2019humidit\u00e9 et de moisissures. Utilisez chez vous les produits HUMYDRY\u00ae Anti-humidit\u00e9 dans les pi\u00e8ces les plus expos\u00e9es \u00e0 l\u2019humidit\u00e9 et \u00e9vitez que la condensation ou une mauvaise a\u00e9ration ne soit \u00e0 l\u2019origine de l\u2019apparition de moisissures sur les murs ou [&hellip;]<\/p>\n","protected":false},"author":1,"featured_media":0,"parent":2953,"menu_order":26,"comment_status":"closed","ping_status":"closed","template":"","meta":{"_et_pb_use_builder":"on","_et_pb_old_content":"","_et_gb_content_width":""},"acf":[],"yoast_head":"<!-- This site is optimized with the Yoast SEO plugin v17.5 - https:\/\/yoast.com\/wordpress\/plugins\/seo\/ -->\n<title>Solution efficace contre les moisissures - Humydry<\/title>\n<meta name=\"robots\" content=\"index, follow, max-snippet:-1, max-image-preview:large, max-video-preview:-1\" \/>\n<link rel=\"canonical\" href=\"https:\/\/humydry.com\/fr\/conseils-humydry\/solution-efficace-contre-les-moisissures\/\" \/>\n<meta property=\"og:locale\" content=\"fr_FR\" \/>\n<meta property=\"og:type\" content=\"article\" \/>\n<meta property=\"og:title\" content=\"Solution efficace contre les moisissures - Humydry\" \/>\n<meta property=\"og:description\" content=\"Solution efficace contre les moisissuresLa pr\u00e9vention constitue la meilleure solution pour \u00e9viter les probl\u00e8mes domestiques d\u2019humidit\u00e9 et de moisissures. Utilisez chez vous les produits HUMYDRY\u00ae Anti-humidit\u00e9 dans les pi\u00e8ces les plus expos\u00e9es \u00e0 l\u2019humidit\u00e9 et \u00e9vitez que la condensation ou une mauvaise a\u00e9ration ne soit \u00e0 l\u2019origine de l\u2019apparition de moisissures sur les murs ou [&hellip;]\" \/>\n<meta property=\"og:url\" content=\"https:\/\/humydry.com\/fr\/conseils-humydry\/solution-efficace-contre-les-moisissures\/\" \/>\n<meta property=\"og:site_name\" content=\"Humydry\" \/>\n<meta name=\"twitter:card\" content=\"summary_large_image\" \/>\n<meta name=\"twitter:label1\" content=\"Dur\u00e9e de lecture est.\" \/>\n\t<meta name=\"twitter:data1\" content=\"2 minutes\" \/>\n<script type=\"application\/ld+json\" class=\"yoast-schema-graph\">{\"@context\":\"https:\/\/schema.org\",\"@graph\":[{\"@type\":\"WebSite\",\"@id\":\"https:\/\/humydry.com\/#website\",\"url\":\"https:\/\/humydry.com\/\",\"name\":\"Humydry\",\"description\":\"\",\"potentialAction\":[{\"@type\":\"SearchAction\",\"target\":{\"@type\":\"EntryPoint\",\"urlTemplate\":\"https:\/\/humydry.com\/?s={search_term_string}\"},\"query-input\":\"required name=search_term_string\"}],\"inLanguage\":\"fr-FR\"},{\"@type\":\"WebPage\",\"@id\":\"https:\/\/humydry.com\/fr\/conseils-humydry\/solution-efficace-contre-les-moisissures\/#webpage\",\"url\":\"https:\/\/humydry.com\/fr\/conseils-humydry\/solution-efficace-contre-les-moisissures\/\",\"name\":\"Solution efficace contre les moisissures - Humydry\",\"isPartOf\":{\"@id\":\"https:\/\/humydry.com\/#website\"},\"datePublished\":\"2020-12-09T10:45:16+00:00\",\"dateModified\":\"2020-12-09T10:45:16+00:00\",\"breadcrumb\":{\"@id\":\"https:\/\/humydry.com\/fr\/conseils-humydry\/solution-efficace-contre-les-moisissures\/#breadcrumb\"},\"inLanguage\":\"fr-FR\",\"potentialAction\":[{\"@type\":\"ReadAction\",\"target\":[\"https:\/\/humydry.com\/fr\/conseils-humydry\/solution-efficace-contre-les-moisissures\/\"]}]},{\"@type\":\"BreadcrumbList\",\"@id\":\"https:\/\/humydry.com\/fr\/conseils-humydry\/solution-efficace-contre-les-moisissures\/#breadcrumb\",\"itemListElement\":[{\"@type\":\"ListItem\",\"position\":1,\"name\":\"Portada\",\"item\":\"https:\/\/humydry.com\/fr\/\"},{\"@type\":\"ListItem\",\"position\":2,\"name\":\"CONSEILS HUMYDRY\",\"item\":\"https:\/\/humydry.com\/fr\/conseils-humydry\/\"},{\"@type\":\"ListItem\",\"position\":3,\"name\":\"Solution efficace contre les moisissures\"}]}]}<\/script>\n<!-- \/ Yoast SEO plugin. -->","yoast_head_json":{"title":"Solution efficace contre les moisissures - Humydry","robots":{"index":"index","follow":"follow","max-snippet":"max-snippet:-1","max-image-preview":"max-image-preview:large","max-video-preview":"max-video-preview:-1"},"canonical":"https:\/\/humydry.com\/fr\/conseils-humydry\/solution-efficace-contre-les-moisissures\/","og_locale":"fr_FR","og_type":"article","og_title":"Solution efficace contre les moisissures - Humydry","og_description":"Solution efficace contre les moisissuresLa pr\u00e9vention constitue la meilleure solution pour \u00e9viter les probl\u00e8mes domestiques d\u2019humidit\u00e9 et de moisissures. Utilisez chez vous les produits HUMYDRY\u00ae Anti-humidit\u00e9 dans les pi\u00e8ces les plus expos\u00e9es \u00e0 l\u2019humidit\u00e9 et \u00e9vitez que la condensation ou une mauvaise a\u00e9ration ne soit \u00e0 l\u2019origine de l\u2019apparition de moisissures sur les murs ou [&hellip;]","og_url":"https:\/\/humydry.com\/fr\/conseils-humydry\/solution-efficace-contre-les-moisissures\/","og_site_name":"Humydry","twitter_card":"summary_large_image","twitter_misc":{"Dur\u00e9e de lecture est.":"2 minutes"},"schema":{"@context":"https:\/\/schema.org","@graph":[{"@type":"WebSite","@id":"https:\/\/humydry.com\/#website","url":"https:\/\/humydry.com\/","name":"Humydry","description":"","potentialAction":[{"@type":"SearchAction","target":{"@type":"EntryPoint","urlTemplate":"https:\/\/humydry.com\/?s={search_term_string}"},"query-input":"required name=search_term_string"}],"inLanguage":"fr-FR"},{"@type":"WebPage","@id":"https:\/\/humydry.com\/fr\/conseils-humydry\/solution-efficace-contre-les-moisissures\/#webpage","url":"https:\/\/humydry.com\/fr\/conseils-humydry\/solution-efficace-contre-les-moisissures\/","name":"Solution efficace contre les moisissures - Humydry","isPartOf":{"@id":"https:\/\/humydry.com\/#website"},"datePublished":"2020-12-09T10:45:16+00:00","dateModified":"2020-12-09T10:45:16+00:00","breadcrumb":{"@id":"https:\/\/humydry.com\/fr\/conseils-humydry\/solution-efficace-contre-les-moisissures\/#breadcrumb"},"inLanguage":"fr-FR","potentialAction":[{"@type":"ReadAction","target":["https:\/\/humydry.com\/fr\/conseils-humydry\/solution-efficace-contre-les-moisissures\/"]}]},{"@type":"BreadcrumbList","@id":"https:\/\/humydry.com\/fr\/conseils-humydry\/solution-efficace-contre-les-moisissures\/#breadcrumb","itemListElement":[{"@type":"ListItem","position":1,"name":"Portada","item":"https:\/\/humydry.com\/fr\/"},{"@type":"ListItem","position":2,"name":"CONSEILS HUMYDRY","item":"https:\/\/humydry.com\/fr\/conseils-humydry\/"},{"@type":"ListItem","position":3,"name":"Solution efficace contre les moisissures"}]}]}},"_links":{"self":[{"href":"https:\/\/humydry.com\/fr\/wp-json\/wp\/v2\/pages\/2982"}],"collection":[{"href":"https:\/\/humydry.com\/fr\/wp-json\/wp\/v2\/pages"}],"about":[{"href":"https:\/\/humydry.com\/fr\/wp-json\/wp\/v2\/types\/page"}],"author":[{"embeddable":true,"href":"https:\/\/humydry.com\/fr\/wp-json\/wp\/v2\/users\/1"}],"replies":[{"embeddable":true,"href":"https:\/\/humydry.com\/fr\/wp-json\/wp\/v2\/comments?post=2982"}],"version-history":[{"count":2,"href":"https:\/\/humydry.com\/fr\/wp-json\/wp\/v2\/pages\/2982\/revisions"}],"predecessor-version":[{"id":2984,"href":"https:\/\/humydry.com\/fr\/wp-json\/wp\/v2\/pages\/2982\/revisions\/2984"}],"up":[{"embeddable":true,"href":"https:\/\/humydry.com\/fr\/wp-json\/wp\/v2\/pages\/2953"}],"wp:attachment":[{"href":"https:\/\/humydry.com\/fr\/wp-json\/wp\/v2\/media?parent=2982"}],"curies":[{"name":"wp","href":"https:\/\/api.w.org\/{rel}","templated":true}]}}