{"id":2979,"date":"2020-12-09T11:44:12","date_gmt":"2020-12-09T10:44:12","guid":{"rendered":"https:\/\/humydry.com\/conseils-humydry\/espaces-et-suggestions-dutilisation\/"},"modified":"2020-12-09T11:44:12","modified_gmt":"2020-12-09T10:44:12","slug":"espaces-et-suggestions-dutilisation","status":"publish","type":"page","link":"https:\/\/humydry.com\/fr\/conseils-humydry\/espaces-et-suggestions-dutilisation\/","title":{"rendered":"Espaces et suggestions d\u2019utilisation"},"content":{"rendered":"<p>[et_pb_section fb_built=\u00a0\u00bb1&Prime; _builder_version=\u00a0\u00bb4.3.4&Prime; background_color=\u00a0\u00bb#c9e9f8&Prime; custom_margin=\u00a0\u00bb30px|30px||30px|false|false\u00a0\u00bb custom_margin_tablet=\u00a0\u00bb\u00a0\u00bb custom_margin_phone=\u00a0\u00bb|0px||0px|false|false\u00a0\u00bb custom_margin_last_edited=\u00a0\u00bbon|desktop\u00a0\u00bb][et_pb_row _builder_version=\u00a0\u00bb4.3.3&Prime; background_color=\u00a0\u00bb#ffffff\u00a0\u00bb custom_padding=\u00a0\u00bb|30px||30px|false|false\u00a0\u00bb][et_pb_column type=\u00a0\u00bb4_4&Prime; _builder_version=\u00a0\u00bb4.3.3&Prime;][et_pb_image src=\u00a0\u00bbhttps:\/\/humydry.com\/wp-content\/uploads\/2020\/03\/lugares-ideas-uso.jpg\u00a0\u00bb _builder_version=\u00a0\u00bb4.3.4&Prime;][\/et_pb_image][\/et_pb_column][\/et_pb_row][et_pb_row column_structure=\u00a0\u00bb3_5,2_5&Prime; _builder_version=\u00a0\u00bb4.4.1&Prime; background_color=\u00a0\u00bb#ffffff\u00a0\u00bb custom_padding=\u00a0\u00bb|30px|50px|30px|false|false\u00a0\u00bb][et_pb_column type=\u00a0\u00bb3_5&Prime; _builder_version=\u00a0\u00bb4.3.3&Prime;][et_pb_text _builder_version=\u00a0\u00bb4.3.4&Prime; header_font=\u00a0\u00bb|800|||||||\u00a0\u00bb]<\/p>\n<h1><strong>Espaces et suggestions d\u2019utilisation<\/strong><\/h1>\n<p>[\/et_pb_text][et_pb_text _builder_version=\u00a0\u00bb4.3.4&Prime;]<\/p>\n<p>Vous pouvez poser les produits Humydry Anti-humidit\u00e9 partout o\u00f9 vous voulez chez vous. Leur efficacit\u00e9 est la m\u00eame ind\u00e9pendamment de la hauteur ou du lieu. Il suffit de les mettre dans l\u2019espace o\u00f9 vous souhaitez \u00e9liminer l\u2019exc\u00e8s d\u2019humidit\u00e9.<\/p>\n<p>Vous pouvez laisser les produits par terre, les mettre sous un meuble du salon ou sous le lit, ou dans les armoires et les tiroirs. Veillez simplement \u00e0 \u00e9viter les endroits o\u00f9 ils pourraient \u00eatre renvers\u00e9s, et tenez-les hors de la port\u00e9e des enfants.<\/p>\n<p>Ces produits sont id\u00e9aux pour contr\u00f4ler le taux d\u2019humidit\u00e9 \u00e0 bord des embarcations, dans les voitures et les caravanes.<\/p>\n<p>[\/et_pb_text][\/et_pb_column][et_pb_column type=\u00a0\u00bb2_5&Prime; _builder_version=\u00a0\u00bb4.3.3&Prime;][\/et_pb_column][\/et_pb_row][\/et_pb_section]<\/p>\n","protected":false},"excerpt":{"rendered":"<p>Espaces et suggestions d\u2019utilisationVous pouvez poser les produits Humydry Anti-humidit\u00e9 partout o\u00f9 vous voulez chez vous. Leur efficacit\u00e9 est la m\u00eame ind\u00e9pendamment de la hauteur ou du lieu. Il suffit de les mettre dans l\u2019espace o\u00f9 vous souhaitez \u00e9liminer l\u2019exc\u00e8s d\u2019humidit\u00e9. Vous pouvez laisser les produits par terre, les mettre sous un meuble du salon [&hellip;]<\/p>\n","protected":false},"author":1,"featured_media":0,"parent":2953,"menu_order":58,"comment_status":"closed","ping_status":"closed","template":"","meta":{"_et_pb_use_builder":"on","_et_pb_old_content":"","_et_gb_content_width":""},"acf":[],"yoast_head":"<!-- This site is optimized with the Yoast SEO plugin v17.5 - https:\/\/yoast.com\/wordpress\/plugins\/seo\/ -->\n<title>Espaces et suggestions d\u2019utilisation - Humydry<\/title>\n<meta name=\"robots\" content=\"index, follow, max-snippet:-1, max-image-preview:large, max-video-preview:-1\" \/>\n<link rel=\"canonical\" href=\"https:\/\/humydry.com\/fr\/conseils-humydry\/espaces-et-suggestions-dutilisation\/\" \/>\n<meta property=\"og:locale\" content=\"fr_FR\" \/>\n<meta property=\"og:type\" content=\"article\" \/>\n<meta property=\"og:title\" content=\"Espaces et suggestions d\u2019utilisation - Humydry\" \/>\n<meta property=\"og:description\" content=\"Espaces et suggestions d\u2019utilisationVous pouvez poser les produits Humydry Anti-humidit\u00e9 partout o\u00f9 vous voulez chez vous. Leur efficacit\u00e9 est la m\u00eame ind\u00e9pendamment de la hauteur ou du lieu. Il suffit de les mettre dans l\u2019espace o\u00f9 vous souhaitez \u00e9liminer l\u2019exc\u00e8s d\u2019humidit\u00e9. Vous pouvez laisser les produits par terre, les mettre sous un meuble du salon [&hellip;]\" \/>\n<meta property=\"og:url\" content=\"https:\/\/humydry.com\/fr\/conseils-humydry\/espaces-et-suggestions-dutilisation\/\" \/>\n<meta property=\"og:site_name\" content=\"Humydry\" \/>\n<meta name=\"twitter:card\" content=\"summary_large_image\" \/>\n<meta name=\"twitter:label1\" content=\"Dur\u00e9e de lecture est.\" \/>\n\t<meta name=\"twitter:data1\" content=\"1 minute\" \/>\n<script type=\"application\/ld+json\" class=\"yoast-schema-graph\">{\"@context\":\"https:\/\/schema.org\",\"@graph\":[{\"@type\":\"WebSite\",\"@id\":\"https:\/\/humydry.com\/#website\",\"url\":\"https:\/\/humydry.com\/\",\"name\":\"Humydry\",\"description\":\"\",\"potentialAction\":[{\"@type\":\"SearchAction\",\"target\":{\"@type\":\"EntryPoint\",\"urlTemplate\":\"https:\/\/humydry.com\/?s={search_term_string}\"},\"query-input\":\"required name=search_term_string\"}],\"inLanguage\":\"fr-FR\"},{\"@type\":\"WebPage\",\"@id\":\"https:\/\/humydry.com\/fr\/conseils-humydry\/espaces-et-suggestions-dutilisation\/#webpage\",\"url\":\"https:\/\/humydry.com\/fr\/conseils-humydry\/espaces-et-suggestions-dutilisation\/\",\"name\":\"Espaces et suggestions d\\u2019utilisation - Humydry\",\"isPartOf\":{\"@id\":\"https:\/\/humydry.com\/#website\"},\"datePublished\":\"2020-12-09T10:44:12+00:00\",\"dateModified\":\"2020-12-09T10:44:12+00:00\",\"breadcrumb\":{\"@id\":\"https:\/\/humydry.com\/fr\/conseils-humydry\/espaces-et-suggestions-dutilisation\/#breadcrumb\"},\"inLanguage\":\"fr-FR\",\"potentialAction\":[{\"@type\":\"ReadAction\",\"target\":[\"https:\/\/humydry.com\/fr\/conseils-humydry\/espaces-et-suggestions-dutilisation\/\"]}]},{\"@type\":\"BreadcrumbList\",\"@id\":\"https:\/\/humydry.com\/fr\/conseils-humydry\/espaces-et-suggestions-dutilisation\/#breadcrumb\",\"itemListElement\":[{\"@type\":\"ListItem\",\"position\":1,\"name\":\"Portada\",\"item\":\"https:\/\/humydry.com\/fr\/\"},{\"@type\":\"ListItem\",\"position\":2,\"name\":\"CONSEILS HUMYDRY\",\"item\":\"https:\/\/humydry.com\/fr\/conseils-humydry\/\"},{\"@type\":\"ListItem\",\"position\":3,\"name\":\"Espaces et suggestions d\\u2019utilisation\"}]}]}<\/script>\n<!-- \/ Yoast SEO plugin. -->","yoast_head_json":{"title":"Espaces et suggestions d\u2019utilisation - Humydry","robots":{"index":"index","follow":"follow","max-snippet":"max-snippet:-1","max-image-preview":"max-image-preview:large","max-video-preview":"max-video-preview:-1"},"canonical":"https:\/\/humydry.com\/fr\/conseils-humydry\/espaces-et-suggestions-dutilisation\/","og_locale":"fr_FR","og_type":"article","og_title":"Espaces et suggestions d\u2019utilisation - Humydry","og_description":"Espaces et suggestions d\u2019utilisationVous pouvez poser les produits Humydry Anti-humidit\u00e9 partout o\u00f9 vous voulez chez vous. Leur efficacit\u00e9 est la m\u00eame ind\u00e9pendamment de la hauteur ou du lieu. Il suffit de les mettre dans l\u2019espace o\u00f9 vous souhaitez \u00e9liminer l\u2019exc\u00e8s d\u2019humidit\u00e9. Vous pouvez laisser les produits par terre, les mettre sous un meuble du salon [&hellip;]","og_url":"https:\/\/humydry.com\/fr\/conseils-humydry\/espaces-et-suggestions-dutilisation\/","og_site_name":"Humydry","twitter_card":"summary_large_image","twitter_misc":{"Dur\u00e9e de lecture est.":"1 minute"},"schema":{"@context":"https:\/\/schema.org","@graph":[{"@type":"WebSite","@id":"https:\/\/humydry.com\/#website","url":"https:\/\/humydry.com\/","name":"Humydry","description":"","potentialAction":[{"@type":"SearchAction","target":{"@type":"EntryPoint","urlTemplate":"https:\/\/humydry.com\/?s={search_term_string}"},"query-input":"required name=search_term_string"}],"inLanguage":"fr-FR"},{"@type":"WebPage","@id":"https:\/\/humydry.com\/fr\/conseils-humydry\/espaces-et-suggestions-dutilisation\/#webpage","url":"https:\/\/humydry.com\/fr\/conseils-humydry\/espaces-et-suggestions-dutilisation\/","name":"Espaces et suggestions d\u2019utilisation - Humydry","isPartOf":{"@id":"https:\/\/humydry.com\/#website"},"datePublished":"2020-12-09T10:44:12+00:00","dateModified":"2020-12-09T10:44:12+00:00","breadcrumb":{"@id":"https:\/\/humydry.com\/fr\/conseils-humydry\/espaces-et-suggestions-dutilisation\/#breadcrumb"},"inLanguage":"fr-FR","potentialAction":[{"@type":"ReadAction","target":["https:\/\/humydry.com\/fr\/conseils-humydry\/espaces-et-suggestions-dutilisation\/"]}]},{"@type":"BreadcrumbList","@id":"https:\/\/humydry.com\/fr\/conseils-humydry\/espaces-et-suggestions-dutilisation\/#breadcrumb","itemListElement":[{"@type":"ListItem","position":1,"name":"Portada","item":"https:\/\/humydry.com\/fr\/"},{"@type":"ListItem","position":2,"name":"CONSEILS HUMYDRY","item":"https:\/\/humydry.com\/fr\/conseils-humydry\/"},{"@type":"ListItem","position":3,"name":"Espaces et suggestions d\u2019utilisation"}]}]}},"_links":{"self":[{"href":"https:\/\/humydry.com\/fr\/wp-json\/wp\/v2\/pages\/2979"}],"collection":[{"href":"https:\/\/humydry.com\/fr\/wp-json\/wp\/v2\/pages"}],"about":[{"href":"https:\/\/humydry.com\/fr\/wp-json\/wp\/v2\/types\/page"}],"author":[{"embeddable":true,"href":"https:\/\/humydry.com\/fr\/wp-json\/wp\/v2\/users\/1"}],"replies":[{"embeddable":true,"href":"https:\/\/humydry.com\/fr\/wp-json\/wp\/v2\/comments?post=2979"}],"version-history":[{"count":2,"href":"https:\/\/humydry.com\/fr\/wp-json\/wp\/v2\/pages\/2979\/revisions"}],"predecessor-version":[{"id":2981,"href":"https:\/\/humydry.com\/fr\/wp-json\/wp\/v2\/pages\/2979\/revisions\/2981"}],"up":[{"embeddable":true,"href":"https:\/\/humydry.com\/fr\/wp-json\/wp\/v2\/pages\/2953"}],"wp:attachment":[{"href":"https:\/\/humydry.com\/fr\/wp-json\/wp\/v2\/media?parent=2979"}],"curies":[{"name":"wp","href":"https:\/\/api.w.org\/{rel}","templated":true}]}}