{"id":2976,"date":"2020-12-09T11:42:15","date_gmt":"2020-12-09T10:42:15","guid":{"rendered":"https:\/\/humydry.com\/conseils-humydry\/de-quel-produit-ai-je-besoin\/"},"modified":"2020-12-09T11:42:17","modified_gmt":"2020-12-09T10:42:17","slug":"de-quel-produit-ai-je-besoin","status":"publish","type":"page","link":"https:\/\/humydry.com\/fr\/conseils-humydry\/de-quel-produit-ai-je-besoin\/","title":{"rendered":"De quel produit ai-je besoin ?"},"content":{"rendered":"<p>[et_pb_section fb_built=\u00a0\u00bb1&Prime; _builder_version=\u00a0\u00bb4.3.4&Prime; background_color=\u00a0\u00bb#c9e9f8&Prime; custom_margin=\u00a0\u00bb30px|30px||30px|false|false\u00a0\u00bb custom_margin_tablet=\u00a0\u00bb\u00a0\u00bb custom_margin_phone=\u00a0\u00bb|0px||0px|false|false\u00a0\u00bb custom_margin_last_edited=\u00a0\u00bbon|desktop\u00a0\u00bb][et_pb_row _builder_version=\u00a0\u00bb4.3.3&Prime; background_color=\u00a0\u00bb#ffffff\u00a0\u00bb custom_padding=\u00a0\u00bb|30px||30px|false|false\u00a0\u00bb][et_pb_column type=\u00a0\u00bb4_4&Prime; _builder_version=\u00a0\u00bb4.3.3&Prime;][et_pb_image src=\u00a0\u00bbhttps:\/\/humydry.com\/wp-content\/uploads\/2020\/03\/que-producto-necesito.jpg\u00a0\u00bb _builder_version=\u00a0\u00bb4.3.4&Prime;][\/et_pb_image][\/et_pb_column][\/et_pb_row][et_pb_row column_structure=\u00a0\u00bb3_5,2_5&Prime; _builder_version=\u00a0\u00bb4.4.1&Prime; background_color=\u00a0\u00bb#ffffff\u00a0\u00bb custom_padding=\u00a0\u00bb|30px|50px|30px|false|false\u00a0\u00bb][et_pb_column type=\u00a0\u00bb3_5&Prime; _builder_version=\u00a0\u00bb4.3.3&Prime;][et_pb_text _builder_version=\u00a0\u00bb4.4.7&Prime; header_font=\u00a0\u00bb|800|||||||\u00a0\u00bb]<\/p>\n<h1><strong>De quel produit ai-je besoin ?<\/strong><\/h1>\n<p>[\/et_pb_text][et_pb_text _builder_version=\u00a0\u00bb4.4.7&Prime; hover_enabled=\u00a0\u00bb0&Prime; admin_label=\u00a0\u00bbTexto\u00a0\u00bb]<\/p>\n<p>La gamme Humydry Anti-humidit\u00e9 offre des produits con\u00e7us pour tout type d\u2019endroits et de pi\u00e8ces, en fonction des besoins et de la surface.<\/p>\n<p>Pour des espaces d\u2019environ 35 m2, nous recommandons <a href=\"https:\/\/humydry.com\/fr\/product-details\/premium-1000g\/\">Humydry Premium 1.000 g<\/a>. Pour des espaces de dimensions moyennes d\u2019environ 15 m2, l\u2019id\u00e9al est d\u2019utiliser <a href=\"https:\/\/humydry.com\/fr\/product-details\/premium-450g\/\">Humydry Premium 450 g<\/a> ou <a href=\"https:\/\/humydry.com\/fr\/product-details\/premium-plus\/\">Humydry Premium 450 g PLUS<\/a>. Ces trois produits sont pourvus d\u2019un syst\u00e8me anti-d\u00e9versement qui \u00e9vite les fuites de liquide en cas d\u2019impact ou si l\u2019appareil est renvers\u00e9.<\/p>\n<p><a href=\"https:\/\/humydry.com\/fr\/product-details\/compact\/\">Humydry Basic 250 g<\/a> est le produit recommand\u00e9 pour des espaces de petite \u00e0 moyenne superficie, comme les chambres ou la salle de bain. Pour \u00e9viter l\u2019humidit\u00e9 et les mauvaises odeurs dans les tiroirs, les armoires ou les caisses dans lesquelles vous gardez vos objets, les mod\u00e8les recommand\u00e9s sont <a href=\"https:\/\/humydry.com\/fr\/product-details\/duplo\/\">Humydry Duplo 75 g<\/a> et Humydry Mobil 75 g.<\/p>\n<p>La quantit\u00e9 recommand\u00e9e de produits HUMYDRY\u00ae anti-humidit\u00e9 d\u00e9pend de la superficie de la pi\u00e8ce \u00e0 traiter. Pour des pi\u00e8ces de plus de 30 m2, nous recommandons d\u2019utiliser <a href=\"https:\/\/humydry.com\/fr\/product-details\/premium-1000g\/\">HUMYDRY Premium 1000 g<\/a>\u00a0avec 1 kg de granul\u00e9s actifs. Pour des pi\u00e8ces jusqu\u2019\u00e0 15 m2, l\u2019id\u00e9al est d\u2019utiliser\u00a0<a href=\"https:\/\/humydry.com\/fr\/product-details\/premium-450g\/\">HUMYDRY Premium de 450 g<\/a>. En fonction de la superficie \u00e0 traiter, plusieurs produits anti-humidit\u00e9 peuvent \u00eatre plac\u00e9s.<\/p>\n<p>La gamme de\u00a0produits HUMYDRY\u00a0anti-humidit\u00e9 est \u00e9galement con\u00e7ue pour traiter les\u00a0<strong>probl\u00e8mes d\u2019humidit\u00e9<\/strong>\u00a0des armoires, des tiroirs et des endroits mobiles (caravanes, embarcations, etc.). Vous trouverez sur notre boutique en ligne tous nos produits con\u00e7us et adapt\u00e9s \u00e0 tous les types d\u2019espaces et de probl\u00e9matiques.<\/p>\n<p>[\/et_pb_text][\/et_pb_column][et_pb_column type=\u00a0\u00bb2_5&Prime; _builder_version=\u00a0\u00bb4.3.3&Prime;][\/et_pb_column][\/et_pb_row][\/et_pb_section]<\/p>\n","protected":false},"excerpt":{"rendered":"<p>De quel produit ai-je besoin ?La gamme Humydry Anti-humidit\u00e9 offre des produits con\u00e7us pour tout type d\u2019endroits et de pi\u00e8ces, en fonction des besoins et de la surface. Pour des espaces d\u2019environ 35 m2, nous recommandons Humydry Premium 1.000 g. Pour des espaces de dimensions moyennes d\u2019environ 15 m2, l\u2019id\u00e9al est d\u2019utiliser Humydry Premium 450 [&hellip;]<\/p>\n","protected":false},"author":1,"featured_media":0,"parent":2953,"menu_order":21,"comment_status":"closed","ping_status":"closed","template":"","meta":{"_et_pb_use_builder":"on","_et_pb_old_content":"","_et_gb_content_width":""},"acf":[],"yoast_head":"<!-- This site is optimized with the Yoast SEO plugin v17.5 - https:\/\/yoast.com\/wordpress\/plugins\/seo\/ -->\n<title>De quel produit ai-je besoin ? - Humydry<\/title>\n<meta name=\"robots\" content=\"index, follow, max-snippet:-1, max-image-preview:large, max-video-preview:-1\" \/>\n<link rel=\"canonical\" href=\"https:\/\/humydry.com\/fr\/conseils-humydry\/de-quel-produit-ai-je-besoin\/\" \/>\n<meta property=\"og:locale\" content=\"fr_FR\" \/>\n<meta property=\"og:type\" content=\"article\" \/>\n<meta property=\"og:title\" content=\"De quel produit ai-je besoin ? - Humydry\" \/>\n<meta property=\"og:description\" content=\"De quel produit ai-je besoin ?La gamme Humydry Anti-humidit\u00e9 offre des produits con\u00e7us pour tout type d\u2019endroits et de pi\u00e8ces, en fonction des besoins et de la surface. Pour des espaces d\u2019environ 35 m2, nous recommandons Humydry Premium 1.000 g. Pour des espaces de dimensions moyennes d\u2019environ 15 m2, l\u2019id\u00e9al est d\u2019utiliser Humydry Premium 450 [&hellip;]\" \/>\n<meta property=\"og:url\" content=\"https:\/\/humydry.com\/fr\/conseils-humydry\/de-quel-produit-ai-je-besoin\/\" \/>\n<meta property=\"og:site_name\" content=\"Humydry\" \/>\n<meta property=\"article:modified_time\" content=\"2020-12-09T10:42:17+00:00\" \/>\n<meta name=\"twitter:card\" content=\"summary_large_image\" \/>\n<meta name=\"twitter:label1\" content=\"Dur\u00e9e de lecture est.\" \/>\n\t<meta name=\"twitter:data1\" content=\"2 minutes\" \/>\n<script type=\"application\/ld+json\" class=\"yoast-schema-graph\">{\"@context\":\"https:\/\/schema.org\",\"@graph\":[{\"@type\":\"WebSite\",\"@id\":\"https:\/\/humydry.com\/#website\",\"url\":\"https:\/\/humydry.com\/\",\"name\":\"Humydry\",\"description\":\"\",\"potentialAction\":[{\"@type\":\"SearchAction\",\"target\":{\"@type\":\"EntryPoint\",\"urlTemplate\":\"https:\/\/humydry.com\/?s={search_term_string}\"},\"query-input\":\"required name=search_term_string\"}],\"inLanguage\":\"fr-FR\"},{\"@type\":\"WebPage\",\"@id\":\"https:\/\/humydry.com\/fr\/conseils-humydry\/de-quel-produit-ai-je-besoin\/#webpage\",\"url\":\"https:\/\/humydry.com\/fr\/conseils-humydry\/de-quel-produit-ai-je-besoin\/\",\"name\":\"De quel produit ai-je besoin ? - Humydry\",\"isPartOf\":{\"@id\":\"https:\/\/humydry.com\/#website\"},\"datePublished\":\"2020-12-09T10:42:15+00:00\",\"dateModified\":\"2020-12-09T10:42:17+00:00\",\"breadcrumb\":{\"@id\":\"https:\/\/humydry.com\/fr\/conseils-humydry\/de-quel-produit-ai-je-besoin\/#breadcrumb\"},\"inLanguage\":\"fr-FR\",\"potentialAction\":[{\"@type\":\"ReadAction\",\"target\":[\"https:\/\/humydry.com\/fr\/conseils-humydry\/de-quel-produit-ai-je-besoin\/\"]}]},{\"@type\":\"BreadcrumbList\",\"@id\":\"https:\/\/humydry.com\/fr\/conseils-humydry\/de-quel-produit-ai-je-besoin\/#breadcrumb\",\"itemListElement\":[{\"@type\":\"ListItem\",\"position\":1,\"name\":\"Portada\",\"item\":\"https:\/\/humydry.com\/fr\/\"},{\"@type\":\"ListItem\",\"position\":2,\"name\":\"CONSEILS HUMYDRY\",\"item\":\"https:\/\/humydry.com\/fr\/conseils-humydry\/\"},{\"@type\":\"ListItem\",\"position\":3,\"name\":\"De quel produit ai-je besoin ?\"}]}]}<\/script>\n<!-- \/ Yoast SEO plugin. -->","yoast_head_json":{"title":"De quel produit ai-je besoin ? - Humydry","robots":{"index":"index","follow":"follow","max-snippet":"max-snippet:-1","max-image-preview":"max-image-preview:large","max-video-preview":"max-video-preview:-1"},"canonical":"https:\/\/humydry.com\/fr\/conseils-humydry\/de-quel-produit-ai-je-besoin\/","og_locale":"fr_FR","og_type":"article","og_title":"De quel produit ai-je besoin ? - Humydry","og_description":"De quel produit ai-je besoin ?La gamme Humydry Anti-humidit\u00e9 offre des produits con\u00e7us pour tout type d\u2019endroits et de pi\u00e8ces, en fonction des besoins et de la surface. Pour des espaces d\u2019environ 35 m2, nous recommandons Humydry Premium 1.000 g. Pour des espaces de dimensions moyennes d\u2019environ 15 m2, l\u2019id\u00e9al est d\u2019utiliser Humydry Premium 450 [&hellip;]","og_url":"https:\/\/humydry.com\/fr\/conseils-humydry\/de-quel-produit-ai-je-besoin\/","og_site_name":"Humydry","article_modified_time":"2020-12-09T10:42:17+00:00","twitter_card":"summary_large_image","twitter_misc":{"Dur\u00e9e de lecture est.":"2 minutes"},"schema":{"@context":"https:\/\/schema.org","@graph":[{"@type":"WebSite","@id":"https:\/\/humydry.com\/#website","url":"https:\/\/humydry.com\/","name":"Humydry","description":"","potentialAction":[{"@type":"SearchAction","target":{"@type":"EntryPoint","urlTemplate":"https:\/\/humydry.com\/?s={search_term_string}"},"query-input":"required name=search_term_string"}],"inLanguage":"fr-FR"},{"@type":"WebPage","@id":"https:\/\/humydry.com\/fr\/conseils-humydry\/de-quel-produit-ai-je-besoin\/#webpage","url":"https:\/\/humydry.com\/fr\/conseils-humydry\/de-quel-produit-ai-je-besoin\/","name":"De quel produit ai-je besoin ? - Humydry","isPartOf":{"@id":"https:\/\/humydry.com\/#website"},"datePublished":"2020-12-09T10:42:15+00:00","dateModified":"2020-12-09T10:42:17+00:00","breadcrumb":{"@id":"https:\/\/humydry.com\/fr\/conseils-humydry\/de-quel-produit-ai-je-besoin\/#breadcrumb"},"inLanguage":"fr-FR","potentialAction":[{"@type":"ReadAction","target":["https:\/\/humydry.com\/fr\/conseils-humydry\/de-quel-produit-ai-je-besoin\/"]}]},{"@type":"BreadcrumbList","@id":"https:\/\/humydry.com\/fr\/conseils-humydry\/de-quel-produit-ai-je-besoin\/#breadcrumb","itemListElement":[{"@type":"ListItem","position":1,"name":"Portada","item":"https:\/\/humydry.com\/fr\/"},{"@type":"ListItem","position":2,"name":"CONSEILS HUMYDRY","item":"https:\/\/humydry.com\/fr\/conseils-humydry\/"},{"@type":"ListItem","position":3,"name":"De quel produit ai-je besoin ?"}]}]}},"_links":{"self":[{"href":"https:\/\/humydry.com\/fr\/wp-json\/wp\/v2\/pages\/2976"}],"collection":[{"href":"https:\/\/humydry.com\/fr\/wp-json\/wp\/v2\/pages"}],"about":[{"href":"https:\/\/humydry.com\/fr\/wp-json\/wp\/v2\/types\/page"}],"author":[{"embeddable":true,"href":"https:\/\/humydry.com\/fr\/wp-json\/wp\/v2\/users\/1"}],"replies":[{"embeddable":true,"href":"https:\/\/humydry.com\/fr\/wp-json\/wp\/v2\/comments?post=2976"}],"version-history":[{"count":2,"href":"https:\/\/humydry.com\/fr\/wp-json\/wp\/v2\/pages\/2976\/revisions"}],"predecessor-version":[{"id":2978,"href":"https:\/\/humydry.com\/fr\/wp-json\/wp\/v2\/pages\/2976\/revisions\/2978"}],"up":[{"embeddable":true,"href":"https:\/\/humydry.com\/fr\/wp-json\/wp\/v2\/pages\/2953"}],"wp:attachment":[{"href":"https:\/\/humydry.com\/fr\/wp-json\/wp\/v2\/media?parent=2976"}],"curies":[{"name":"wp","href":"https:\/\/api.w.org\/{rel}","templated":true}]}}