{"id":2968,"date":"2020-12-09T11:34:16","date_gmt":"2020-12-09T10:34:16","guid":{"rendered":"https:\/\/humydry.com\/conseils-humydry\/comment-les-produits-humydry-fonctionnent-ils\/"},"modified":"2020-12-10T09:43:16","modified_gmt":"2020-12-10T08:43:16","slug":"comment-les-produits-humydry-fonctionnent-ils","status":"publish","type":"page","link":"https:\/\/humydry.com\/fr\/conseils-humydry\/comment-les-produits-humydry-fonctionnent-ils\/","title":{"rendered":"Comment les produits Humydry fonctionnent-ils ?"},"content":{"rendered":"<p>[et_pb_section fb_built=\u00a0\u00bb1&Prime; _builder_version=\u00a0\u00bb4.3.4&Prime; background_color=\u00a0\u00bb#c9e9f8&Prime; custom_margin=\u00a0\u00bb30px|30px||30px|false|false\u00a0\u00bb custom_margin_tablet=\u00a0\u00bb\u00a0\u00bb custom_margin_phone=\u00a0\u00bb|0px||0px|false|false\u00a0\u00bb custom_margin_last_edited=\u00a0\u00bbon|desktop\u00a0\u00bb][et_pb_row _builder_version=\u00a0\u00bb4.3.3&Prime; background_color=\u00a0\u00bb#ffffff\u00a0\u00bb custom_padding=\u00a0\u00bb|30px||30px|false|false\u00a0\u00bb][et_pb_column type=\u00a0\u00bb4_4&Prime; _builder_version=\u00a0\u00bb4.3.3&Prime;][et_pb_code _builder_version=\u00a0\u00bb4.3.4&Prime;]<pee><iframe loading=\"lazy\" id=\"ytplayer\" src=\"https:\/\/www.youtube.com\/embed\/myT5feh4k0c?autoplay=0&amp;mute=0&amp;controls=1&amp;showinfo=0&amp;modestbranding=1&amp;loop=0\" width=\"640\" height=\"360\" frameborder=\"0\"><!-- [et_pb_line_break_holder] --><\/iframe><\/pee>[\/et_pb_code][\/et_pb_column][\/et_pb_row][et_pb_row column_structure=\u00a0\u00bb3_5,2_5&Prime; _builder_version=\u00a0\u00bb4.4.1&Prime; background_color=\u00a0\u00bb#ffffff\u00a0\u00bb custom_padding=\u00a0\u00bb|30px|50px|30px|false|false\u00a0\u00bb][et_pb_column type=\u00a0\u00bb3_5&Prime; _builder_version=\u00a0\u00bb4.3.3&Prime;][et_pb_text _builder_version=\u00a0\u00bb4.3.4&Prime; header_font=\u00a0\u00bb|800|||||||\u00a0\u00bb]<\/p>\n<h1><strong>Comment les produits Humydry fonctionnent-ils ?<\/strong><\/h1>\n<p>[\/et_pb_text][et_pb_text _builder_version=\u00a0\u00bb4.3.4&Prime;]<\/p>\n<p>Recherche, design, d\u00e9veloppement et qualit\u00e9. Tels sont les quatre piliers sur lesquels reposent les produits anti-humidit\u00e9 HUMYDRY. Nous mettons au point en permanence de nouvelles fonctions et caract\u00e9ristiques qui nous permettent de rester leader en mati\u00e8re d\u2019innovation. Nous assurons le d\u00e9veloppement du produit aux c\u00f4t\u00e9s des meilleurs ing\u00e9nieurs du secteur et nous nous chargeons de la fabrication et\/ou de l\u2019assemblage, toujours avec des mat\u00e9riaux de premi\u00e8re qualit\u00e9.<\/p>\n<p>Le secret des produits d\u2019absorption repose sur le <strong>chlorure de calcium<\/strong>, le compos\u00e9 chimique qui absorbe l\u2019humidit\u00e9 de l\u2019air ambiant. Le chlorure de calcium (<a href=\"https:\/\/fr.wikipedia.org\/wiki\/Calcium\">Ca<\/a><a href=\"https:\/\/fr.wikipedia.org\/wiki\/Chlore\">Cl<\/a><sub>2<\/sub>) est un <strong>produit absorbant<\/strong> aux propri\u00e9t\u00e9s hygroscopiques.<\/p>\n<p>Les produits Humydry Anti-humidit\u00e9 fonctionnent avec trois types de recharges :<\/p>\n<ul>\n<li><strong>Des recharges universelles<\/strong> conditionn\u00e9es dans des sachets en tissu non-tiss\u00e9 qui \u00e9vitent le contact direct de la peau avec les granul\u00e9s. Disponibles en sachets de 250 g, 450 g et 1 kg, neutres ou avec un parfum \u00e0 effet d\u00e9sodorisant int\u00e9gr\u00e9.<\/li>\n<li><strong>Des recharges FRESH TAB<\/strong> 2 en 1 sous forme de pastille de 75 g et 500 g, int\u00e9grant une capsule de parfum liquide, pour une double fonction anti-humidit\u00e9 et d\u00e9sodorisante. Ces recharges sont \u00e9galement disponibles en version neutre, sans parfum.<\/li>\n<li><strong>Des recharges Gel Bag <\/strong>qui transforment l\u2019exc\u00e8s d\u2019humidit\u00e9 en une masse g\u00e9latineuse qui est gard\u00e9e \u00e0 l\u2019int\u00e9rieur, sans risque de fuite ni d\u2019\u00e9coulement.<\/li>\n<\/ul>\n<p>Quand le compos\u00e9 (granul\u00e9s ou pastille) est compl\u00e8tement consomm\u00e9, il suffit de vider le liquide du bac et de placer une nouvelle recharge.<\/p>\n<p>Dans le cas du Gel Bag, lorsque le compos\u00e9 s\u2019est transform\u00e9 enti\u00e8rement en masse g\u00e9latineuse, il doit \u00eatre substitu\u00e9 par un autre.<\/p>\n<p>[\/et_pb_text][\/et_pb_column][et_pb_column type=\u00a0\u00bb2_5&Prime; _builder_version=\u00a0\u00bb4.3.3&Prime;][\/et_pb_column][\/et_pb_row][\/et_pb_section]<\/p>\n","protected":false},"excerpt":{"rendered":"<p>Comment les produits Humydry fonctionnent-ils ?Recherche, design, d\u00e9veloppement et qualit\u00e9. Tels sont les quatre piliers sur lesquels reposent les produits anti-humidit\u00e9 HUMYDRY. Nous mettons au point en permanence de nouvelles fonctions et caract\u00e9ristiques qui nous permettent de rester leader en mati\u00e8re d\u2019innovation. Nous assurons le d\u00e9veloppement du produit aux c\u00f4t\u00e9s des meilleurs ing\u00e9nieurs du secteur [&hellip;]<\/p>\n","protected":false},"author":1,"featured_media":0,"parent":2953,"menu_order":63,"comment_status":"closed","ping_status":"closed","template":"","meta":{"_et_pb_use_builder":"on","_et_pb_old_content":"","_et_gb_content_width":""},"acf":[],"yoast_head":"<!-- This site is optimized with the Yoast SEO plugin v17.5 - https:\/\/yoast.com\/wordpress\/plugins\/seo\/ -->\n<title>Comment les produits Humydry fonctionnent-ils ? - Humydry<\/title>\n<meta name=\"robots\" content=\"index, follow, max-snippet:-1, max-image-preview:large, max-video-preview:-1\" \/>\n<link rel=\"canonical\" href=\"https:\/\/humydry.com\/fr\/conseils-humydry\/comment-les-produits-humydry-fonctionnent-ils\/\" \/>\n<meta property=\"og:locale\" content=\"fr_FR\" \/>\n<meta property=\"og:type\" content=\"article\" \/>\n<meta property=\"og:title\" content=\"Comment les produits Humydry fonctionnent-ils ? - Humydry\" \/>\n<meta property=\"og:description\" content=\"Comment les produits Humydry fonctionnent-ils ?Recherche, design, d\u00e9veloppement et qualit\u00e9. Tels sont les quatre piliers sur lesquels reposent les produits anti-humidit\u00e9 HUMYDRY. Nous mettons au point en permanence de nouvelles fonctions et caract\u00e9ristiques qui nous permettent de rester leader en mati\u00e8re d\u2019innovation. Nous assurons le d\u00e9veloppement du produit aux c\u00f4t\u00e9s des meilleurs ing\u00e9nieurs du secteur [&hellip;]\" \/>\n<meta property=\"og:url\" content=\"https:\/\/humydry.com\/fr\/conseils-humydry\/comment-les-produits-humydry-fonctionnent-ils\/\" \/>\n<meta property=\"og:site_name\" content=\"Humydry\" \/>\n<meta property=\"article:modified_time\" content=\"2020-12-10T08:43:16+00:00\" \/>\n<meta name=\"twitter:card\" content=\"summary_large_image\" \/>\n<meta name=\"twitter:label1\" content=\"Dur\u00e9e de lecture est.\" \/>\n\t<meta name=\"twitter:data1\" content=\"2 minutes\" \/>\n<script type=\"application\/ld+json\" class=\"yoast-schema-graph\">{\"@context\":\"https:\/\/schema.org\",\"@graph\":[{\"@type\":\"WebSite\",\"@id\":\"https:\/\/humydry.com\/#website\",\"url\":\"https:\/\/humydry.com\/\",\"name\":\"Humydry\",\"description\":\"\",\"potentialAction\":[{\"@type\":\"SearchAction\",\"target\":{\"@type\":\"EntryPoint\",\"urlTemplate\":\"https:\/\/humydry.com\/?s={search_term_string}\"},\"query-input\":\"required name=search_term_string\"}],\"inLanguage\":\"fr-FR\"},{\"@type\":\"WebPage\",\"@id\":\"https:\/\/humydry.com\/fr\/conseils-humydry\/comment-les-produits-humydry-fonctionnent-ils\/#webpage\",\"url\":\"https:\/\/humydry.com\/fr\/conseils-humydry\/comment-les-produits-humydry-fonctionnent-ils\/\",\"name\":\"Comment les produits Humydry fonctionnent-ils ? - Humydry\",\"isPartOf\":{\"@id\":\"https:\/\/humydry.com\/#website\"},\"datePublished\":\"2020-12-09T10:34:16+00:00\",\"dateModified\":\"2020-12-10T08:43:16+00:00\",\"breadcrumb\":{\"@id\":\"https:\/\/humydry.com\/fr\/conseils-humydry\/comment-les-produits-humydry-fonctionnent-ils\/#breadcrumb\"},\"inLanguage\":\"fr-FR\",\"potentialAction\":[{\"@type\":\"ReadAction\",\"target\":[\"https:\/\/humydry.com\/fr\/conseils-humydry\/comment-les-produits-humydry-fonctionnent-ils\/\"]}]},{\"@type\":\"BreadcrumbList\",\"@id\":\"https:\/\/humydry.com\/fr\/conseils-humydry\/comment-les-produits-humydry-fonctionnent-ils\/#breadcrumb\",\"itemListElement\":[{\"@type\":\"ListItem\",\"position\":1,\"name\":\"Portada\",\"item\":\"https:\/\/humydry.com\/fr\/\"},{\"@type\":\"ListItem\",\"position\":2,\"name\":\"CONSEILS HUMYDRY\",\"item\":\"https:\/\/humydry.com\/fr\/conseils-humydry\/\"},{\"@type\":\"ListItem\",\"position\":3,\"name\":\"Comment les produits Humydry fonctionnent-ils ?\"}]}]}<\/script>\n<!-- \/ Yoast SEO plugin. -->","yoast_head_json":{"title":"Comment les produits Humydry fonctionnent-ils ? - Humydry","robots":{"index":"index","follow":"follow","max-snippet":"max-snippet:-1","max-image-preview":"max-image-preview:large","max-video-preview":"max-video-preview:-1"},"canonical":"https:\/\/humydry.com\/fr\/conseils-humydry\/comment-les-produits-humydry-fonctionnent-ils\/","og_locale":"fr_FR","og_type":"article","og_title":"Comment les produits Humydry fonctionnent-ils ? - Humydry","og_description":"Comment les produits Humydry fonctionnent-ils ?Recherche, design, d\u00e9veloppement et qualit\u00e9. Tels sont les quatre piliers sur lesquels reposent les produits anti-humidit\u00e9 HUMYDRY. Nous mettons au point en permanence de nouvelles fonctions et caract\u00e9ristiques qui nous permettent de rester leader en mati\u00e8re d\u2019innovation. Nous assurons le d\u00e9veloppement du produit aux c\u00f4t\u00e9s des meilleurs ing\u00e9nieurs du secteur [&hellip;]","og_url":"https:\/\/humydry.com\/fr\/conseils-humydry\/comment-les-produits-humydry-fonctionnent-ils\/","og_site_name":"Humydry","article_modified_time":"2020-12-10T08:43:16+00:00","twitter_card":"summary_large_image","twitter_misc":{"Dur\u00e9e de lecture est.":"2 minutes"},"schema":{"@context":"https:\/\/schema.org","@graph":[{"@type":"WebSite","@id":"https:\/\/humydry.com\/#website","url":"https:\/\/humydry.com\/","name":"Humydry","description":"","potentialAction":[{"@type":"SearchAction","target":{"@type":"EntryPoint","urlTemplate":"https:\/\/humydry.com\/?s={search_term_string}"},"query-input":"required name=search_term_string"}],"inLanguage":"fr-FR"},{"@type":"WebPage","@id":"https:\/\/humydry.com\/fr\/conseils-humydry\/comment-les-produits-humydry-fonctionnent-ils\/#webpage","url":"https:\/\/humydry.com\/fr\/conseils-humydry\/comment-les-produits-humydry-fonctionnent-ils\/","name":"Comment les produits Humydry fonctionnent-ils ? - Humydry","isPartOf":{"@id":"https:\/\/humydry.com\/#website"},"datePublished":"2020-12-09T10:34:16+00:00","dateModified":"2020-12-10T08:43:16+00:00","breadcrumb":{"@id":"https:\/\/humydry.com\/fr\/conseils-humydry\/comment-les-produits-humydry-fonctionnent-ils\/#breadcrumb"},"inLanguage":"fr-FR","potentialAction":[{"@type":"ReadAction","target":["https:\/\/humydry.com\/fr\/conseils-humydry\/comment-les-produits-humydry-fonctionnent-ils\/"]}]},{"@type":"BreadcrumbList","@id":"https:\/\/humydry.com\/fr\/conseils-humydry\/comment-les-produits-humydry-fonctionnent-ils\/#breadcrumb","itemListElement":[{"@type":"ListItem","position":1,"name":"Portada","item":"https:\/\/humydry.com\/fr\/"},{"@type":"ListItem","position":2,"name":"CONSEILS HUMYDRY","item":"https:\/\/humydry.com\/fr\/conseils-humydry\/"},{"@type":"ListItem","position":3,"name":"Comment les produits Humydry fonctionnent-ils ?"}]}]}},"_links":{"self":[{"href":"https:\/\/humydry.com\/fr\/wp-json\/wp\/v2\/pages\/2968"}],"collection":[{"href":"https:\/\/humydry.com\/fr\/wp-json\/wp\/v2\/pages"}],"about":[{"href":"https:\/\/humydry.com\/fr\/wp-json\/wp\/v2\/types\/page"}],"author":[{"embeddable":true,"href":"https:\/\/humydry.com\/fr\/wp-json\/wp\/v2\/users\/1"}],"replies":[{"embeddable":true,"href":"https:\/\/humydry.com\/fr\/wp-json\/wp\/v2\/comments?post=2968"}],"version-history":[{"count":5,"href":"https:\/\/humydry.com\/fr\/wp-json\/wp\/v2\/pages\/2968\/revisions"}],"predecessor-version":[{"id":3255,"href":"https:\/\/humydry.com\/fr\/wp-json\/wp\/v2\/pages\/2968\/revisions\/3255"}],"up":[{"embeddable":true,"href":"https:\/\/humydry.com\/fr\/wp-json\/wp\/v2\/pages\/2953"}],"wp:attachment":[{"href":"https:\/\/humydry.com\/fr\/wp-json\/wp\/v2\/media?parent=2968"}],"curies":[{"name":"wp","href":"https:\/\/api.w.org\/{rel}","templated":true}]}}