{"id":2965,"date":"2020-12-09T11:31:12","date_gmt":"2020-12-09T10:31:12","guid":{"rendered":"https:\/\/humydry.com\/conseils-humydry\/comment-obtenir-chez-soi-un-air-ambiant-sain-et-agreable\/"},"modified":"2020-12-09T11:31:12","modified_gmt":"2020-12-09T10:31:12","slug":"comment-obtenir-chez-soi-un-air-ambiant-sain-et-agreable","status":"publish","type":"page","link":"https:\/\/humydry.com\/fr\/conseils-humydry\/comment-obtenir-chez-soi-un-air-ambiant-sain-et-agreable\/","title":{"rendered":"Comment obtenir chez soi un air ambiant sain et agr\u00e9able ?"},"content":{"rendered":"<p>[et_pb_section fb_built=\u00a0\u00bb1&Prime; _builder_version=\u00a0\u00bb4.3.4&Prime; background_color=\u00a0\u00bb#c9e9f8&Prime; custom_margin=\u00a0\u00bb30px|30px||30px|false|false\u00a0\u00bb custom_margin_tablet=\u00a0\u00bb\u00a0\u00bb custom_margin_phone=\u00a0\u00bb|0px||0px|false|false\u00a0\u00bb custom_margin_last_edited=\u00a0\u00bbon|desktop\u00a0\u00bb][et_pb_row _builder_version=\u00a0\u00bb4.3.3&Prime; background_color=\u00a0\u00bb#ffffff\u00a0\u00bb custom_padding=\u00a0\u00bb|30px||30px|false|false\u00a0\u00bb][et_pb_column type=\u00a0\u00bb4_4&Prime; _builder_version=\u00a0\u00bb4.3.3&Prime;][et_pb_image src=\u00a0\u00bbhttps:\/\/humydry.com\/wp-content\/uploads\/2020\/03\/ambiente-sano-agradable-casa.jpg\u00a0\u00bb _builder_version=\u00a0\u00bb4.3.4&Prime;][\/et_pb_image][\/et_pb_column][\/et_pb_row][et_pb_row column_structure=\u00a0\u00bb3_5,2_5&Prime; _builder_version=\u00a0\u00bb4.4.1&Prime; background_color=\u00a0\u00bb#ffffff\u00a0\u00bb custom_padding=\u00a0\u00bb|30px|50px|30px|false|false\u00a0\u00bb][et_pb_column type=\u00a0\u00bb3_5&Prime; _builder_version=\u00a0\u00bb4.3.3&Prime;][et_pb_text _builder_version=\u00a0\u00bb4.3.4&Prime; header_font=\u00a0\u00bb|800|||||||\u00a0\u00bb]<\/p>\n<h1><strong>Comment obtenir chez soi un air ambiant sain et agr\u00e9able ?<\/strong><\/h1>\n<p>[\/et_pb_text][et_pb_text _builder_version=\u00a0\u00bb4.3.4&Prime;]<\/p>\n<p><strong>\u00c9vitez de fumer<\/strong>\u00a0dans la maison,\u00a0<strong>fermez les fen\u00eatres<\/strong>\u00a0pendant les heures de pointe si vous \u00eates en ville, et si vous utilisez des <strong>sprays, peintures ou insecticides, faites-le uniquement<\/strong>\u00a0dans des endroits bien a\u00e9r\u00e9s pour \u00e9viter de saturer l\u2019air int\u00e9rieur de substances nocives. Mais en plus des agents ext\u00e9rieurs, on doit \u00e9galement veiller \u00e0 certaines habitudes domestiques qui ont un impact sur la qualit\u00e9 de l\u2019air. Par exemple, le fait d\u2019\u00e9tendre le linge \u00e0 l\u2019int\u00e9rieur de la maison, de prendre des douches tr\u00e8s chaudes ou de cuisiner beaucoup peut aller \u00e0 l\u2019encontre de la qualit\u00e9 de l\u2019air. Ces activit\u00e9s g\u00e9n\u00e8rent une <strong>humidit\u00e9 ambiante<\/strong> qui, si elle n\u2019est pas contr\u00f4l\u00e9e, peut avoir des cons\u00e9quences d\u00e9sagr\u00e9ables.<\/p>\n<h2>A\u00e9rer<\/h2>\n<p><strong>Bien a\u00e9rer est essentiel<\/strong>. Il est tr\u00e8s important de\u00a0<strong>renouveler l\u2019air<\/strong>\u00a0de la maison pour r\u00e9duire le taux d\u2019humidit\u00e9. Il suffit d\u2019a\u00e9rer toutes les pi\u00e8ces tous les matins pendant 10 minutes (l\u2019id\u00e9al est de cr\u00e9er de petits courants d\u2019air).<\/p>\n<h2>R\u00e9guler l\u2019humidit\u00e9 et la temp\u00e9rature<\/h2>\n<p>L\u2019exc\u00e8s d\u2019humidit\u00e9 dans la maison provoque des\u00a0<strong>probl\u00e8mes de condensation contre les vitres et les murs<\/strong>, il peut \u00eatre \u00e0 l\u2019origine de\u00a0<strong>l\u2019apparition de moisissures<\/strong>\u00a0et peut contribuer \u00e0\u00a0<strong>la prolif\u00e9ration des acariens<\/strong>. Les moisissures et les acariens sont les principaux responsables de nombreuses allergies et ils peuvent par cons\u00e9quent aggraver l\u2019\u00e9tat de sant\u00e9 des personnes souffrant de probl\u00e8mes respiratoires. En r\u00e9duisant l\u2019humidit\u00e9 ambiante, vous \u00e9viterez ces probl\u00e8mes et obtiendrez un air ambiant beaucoup plus sain.<\/p>\n<p>Pour obtenir ce niveau de confort, il est essentiel de combiner ce contr\u00f4le de l\u2019humidit\u00e9 ambiante (entre 40 et 60 %) avec une <strong>temp\u00e9rature<\/strong> comprise entre 16 et 23 \u00baC. Vous \u00e9viterez ainsi que l\u2019air ambiant ne soit trop sec ou trop humide. Une temp\u00e9rature de 19-20 \u00baC et une humidit\u00e9 de 50 % cr\u00e9ent un \u00e9cosyst\u00e8me parfait pour un air ambiant de la maison dans des conditions optimales.<\/p>\n<p>Mais n\u2019oubliez pas non plus d\u2019autres aspects essentiels pour \u00ab\u00a0maintenir la bonne ambiance\u00a0\u00bb chez vous : lavez les serviettes de bain toutes les semaines, changer les draps et les taies d\u2019oreiller tous les 15 jours, retirez la poussi\u00e8re et v\u00e9rifiez l\u2019\u00e9tat de l\u2019isolation des fen\u00eatres.<\/p>\n<h2>HUMYDRY, une aide essentielle<\/h2>\n<p>HUMYDRY vous aide \u00e0 obtenir chez vous un air ambiant sain gr\u00e2ce \u00e0 sa gamme de produits d\u00e9shumidificateurs qui absorbent l\u2019humidit\u00e9. Notre exp\u00e9rience de plus de 30 ans dans le secteur est le meilleur garant de nos produits anti-humidit\u00e9 HUMYDRY pour les maisons du monde entier. Gr\u00e2ce aux sachets et aux pastilles de chlorure de calcium, les produits HUMYDRY absorbent l\u2019exc\u00e8s d\u2019humidit\u00e9 pr\u00e9sent dans l\u2019air ambiant et le maintiennent \u00e0 un niveau optimal pour un air sain, en \u00e9vitant les probl\u00e8mes que suppose la condensation : l\u2019apparition de moisissures, la prolif\u00e9ration des acariens, et leurs cons\u00e9quences sur la sant\u00e9 des personnes.<\/p>\n<p>[\/et_pb_text][\/et_pb_column][et_pb_column type=\u00a0\u00bb2_5&Prime; _builder_version=\u00a0\u00bb4.3.3&Prime;][\/et_pb_column][\/et_pb_row][\/et_pb_section]<\/p>\n","protected":false},"excerpt":{"rendered":"<p>Comment obtenir chez soi un air ambiant sain et agr\u00e9able ?\u00c9vitez de fumer\u00a0dans la maison,\u00a0fermez les fen\u00eatres\u00a0pendant les heures de pointe si vous \u00eates en ville, et si vous utilisez des sprays, peintures ou insecticides, faites-le uniquement\u00a0dans des endroits bien a\u00e9r\u00e9s pour \u00e9viter de saturer l\u2019air int\u00e9rieur de substances nocives. Mais en plus des agents [&hellip;]<\/p>\n","protected":false},"author":1,"featured_media":0,"parent":2953,"menu_order":18,"comment_status":"closed","ping_status":"closed","template":"","meta":{"_et_pb_use_builder":"on","_et_pb_old_content":"","_et_gb_content_width":""},"acf":[],"yoast_head":"<!-- This site is optimized with the Yoast SEO plugin v17.5 - https:\/\/yoast.com\/wordpress\/plugins\/seo\/ -->\n<title>Comment obtenir chez soi un air ambiant sain et agr\u00e9able ? - Humydry<\/title>\n<meta name=\"robots\" content=\"index, follow, max-snippet:-1, max-image-preview:large, max-video-preview:-1\" \/>\n<link rel=\"canonical\" href=\"https:\/\/humydry.com\/fr\/conseils-humydry\/comment-obtenir-chez-soi-un-air-ambiant-sain-et-agreable\/\" \/>\n<meta property=\"og:locale\" content=\"fr_FR\" \/>\n<meta property=\"og:type\" content=\"article\" \/>\n<meta property=\"og:title\" content=\"Comment obtenir chez soi un air ambiant sain et agr\u00e9able ? - Humydry\" \/>\n<meta property=\"og:description\" content=\"Comment obtenir chez soi un air ambiant sain et agr\u00e9able ?\u00c9vitez de fumer\u00a0dans la maison,\u00a0fermez les fen\u00eatres\u00a0pendant les heures de pointe si vous \u00eates en ville, et si vous utilisez des sprays, peintures ou insecticides, faites-le uniquement\u00a0dans des endroits bien a\u00e9r\u00e9s pour \u00e9viter de saturer l\u2019air int\u00e9rieur de substances nocives. Mais en plus des agents [&hellip;]\" \/>\n<meta property=\"og:url\" content=\"https:\/\/humydry.com\/fr\/conseils-humydry\/comment-obtenir-chez-soi-un-air-ambiant-sain-et-agreable\/\" \/>\n<meta property=\"og:site_name\" content=\"Humydry\" \/>\n<meta name=\"twitter:card\" content=\"summary_large_image\" \/>\n<meta name=\"twitter:label1\" content=\"Dur\u00e9e de lecture est.\" \/>\n\t<meta name=\"twitter:data1\" content=\"3 minutes\" \/>\n<script type=\"application\/ld+json\" class=\"yoast-schema-graph\">{\"@context\":\"https:\/\/schema.org\",\"@graph\":[{\"@type\":\"WebSite\",\"@id\":\"https:\/\/humydry.com\/#website\",\"url\":\"https:\/\/humydry.com\/\",\"name\":\"Humydry\",\"description\":\"\",\"potentialAction\":[{\"@type\":\"SearchAction\",\"target\":{\"@type\":\"EntryPoint\",\"urlTemplate\":\"https:\/\/humydry.com\/?s={search_term_string}\"},\"query-input\":\"required name=search_term_string\"}],\"inLanguage\":\"fr-FR\"},{\"@type\":\"WebPage\",\"@id\":\"https:\/\/humydry.com\/fr\/conseils-humydry\/comment-obtenir-chez-soi-un-air-ambiant-sain-et-agreable\/#webpage\",\"url\":\"https:\/\/humydry.com\/fr\/conseils-humydry\/comment-obtenir-chez-soi-un-air-ambiant-sain-et-agreable\/\",\"name\":\"Comment obtenir chez soi un air ambiant sain et agr\\u00e9able ? - Humydry\",\"isPartOf\":{\"@id\":\"https:\/\/humydry.com\/#website\"},\"datePublished\":\"2020-12-09T10:31:12+00:00\",\"dateModified\":\"2020-12-09T10:31:12+00:00\",\"breadcrumb\":{\"@id\":\"https:\/\/humydry.com\/fr\/conseils-humydry\/comment-obtenir-chez-soi-un-air-ambiant-sain-et-agreable\/#breadcrumb\"},\"inLanguage\":\"fr-FR\",\"potentialAction\":[{\"@type\":\"ReadAction\",\"target\":[\"https:\/\/humydry.com\/fr\/conseils-humydry\/comment-obtenir-chez-soi-un-air-ambiant-sain-et-agreable\/\"]}]},{\"@type\":\"BreadcrumbList\",\"@id\":\"https:\/\/humydry.com\/fr\/conseils-humydry\/comment-obtenir-chez-soi-un-air-ambiant-sain-et-agreable\/#breadcrumb\",\"itemListElement\":[{\"@type\":\"ListItem\",\"position\":1,\"name\":\"Portada\",\"item\":\"https:\/\/humydry.com\/fr\/\"},{\"@type\":\"ListItem\",\"position\":2,\"name\":\"CONSEILS HUMYDRY\",\"item\":\"https:\/\/humydry.com\/fr\/conseils-humydry\/\"},{\"@type\":\"ListItem\",\"position\":3,\"name\":\"Comment obtenir chez soi un air ambiant sain et agr\\u00e9able ?\"}]}]}<\/script>\n<!-- \/ Yoast SEO plugin. -->","yoast_head_json":{"title":"Comment obtenir chez soi un air ambiant sain et agr\u00e9able ? - Humydry","robots":{"index":"index","follow":"follow","max-snippet":"max-snippet:-1","max-image-preview":"max-image-preview:large","max-video-preview":"max-video-preview:-1"},"canonical":"https:\/\/humydry.com\/fr\/conseils-humydry\/comment-obtenir-chez-soi-un-air-ambiant-sain-et-agreable\/","og_locale":"fr_FR","og_type":"article","og_title":"Comment obtenir chez soi un air ambiant sain et agr\u00e9able ? - Humydry","og_description":"Comment obtenir chez soi un air ambiant sain et agr\u00e9able ?\u00c9vitez de fumer\u00a0dans la maison,\u00a0fermez les fen\u00eatres\u00a0pendant les heures de pointe si vous \u00eates en ville, et si vous utilisez des sprays, peintures ou insecticides, faites-le uniquement\u00a0dans des endroits bien a\u00e9r\u00e9s pour \u00e9viter de saturer l\u2019air int\u00e9rieur de substances nocives. Mais en plus des agents [&hellip;]","og_url":"https:\/\/humydry.com\/fr\/conseils-humydry\/comment-obtenir-chez-soi-un-air-ambiant-sain-et-agreable\/","og_site_name":"Humydry","twitter_card":"summary_large_image","twitter_misc":{"Dur\u00e9e de lecture est.":"3 minutes"},"schema":{"@context":"https:\/\/schema.org","@graph":[{"@type":"WebSite","@id":"https:\/\/humydry.com\/#website","url":"https:\/\/humydry.com\/","name":"Humydry","description":"","potentialAction":[{"@type":"SearchAction","target":{"@type":"EntryPoint","urlTemplate":"https:\/\/humydry.com\/?s={search_term_string}"},"query-input":"required name=search_term_string"}],"inLanguage":"fr-FR"},{"@type":"WebPage","@id":"https:\/\/humydry.com\/fr\/conseils-humydry\/comment-obtenir-chez-soi-un-air-ambiant-sain-et-agreable\/#webpage","url":"https:\/\/humydry.com\/fr\/conseils-humydry\/comment-obtenir-chez-soi-un-air-ambiant-sain-et-agreable\/","name":"Comment obtenir chez soi un air ambiant sain et agr\u00e9able ? - Humydry","isPartOf":{"@id":"https:\/\/humydry.com\/#website"},"datePublished":"2020-12-09T10:31:12+00:00","dateModified":"2020-12-09T10:31:12+00:00","breadcrumb":{"@id":"https:\/\/humydry.com\/fr\/conseils-humydry\/comment-obtenir-chez-soi-un-air-ambiant-sain-et-agreable\/#breadcrumb"},"inLanguage":"fr-FR","potentialAction":[{"@type":"ReadAction","target":["https:\/\/humydry.com\/fr\/conseils-humydry\/comment-obtenir-chez-soi-un-air-ambiant-sain-et-agreable\/"]}]},{"@type":"BreadcrumbList","@id":"https:\/\/humydry.com\/fr\/conseils-humydry\/comment-obtenir-chez-soi-un-air-ambiant-sain-et-agreable\/#breadcrumb","itemListElement":[{"@type":"ListItem","position":1,"name":"Portada","item":"https:\/\/humydry.com\/fr\/"},{"@type":"ListItem","position":2,"name":"CONSEILS HUMYDRY","item":"https:\/\/humydry.com\/fr\/conseils-humydry\/"},{"@type":"ListItem","position":3,"name":"Comment obtenir chez soi un air ambiant sain et agr\u00e9able ?"}]}]}},"_links":{"self":[{"href":"https:\/\/humydry.com\/fr\/wp-json\/wp\/v2\/pages\/2965"}],"collection":[{"href":"https:\/\/humydry.com\/fr\/wp-json\/wp\/v2\/pages"}],"about":[{"href":"https:\/\/humydry.com\/fr\/wp-json\/wp\/v2\/types\/page"}],"author":[{"embeddable":true,"href":"https:\/\/humydry.com\/fr\/wp-json\/wp\/v2\/users\/1"}],"replies":[{"embeddable":true,"href":"https:\/\/humydry.com\/fr\/wp-json\/wp\/v2\/comments?post=2965"}],"version-history":[{"count":2,"href":"https:\/\/humydry.com\/fr\/wp-json\/wp\/v2\/pages\/2965\/revisions"}],"predecessor-version":[{"id":2967,"href":"https:\/\/humydry.com\/fr\/wp-json\/wp\/v2\/pages\/2965\/revisions\/2967"}],"up":[{"embeddable":true,"href":"https:\/\/humydry.com\/fr\/wp-json\/wp\/v2\/pages\/2953"}],"wp:attachment":[{"href":"https:\/\/humydry.com\/fr\/wp-json\/wp\/v2\/media?parent=2965"}],"curies":[{"name":"wp","href":"https:\/\/api.w.org\/{rel}","templated":true}]}}