{"id":2962,"date":"2020-12-09T11:29:00","date_gmt":"2020-12-09T10:29:00","guid":{"rendered":"https:\/\/humydry.com\/conseils-humydry\/les-consequences-dun-air-ambiant-avec-un-exces-dhumidite\/"},"modified":"2020-12-10T09:41:26","modified_gmt":"2020-12-10T08:41:26","slug":"les-consequences-dun-air-ambiant-avec-un-exces-dhumidite","status":"publish","type":"page","link":"https:\/\/humydry.com\/fr\/conseils-humydry\/les-consequences-dun-air-ambiant-avec-un-exces-dhumidite\/","title":{"rendered":"Les cons\u00e9quences d\u2019un air ambiant avec un exc\u00e8s d\u2019humidit\u00e9"},"content":{"rendered":"<p>[et_pb_section fb_built=\u00a0\u00bb1&Prime; _builder_version=\u00a0\u00bb4.3.4&Prime; background_color=\u00a0\u00bb#c9e9f8&Prime; custom_margin=\u00a0\u00bb30px|30px||30px|false|false\u00a0\u00bb custom_margin_tablet=\u00a0\u00bb\u00a0\u00bb custom_margin_phone=\u00a0\u00bb|0px||0px|false|false\u00a0\u00bb custom_margin_last_edited=\u00a0\u00bbon|desktop\u00a0\u00bb][et_pb_row _builder_version=\u00a0\u00bb4.3.3&Prime; background_color=\u00a0\u00bb#ffffff\u00a0\u00bb custom_padding=\u00a0\u00bb|30px||30px|false|false\u00a0\u00bb][et_pb_column type=\u00a0\u00bb4_4&Prime; _builder_version=\u00a0\u00bb4.3.3&Prime;][et_pb_image src=\u00a0\u00bbhttps:\/\/humydry.com\/wp-content\/uploads\/2020\/03\/consecuencias-exceso-humedad.jpg\u00a0\u00bb _builder_version=\u00a0\u00bb4.3.4&Prime;][\/et_pb_image][\/et_pb_column][\/et_pb_row][et_pb_row column_structure=\u00a0\u00bb3_5,2_5&Prime; _builder_version=\u00a0\u00bb4.4.1&Prime; background_color=\u00a0\u00bb#ffffff\u00a0\u00bb custom_padding=\u00a0\u00bb|30px|50px|30px|false|false\u00a0\u00bb][et_pb_column type=\u00a0\u00bb3_5&Prime; _builder_version=\u00a0\u00bb4.3.3&Prime;][et_pb_text _builder_version=\u00a0\u00bb4.3.4&Prime; header_font=\u00a0\u00bb|800|||||||\u00a0\u00bb]<\/p>\n<h1><strong>Les cons\u00e9quences d\u2019un air ambiant avec un exc\u00e8s d\u2019humidit\u00e9<\/strong><\/h1>\n<p>[\/et_pb_text][et_pb_text _builder_version=\u00a0\u00bb4.3.4&Prime;]<\/p>\n<p>Un taux \u00e9lev\u00e9 d\u2019humidit\u00e9 peut expliquer l\u2019apparition de <strong>moisissures<\/strong> et d\u2019<strong>acariens<\/strong>.\u00a0<strong>Ces derniers ont des effets n\u00e9gatifs sur la sant\u00e9, principalement sur celle des enfants et des personnes pr\u00e9sentant certaines affections respiratoires<\/strong> comme l\u2019asthme, par exemple.\u00a0Il a \u00e9t\u00e9 d\u00e9montr\u00e9 que l\u2019exposition prolong\u00e9e aux moisissures et aux spores qu\u2019elles lib\u00e8rent aggrave les probl\u00e8mes de ces personnes \u00e0 risque.<\/p>\n<p>Une autre cause de nombreuses allergies typiques sont les <strong>acariens<\/strong> et leurs excr\u00e9ments. Ces parasites s\u2019alimentent des squames de la peau que laissent les personnes et les animaux.<\/p>\n<p>Pour \u00e9viter que les moisissures et les acariens n\u2019affectent les personnes pr\u00e9sentant des <strong>maladies respiratoires<\/strong>, il est essentiel d\u2019\u00e9viter un <strong>taux d\u2019humidit\u00e9 ambiante<\/strong> sup\u00e9rieur \u00e0 la fourchette optimale (50-60 %).\u00a0L\u2019humidit\u00e9 favorise l\u2019apparition et la prolif\u00e9ration des acariens et des moisissures ; il est dont recommand\u00e9 de <strong>bien a\u00e9rer les pi\u00e8ces<\/strong>, de <strong>bien nettoyer le linge<\/strong>, et d\u2019utiliser des produits anti-humidit\u00e9 ou d\u00e9shumidificateurs qui vous aideront \u00e0 obtenir un air sain et agr\u00e9able.<\/p>\n<p>Les produits HUMYDRY Anti-humidit\u00e9 sont vos meilleurs alli\u00e9s pour une famille en bonne sant\u00e9. <a href=\"humydry.com\/fr\/produits-anti-humidite\/\">D\u00e9couvrez-les en cliquant ici !<\/a><\/p>\n<p>[\/et_pb_text][\/et_pb_column][et_pb_column type=\u00a0\u00bb2_5&Prime; _builder_version=\u00a0\u00bb4.3.3&Prime;][\/et_pb_column][\/et_pb_row][\/et_pb_section]<\/p>\n","protected":false},"excerpt":{"rendered":"<p>Les cons\u00e9quences d\u2019un air ambiant avec un exc\u00e8s d\u2019humidit\u00e9Un taux \u00e9lev\u00e9 d\u2019humidit\u00e9 peut expliquer l\u2019apparition de moisissures et d\u2019acariens.\u00a0Ces derniers ont des effets n\u00e9gatifs sur la sant\u00e9, principalement sur celle des enfants et des personnes pr\u00e9sentant certaines affections respiratoires comme l\u2019asthme, par exemple.\u00a0Il a \u00e9t\u00e9 d\u00e9montr\u00e9 que l\u2019exposition prolong\u00e9e aux moisissures et aux spores qu\u2019elles [&hellip;]<\/p>\n","protected":false},"author":1,"featured_media":0,"parent":2953,"menu_order":66,"comment_status":"closed","ping_status":"closed","template":"","meta":{"_et_pb_use_builder":"on","_et_pb_old_content":"","_et_gb_content_width":""},"acf":[],"yoast_head":"<!-- This site is optimized with the Yoast SEO plugin v17.5 - https:\/\/yoast.com\/wordpress\/plugins\/seo\/ -->\n<title>Les cons\u00e9quences d\u2019un air ambiant avec un exc\u00e8s d\u2019humidit\u00e9 - Humydry<\/title>\n<meta name=\"robots\" content=\"index, follow, max-snippet:-1, max-image-preview:large, max-video-preview:-1\" \/>\n<link rel=\"canonical\" href=\"https:\/\/humydry.com\/fr\/conseils-humydry\/les-consequences-dun-air-ambiant-avec-un-exces-dhumidite\/\" \/>\n<meta property=\"og:locale\" content=\"fr_FR\" \/>\n<meta property=\"og:type\" content=\"article\" \/>\n<meta property=\"og:title\" content=\"Les cons\u00e9quences d\u2019un air ambiant avec un exc\u00e8s d\u2019humidit\u00e9 - Humydry\" \/>\n<meta property=\"og:description\" content=\"Les cons\u00e9quences d\u2019un air ambiant avec un exc\u00e8s d\u2019humidit\u00e9Un taux \u00e9lev\u00e9 d\u2019humidit\u00e9 peut expliquer l\u2019apparition de moisissures et d\u2019acariens.\u00a0Ces derniers ont des effets n\u00e9gatifs sur la sant\u00e9, principalement sur celle des enfants et des personnes pr\u00e9sentant certaines affections respiratoires comme l\u2019asthme, par exemple.\u00a0Il a \u00e9t\u00e9 d\u00e9montr\u00e9 que l\u2019exposition prolong\u00e9e aux moisissures et aux spores qu\u2019elles [&hellip;]\" \/>\n<meta property=\"og:url\" content=\"https:\/\/humydry.com\/fr\/conseils-humydry\/les-consequences-dun-air-ambiant-avec-un-exces-dhumidite\/\" \/>\n<meta property=\"og:site_name\" content=\"Humydry\" \/>\n<meta property=\"article:modified_time\" content=\"2020-12-10T08:41:26+00:00\" \/>\n<meta name=\"twitter:card\" content=\"summary_large_image\" \/>\n<meta name=\"twitter:label1\" content=\"Dur\u00e9e de lecture est.\" \/>\n\t<meta name=\"twitter:data1\" content=\"2 minutes\" \/>\n<script type=\"application\/ld+json\" class=\"yoast-schema-graph\">{\"@context\":\"https:\/\/schema.org\",\"@graph\":[{\"@type\":\"WebSite\",\"@id\":\"https:\/\/humydry.com\/#website\",\"url\":\"https:\/\/humydry.com\/\",\"name\":\"Humydry\",\"description\":\"\",\"potentialAction\":[{\"@type\":\"SearchAction\",\"target\":{\"@type\":\"EntryPoint\",\"urlTemplate\":\"https:\/\/humydry.com\/?s={search_term_string}\"},\"query-input\":\"required name=search_term_string\"}],\"inLanguage\":\"fr-FR\"},{\"@type\":\"WebPage\",\"@id\":\"https:\/\/humydry.com\/fr\/conseils-humydry\/les-consequences-dun-air-ambiant-avec-un-exces-dhumidite\/#webpage\",\"url\":\"https:\/\/humydry.com\/fr\/conseils-humydry\/les-consequences-dun-air-ambiant-avec-un-exces-dhumidite\/\",\"name\":\"Les cons\\u00e9quences d\\u2019un air ambiant avec un exc\\u00e8s d\\u2019humidit\\u00e9 - Humydry\",\"isPartOf\":{\"@id\":\"https:\/\/humydry.com\/#website\"},\"datePublished\":\"2020-12-09T10:29:00+00:00\",\"dateModified\":\"2020-12-10T08:41:26+00:00\",\"breadcrumb\":{\"@id\":\"https:\/\/humydry.com\/fr\/conseils-humydry\/les-consequences-dun-air-ambiant-avec-un-exces-dhumidite\/#breadcrumb\"},\"inLanguage\":\"fr-FR\",\"potentialAction\":[{\"@type\":\"ReadAction\",\"target\":[\"https:\/\/humydry.com\/fr\/conseils-humydry\/les-consequences-dun-air-ambiant-avec-un-exces-dhumidite\/\"]}]},{\"@type\":\"BreadcrumbList\",\"@id\":\"https:\/\/humydry.com\/fr\/conseils-humydry\/les-consequences-dun-air-ambiant-avec-un-exces-dhumidite\/#breadcrumb\",\"itemListElement\":[{\"@type\":\"ListItem\",\"position\":1,\"name\":\"Portada\",\"item\":\"https:\/\/humydry.com\/fr\/\"},{\"@type\":\"ListItem\",\"position\":2,\"name\":\"CONSEILS HUMYDRY\",\"item\":\"https:\/\/humydry.com\/fr\/conseils-humydry\/\"},{\"@type\":\"ListItem\",\"position\":3,\"name\":\"Les cons\\u00e9quences d\\u2019un air ambiant avec un exc\\u00e8s d\\u2019humidit\\u00e9\"}]}]}<\/script>\n<!-- \/ Yoast SEO plugin. -->","yoast_head_json":{"title":"Les cons\u00e9quences d\u2019un air ambiant avec un exc\u00e8s d\u2019humidit\u00e9 - Humydry","robots":{"index":"index","follow":"follow","max-snippet":"max-snippet:-1","max-image-preview":"max-image-preview:large","max-video-preview":"max-video-preview:-1"},"canonical":"https:\/\/humydry.com\/fr\/conseils-humydry\/les-consequences-dun-air-ambiant-avec-un-exces-dhumidite\/","og_locale":"fr_FR","og_type":"article","og_title":"Les cons\u00e9quences d\u2019un air ambiant avec un exc\u00e8s d\u2019humidit\u00e9 - Humydry","og_description":"Les cons\u00e9quences d\u2019un air ambiant avec un exc\u00e8s d\u2019humidit\u00e9Un taux \u00e9lev\u00e9 d\u2019humidit\u00e9 peut expliquer l\u2019apparition de moisissures et d\u2019acariens.\u00a0Ces derniers ont des effets n\u00e9gatifs sur la sant\u00e9, principalement sur celle des enfants et des personnes pr\u00e9sentant certaines affections respiratoires comme l\u2019asthme, par exemple.\u00a0Il a \u00e9t\u00e9 d\u00e9montr\u00e9 que l\u2019exposition prolong\u00e9e aux moisissures et aux spores qu\u2019elles [&hellip;]","og_url":"https:\/\/humydry.com\/fr\/conseils-humydry\/les-consequences-dun-air-ambiant-avec-un-exces-dhumidite\/","og_site_name":"Humydry","article_modified_time":"2020-12-10T08:41:26+00:00","twitter_card":"summary_large_image","twitter_misc":{"Dur\u00e9e de lecture est.":"2 minutes"},"schema":{"@context":"https:\/\/schema.org","@graph":[{"@type":"WebSite","@id":"https:\/\/humydry.com\/#website","url":"https:\/\/humydry.com\/","name":"Humydry","description":"","potentialAction":[{"@type":"SearchAction","target":{"@type":"EntryPoint","urlTemplate":"https:\/\/humydry.com\/?s={search_term_string}"},"query-input":"required name=search_term_string"}],"inLanguage":"fr-FR"},{"@type":"WebPage","@id":"https:\/\/humydry.com\/fr\/conseils-humydry\/les-consequences-dun-air-ambiant-avec-un-exces-dhumidite\/#webpage","url":"https:\/\/humydry.com\/fr\/conseils-humydry\/les-consequences-dun-air-ambiant-avec-un-exces-dhumidite\/","name":"Les cons\u00e9quences d\u2019un air ambiant avec un exc\u00e8s d\u2019humidit\u00e9 - Humydry","isPartOf":{"@id":"https:\/\/humydry.com\/#website"},"datePublished":"2020-12-09T10:29:00+00:00","dateModified":"2020-12-10T08:41:26+00:00","breadcrumb":{"@id":"https:\/\/humydry.com\/fr\/conseils-humydry\/les-consequences-dun-air-ambiant-avec-un-exces-dhumidite\/#breadcrumb"},"inLanguage":"fr-FR","potentialAction":[{"@type":"ReadAction","target":["https:\/\/humydry.com\/fr\/conseils-humydry\/les-consequences-dun-air-ambiant-avec-un-exces-dhumidite\/"]}]},{"@type":"BreadcrumbList","@id":"https:\/\/humydry.com\/fr\/conseils-humydry\/les-consequences-dun-air-ambiant-avec-un-exces-dhumidite\/#breadcrumb","itemListElement":[{"@type":"ListItem","position":1,"name":"Portada","item":"https:\/\/humydry.com\/fr\/"},{"@type":"ListItem","position":2,"name":"CONSEILS HUMYDRY","item":"https:\/\/humydry.com\/fr\/conseils-humydry\/"},{"@type":"ListItem","position":3,"name":"Les cons\u00e9quences d\u2019un air ambiant avec un exc\u00e8s d\u2019humidit\u00e9"}]}]}},"_links":{"self":[{"href":"https:\/\/humydry.com\/fr\/wp-json\/wp\/v2\/pages\/2962"}],"collection":[{"href":"https:\/\/humydry.com\/fr\/wp-json\/wp\/v2\/pages"}],"about":[{"href":"https:\/\/humydry.com\/fr\/wp-json\/wp\/v2\/types\/page"}],"author":[{"embeddable":true,"href":"https:\/\/humydry.com\/fr\/wp-json\/wp\/v2\/users\/1"}],"replies":[{"embeddable":true,"href":"https:\/\/humydry.com\/fr\/wp-json\/wp\/v2\/comments?post=2962"}],"version-history":[{"count":5,"href":"https:\/\/humydry.com\/fr\/wp-json\/wp\/v2\/pages\/2962\/revisions"}],"predecessor-version":[{"id":3252,"href":"https:\/\/humydry.com\/fr\/wp-json\/wp\/v2\/pages\/2962\/revisions\/3252"}],"up":[{"embeddable":true,"href":"https:\/\/humydry.com\/fr\/wp-json\/wp\/v2\/pages\/2953"}],"wp:attachment":[{"href":"https:\/\/humydry.com\/fr\/wp-json\/wp\/v2\/media?parent=2962"}],"curies":[{"name":"wp","href":"https:\/\/api.w.org\/{rel}","templated":true}]}}