{"id":2959,"date":"2020-12-09T11:27:33","date_gmt":"2020-12-09T10:27:33","guid":{"rendered":"https:\/\/humydry.com\/conseils-humydry\/pourquoi-utiliser-humydry\/"},"modified":"2020-12-09T11:27:33","modified_gmt":"2020-12-09T10:27:33","slug":"pourquoi-utiliser-humydry","status":"publish","type":"page","link":"https:\/\/humydry.com\/fr\/conseils-humydry\/pourquoi-utiliser-humydry\/","title":{"rendered":"Pourquoi utiliser Humydry ?"},"content":{"rendered":"<p>[et_pb_section fb_built=\u00a0\u00bb1&Prime; _builder_version=\u00a0\u00bb4.3.4&Prime; background_color=\u00a0\u00bb#c9e9f8&Prime; custom_margin=\u00a0\u00bb30px|30px||30px|false|false\u00a0\u00bb custom_margin_tablet=\u00a0\u00bb\u00a0\u00bb custom_margin_phone=\u00a0\u00bb|0px||0px|false|false\u00a0\u00bb custom_margin_last_edited=\u00a0\u00bbon|desktop\u00a0\u00bb][et_pb_row _builder_version=\u00a0\u00bb4.3.3&Prime; background_color=\u00a0\u00bb#ffffff\u00a0\u00bb custom_padding=\u00a0\u00bb|30px||30px|false|false\u00a0\u00bb][et_pb_column type=\u00a0\u00bb4_4&Prime; _builder_version=\u00a0\u00bb4.3.3&Prime;][et_pb_image src=\u00a0\u00bbhttps:\/\/humydry.com\/wp-content\/uploads\/2020\/03\/por-que-usar-humydry.jpg\u00a0\u00bb _builder_version=\u00a0\u00bb4.3.4&Prime;][\/et_pb_image][\/et_pb_column][\/et_pb_row][et_pb_row column_structure=\u00a0\u00bb3_5,2_5&Prime; _builder_version=\u00a0\u00bb4.4.1&Prime; background_color=\u00a0\u00bb#ffffff\u00a0\u00bb custom_padding=\u00a0\u00bb|30px|50px|30px|false|false\u00a0\u00bb][et_pb_column type=\u00a0\u00bb3_5&Prime; _builder_version=\u00a0\u00bb4.3.3&Prime;][et_pb_text _builder_version=\u00a0\u00bb4.3.3&Prime; header_font=\u00a0\u00bb|800|||||||\u00a0\u00bb]<\/p>\n<h1><strong>Pourquoi utiliser Humydry ?<\/strong><\/h1>\n<p>[\/et_pb_text][et_pb_text _builder_version=\u00a0\u00bb4.3.3&Prime;]<\/p>\n<p>Les produits Humydry sont bien plus qu\u2019une simple solution contre l\u2019humidit\u00e9. Ce sont des outils indispensables pour obtenir un air ambiant de la meilleure qualit\u00e9 pour notre bien-\u00eatre \u00e0 la maison.<\/p>\n<p>Voici les principaux avantages que vous offrent les produits Humydry :<\/p>\n<ul>\n<li><strong>Taux d\u2019humidit\u00e9 optimum :<\/strong> les d\u00e9shumidificateurs d\u2019Humydry absorbent l\u2019exc\u00e8s d\u2019humidit\u00e9 de l\u2019air ambiant jusqu\u2019\u00e0 obtenir un taux optimum qui se trouve entre 40 et 50 % d\u2019humidit\u00e9 relative. D\u00e8s que l\u2019humidit\u00e9 est comprise dans cette fourchette, les produits Humydry cessent d\u2019absorber plus d\u2019humidit\u00e9 pour ne pas ass\u00e9cher l\u2019air ambiant.<\/li>\n<li><strong>Sensation thermique agr\u00e9able :<\/strong> l\u2019exc\u00e8s d\u2019humidit\u00e9 accentue la sensation de chaud et de froid. En ajustant l\u2019humidit\u00e9 dans la fourchette optimale, nous \u00e9vitons la sensation de temps lourd en \u00e9t\u00e9 et de froid p\u00e9n\u00e9trant en hiver.<\/li>\n<li><strong>R\u00e9duction de la consommation d\u2019\u00e9lectricit\u00e9 :<\/strong> en plus de r\u00e9duire la sensation de chaud ou de froid, il est beaucoup plus facile de chauffer ou de refroidir une maison \u00e0 l\u2019air ambiant sec. En effet, vous pourrez faire fonctionner moins longtemps le chauffage ou l\u2019air conditionn\u00e9 et faire ainsi des \u00e9conomies d\u2019\u00e9nergie. De plus, \u00e0 la diff\u00e9rence des d\u00e9shumidificateurs \u00e9lectriques, les produits Humydry fonctionnent sans \u00e9lectricit\u00e9.<\/li>\n<li><strong>Une maison sans allerg\u00e8nes :<\/strong> l\u2019exc\u00e8s d\u2019humidit\u00e9 dans une maison peut \u00eatre \u00e0 l\u2019origine de l\u2019apparition et de la prolif\u00e9ration d\u2019acariens. Cet exc\u00e8s d\u2019humidit\u00e9 contribue \u00e9galement \u00e0 la formation de condensation contre les murs, les vitres, les armoires, etc. \u00e0 l\u2019origine des moisissures.\u00a0 Ces moisissures sont nocives pour la sant\u00e9, en particulier pour les enfants et les personnes \u00e2g\u00e9es, les personnes allergiques ou celles avec des probl\u00e8mes respiratoires.<\/li>\n<li><strong>Vos effets personnels prot\u00e9g\u00e9s :<\/strong> des moisissures dans les angles, des taches d\u2019humidit\u00e9 sur les murs, le bois en mauvais \u00e9tat, une peinture qui s\u2019\u00e9caille, le m\u00e9tal rouill\u00e9, l\u2019odeur humide sur les v\u00eatements, les livres jaunis, etc. Ce sont l\u00e0 les principaux d\u00e9g\u00e2ts que l\u2019humidit\u00e9 peut provoquer \u00e0 vos effets personnels et que vous \u00e9viterez si vous maintenez l\u2019humidit\u00e9 ambiante de votre maison \u00e0 un niveau optimal.<\/li>\n<\/ul>\n<p>[\/et_pb_text][\/et_pb_column][et_pb_column type=\u00a0\u00bb2_5&Prime; _builder_version=\u00a0\u00bb4.3.3&Prime;][\/et_pb_column][\/et_pb_row][\/et_pb_section]<\/p>\n","protected":false},"excerpt":{"rendered":"<p>Pourquoi utiliser Humydry ?Les produits Humydry sont bien plus qu\u2019une simple solution contre l\u2019humidit\u00e9. Ce sont des outils indispensables pour obtenir un air ambiant de la meilleure qualit\u00e9 pour notre bien-\u00eatre \u00e0 la maison. Voici les principaux avantages que vous offrent les produits Humydry : Taux d\u2019humidit\u00e9 optimum : les d\u00e9shumidificateurs d\u2019Humydry absorbent l\u2019exc\u00e8s d\u2019humidit\u00e9 [&hellip;]<\/p>\n","protected":false},"author":1,"featured_media":0,"parent":2953,"menu_order":44,"comment_status":"closed","ping_status":"closed","template":"","meta":{"_et_pb_use_builder":"on","_et_pb_old_content":"","_et_gb_content_width":""},"acf":[],"yoast_head":"<!-- This site is optimized with the Yoast SEO plugin v17.5 - https:\/\/yoast.com\/wordpress\/plugins\/seo\/ -->\n<title>Pourquoi utiliser Humydry ? - Humydry<\/title>\n<meta name=\"robots\" content=\"index, follow, max-snippet:-1, max-image-preview:large, max-video-preview:-1\" \/>\n<link rel=\"canonical\" href=\"https:\/\/humydry.com\/fr\/conseils-humydry\/pourquoi-utiliser-humydry\/\" \/>\n<meta property=\"og:locale\" content=\"fr_FR\" \/>\n<meta property=\"og:type\" content=\"article\" \/>\n<meta property=\"og:title\" content=\"Pourquoi utiliser Humydry ? - Humydry\" \/>\n<meta property=\"og:description\" content=\"Pourquoi utiliser Humydry ?Les produits Humydry sont bien plus qu\u2019une simple solution contre l\u2019humidit\u00e9. Ce sont des outils indispensables pour obtenir un air ambiant de la meilleure qualit\u00e9 pour notre bien-\u00eatre \u00e0 la maison. Voici les principaux avantages que vous offrent les produits Humydry : Taux d\u2019humidit\u00e9 optimum : les d\u00e9shumidificateurs d\u2019Humydry absorbent l\u2019exc\u00e8s d\u2019humidit\u00e9 [&hellip;]\" \/>\n<meta property=\"og:url\" content=\"https:\/\/humydry.com\/fr\/conseils-humydry\/pourquoi-utiliser-humydry\/\" \/>\n<meta property=\"og:site_name\" content=\"Humydry\" \/>\n<meta name=\"twitter:card\" content=\"summary_large_image\" \/>\n<meta name=\"twitter:label1\" content=\"Dur\u00e9e de lecture est.\" \/>\n\t<meta name=\"twitter:data1\" content=\"3 minutes\" \/>\n<script type=\"application\/ld+json\" class=\"yoast-schema-graph\">{\"@context\":\"https:\/\/schema.org\",\"@graph\":[{\"@type\":\"WebSite\",\"@id\":\"https:\/\/humydry.com\/#website\",\"url\":\"https:\/\/humydry.com\/\",\"name\":\"Humydry\",\"description\":\"\",\"potentialAction\":[{\"@type\":\"SearchAction\",\"target\":{\"@type\":\"EntryPoint\",\"urlTemplate\":\"https:\/\/humydry.com\/?s={search_term_string}\"},\"query-input\":\"required name=search_term_string\"}],\"inLanguage\":\"fr-FR\"},{\"@type\":\"WebPage\",\"@id\":\"https:\/\/humydry.com\/fr\/conseils-humydry\/pourquoi-utiliser-humydry\/#webpage\",\"url\":\"https:\/\/humydry.com\/fr\/conseils-humydry\/pourquoi-utiliser-humydry\/\",\"name\":\"Pourquoi utiliser Humydry ? - Humydry\",\"isPartOf\":{\"@id\":\"https:\/\/humydry.com\/#website\"},\"datePublished\":\"2020-12-09T10:27:33+00:00\",\"dateModified\":\"2020-12-09T10:27:33+00:00\",\"breadcrumb\":{\"@id\":\"https:\/\/humydry.com\/fr\/conseils-humydry\/pourquoi-utiliser-humydry\/#breadcrumb\"},\"inLanguage\":\"fr-FR\",\"potentialAction\":[{\"@type\":\"ReadAction\",\"target\":[\"https:\/\/humydry.com\/fr\/conseils-humydry\/pourquoi-utiliser-humydry\/\"]}]},{\"@type\":\"BreadcrumbList\",\"@id\":\"https:\/\/humydry.com\/fr\/conseils-humydry\/pourquoi-utiliser-humydry\/#breadcrumb\",\"itemListElement\":[{\"@type\":\"ListItem\",\"position\":1,\"name\":\"Portada\",\"item\":\"https:\/\/humydry.com\/fr\/\"},{\"@type\":\"ListItem\",\"position\":2,\"name\":\"CONSEILS HUMYDRY\",\"item\":\"https:\/\/humydry.com\/fr\/conseils-humydry\/\"},{\"@type\":\"ListItem\",\"position\":3,\"name\":\"Pourquoi utiliser Humydry ?\"}]}]}<\/script>\n<!-- \/ Yoast SEO plugin. -->","yoast_head_json":{"title":"Pourquoi utiliser Humydry ? - Humydry","robots":{"index":"index","follow":"follow","max-snippet":"max-snippet:-1","max-image-preview":"max-image-preview:large","max-video-preview":"max-video-preview:-1"},"canonical":"https:\/\/humydry.com\/fr\/conseils-humydry\/pourquoi-utiliser-humydry\/","og_locale":"fr_FR","og_type":"article","og_title":"Pourquoi utiliser Humydry ? - Humydry","og_description":"Pourquoi utiliser Humydry ?Les produits Humydry sont bien plus qu\u2019une simple solution contre l\u2019humidit\u00e9. Ce sont des outils indispensables pour obtenir un air ambiant de la meilleure qualit\u00e9 pour notre bien-\u00eatre \u00e0 la maison. Voici les principaux avantages que vous offrent les produits Humydry : Taux d\u2019humidit\u00e9 optimum : les d\u00e9shumidificateurs d\u2019Humydry absorbent l\u2019exc\u00e8s d\u2019humidit\u00e9 [&hellip;]","og_url":"https:\/\/humydry.com\/fr\/conseils-humydry\/pourquoi-utiliser-humydry\/","og_site_name":"Humydry","twitter_card":"summary_large_image","twitter_misc":{"Dur\u00e9e de lecture est.":"3 minutes"},"schema":{"@context":"https:\/\/schema.org","@graph":[{"@type":"WebSite","@id":"https:\/\/humydry.com\/#website","url":"https:\/\/humydry.com\/","name":"Humydry","description":"","potentialAction":[{"@type":"SearchAction","target":{"@type":"EntryPoint","urlTemplate":"https:\/\/humydry.com\/?s={search_term_string}"},"query-input":"required name=search_term_string"}],"inLanguage":"fr-FR"},{"@type":"WebPage","@id":"https:\/\/humydry.com\/fr\/conseils-humydry\/pourquoi-utiliser-humydry\/#webpage","url":"https:\/\/humydry.com\/fr\/conseils-humydry\/pourquoi-utiliser-humydry\/","name":"Pourquoi utiliser Humydry ? - Humydry","isPartOf":{"@id":"https:\/\/humydry.com\/#website"},"datePublished":"2020-12-09T10:27:33+00:00","dateModified":"2020-12-09T10:27:33+00:00","breadcrumb":{"@id":"https:\/\/humydry.com\/fr\/conseils-humydry\/pourquoi-utiliser-humydry\/#breadcrumb"},"inLanguage":"fr-FR","potentialAction":[{"@type":"ReadAction","target":["https:\/\/humydry.com\/fr\/conseils-humydry\/pourquoi-utiliser-humydry\/"]}]},{"@type":"BreadcrumbList","@id":"https:\/\/humydry.com\/fr\/conseils-humydry\/pourquoi-utiliser-humydry\/#breadcrumb","itemListElement":[{"@type":"ListItem","position":1,"name":"Portada","item":"https:\/\/humydry.com\/fr\/"},{"@type":"ListItem","position":2,"name":"CONSEILS HUMYDRY","item":"https:\/\/humydry.com\/fr\/conseils-humydry\/"},{"@type":"ListItem","position":3,"name":"Pourquoi utiliser Humydry ?"}]}]}},"_links":{"self":[{"href":"https:\/\/humydry.com\/fr\/wp-json\/wp\/v2\/pages\/2959"}],"collection":[{"href":"https:\/\/humydry.com\/fr\/wp-json\/wp\/v2\/pages"}],"about":[{"href":"https:\/\/humydry.com\/fr\/wp-json\/wp\/v2\/types\/page"}],"author":[{"embeddable":true,"href":"https:\/\/humydry.com\/fr\/wp-json\/wp\/v2\/users\/1"}],"replies":[{"embeddable":true,"href":"https:\/\/humydry.com\/fr\/wp-json\/wp\/v2\/comments?post=2959"}],"version-history":[{"count":2,"href":"https:\/\/humydry.com\/fr\/wp-json\/wp\/v2\/pages\/2959\/revisions"}],"predecessor-version":[{"id":2961,"href":"https:\/\/humydry.com\/fr\/wp-json\/wp\/v2\/pages\/2959\/revisions\/2961"}],"up":[{"embeddable":true,"href":"https:\/\/humydry.com\/fr\/wp-json\/wp\/v2\/pages\/2953"}],"wp:attachment":[{"href":"https:\/\/humydry.com\/fr\/wp-json\/wp\/v2\/media?parent=2959"}],"curies":[{"name":"wp","href":"https:\/\/api.w.org\/{rel}","templated":true}]}}