{"id":2751,"date":"2020-12-04T10:38:49","date_gmt":"2020-12-04T09:38:49","guid":{"rendered":"https:\/\/humydry.com\/desodorisants\/"},"modified":"2020-12-04T10:38:49","modified_gmt":"2020-12-04T09:38:49","slug":"desodorisants","status":"publish","type":"page","link":"https:\/\/humydry.com\/fr\/desodorisants\/","title":{"rendered":"D\u00c9SODORISANTS"},"content":{"rendered":"<p>[et_pb_section fb_built=\u00a0\u00bb1&Prime; disabled_on=\u00a0\u00bbon|on|off\u00a0\u00bb _builder_version=\u00a0\u00bb4.4.1&Prime; custom_padding=\u00a0\u00bb0px||0px||false|false\u00a0\u00bb global_module=\u00a0\u00bb1546&Prime;][et_pb_row column_structure=\u00a0\u00bb1_4,1_4,1_4,1_4&Prime; _builder_version=\u00a0\u00bb4.3.3&Prime; custom_padding=\u00a0\u00bb50px||||false|false\u00a0\u00bb][et_pb_column type=\u00a0\u00bb1_4&Prime; _builder_version=\u00a0\u00bb4.3.2&Prime;][et_pb_text _builder_version=\u00a0\u00bb4.3.3&Prime; _dynamic_attributes=\u00a0\u00bblink_option_url\u00a0\u00bb header_font=\u00a0\u00bb|300|||||||\u00a0\u00bb header_3_font=\u00a0\u00bb|300|||||||\u00a0\u00bb header_3_text_color=\u00a0\u00bb#9c9e9f\u00a0\u00bb header_3_font_size=\u00a0\u00bb120px\u00a0\u00bb header_3_line_height=\u00a0\u00bb0.9em\u00a0\u00bb custom_margin=\u00a0\u00bb||0px||false|false\u00a0\u00bb link_option_url=\u00a0\u00bb@ET-DC@eyJkeW5hbWljIjp0cnVlLCJjb250ZW50IjoicG9zdF9saW5rX3VybF9wYWdlIiwic2V0dGluZ3MiOnsicG9zdF9pZCI6IjkyIn19@\u00a0\u00bb]<\/p>\n<h3 style=\"text-align: center;\">1.<\/h3>\n<p>[\/et_pb_text][et_pb_text _builder_version=\u00a0\u00bb4.3.3&Prime; _dynamic_attributes=\u00a0\u00bblink_option_url\u00a0\u00bb text_text_color=\u00a0\u00bb#9c9e9f\u00a0\u00bb link_option_url=\u00a0\u00bb@ET-DC@eyJkeW5hbWljIjp0cnVlLCJjb250ZW50IjoicG9zdF9saW5rX3VybF9wYWdlIiwic2V0dGluZ3MiOnsicG9zdF9pZCI6IjkyIn19@\u00a0\u00bb]<\/p>\n<p style=\"text-align: center;\">PRODUITS ANTI-HUMIDIT\u00c9<\/p>\n<p>[\/et_pb_text][\/et_pb_column][et_pb_column type=\u00a0\u00bb1_4&Prime; _builder_version=\u00a0\u00bb4.3.2&Prime;][et_pb_text _builder_version=\u00a0\u00bb4.3.3&Prime; _dynamic_attributes=\u00a0\u00bblink_option_url\u00a0\u00bb header_3_font=\u00a0\u00bb|300|||||||\u00a0\u00bb header_3_text_color=\u00a0\u00bb#9C9E9F\u00a0\u00bb header_3_font_size=\u00a0\u00bb120px\u00a0\u00bb header_3_line_height=\u00a0\u00bb0.9em\u00a0\u00bb custom_margin=\u00a0\u00bb||0px||false|false\u00a0\u00bb link_option_url=\u00a0\u00bb@ET-DC@eyJkeW5hbWljIjp0cnVlLCJjb250ZW50IjoicG9zdF9saW5rX3VybF9wYWdlIiwic2V0dGluZ3MiOnsicG9zdF9pZCI6IjI4MiJ9fQ==@\u00a0\u00bb]<\/p>\n<h3 style=\"text-align: center;\">2.<\/h3>\n<p>[\/et_pb_text][et_pb_text _builder_version=\u00a0\u00bb4.3.3&Prime; _dynamic_attributes=\u00a0\u00bblink_option_url\u00a0\u00bb text_text_color=\u00a0\u00bb#9C9E9F\u00a0\u00bb link_option_url=\u00a0\u00bb@ET-DC@eyJkeW5hbWljIjp0cnVlLCJjb250ZW50IjoicG9zdF9saW5rX3VybF9wYWdlIiwic2V0dGluZ3MiOnsicG9zdF9pZCI6IjI4MiJ9fQ==@\u00a0\u00bb]<\/p>\n<p style=\"text-align: center;\">ABSORBEURS D\u2019ODEURS<\/p>\n<p>[\/et_pb_text][\/et_pb_column][et_pb_column type=\u00a0\u00bb1_4&Prime; _builder_version=\u00a0\u00bb4.3.2&Prime;][et_pb_text _builder_version=\u00a0\u00bb4.4.1&Prime; _dynamic_attributes=\u00a0\u00bblink_option_url\u00a0\u00bb header_3_font=\u00a0\u00bb|300|||||||\u00a0\u00bb header_3_text_color=\u00a0\u00bb#4b4b4d\u00a0\u00bb header_3_font_size=\u00a0\u00bb120px\u00a0\u00bb header_3_line_height=\u00a0\u00bb0.9em\u00a0\u00bb custom_margin=\u00a0\u00bb||0px||false|false\u00a0\u00bb link_option_url=\u00a0\u00bb@ET-DC@eyJkeW5hbWljIjp0cnVlLCJjb250ZW50IjoicG9zdF9saW5rX3VybF9wYWdlIiwic2V0dGluZ3MiOnsicG9zdF9pZCI6IjMwMCJ9fQ==@\u00a0\u00bb]<\/p>\n<h3 style=\"text-align: center;\">3.<\/h3>\n<p>[\/et_pb_text][et_pb_text _builder_version=\u00a0\u00bb4.4.1&Prime; _dynamic_attributes=\u00a0\u00bblink_option_url\u00a0\u00bb text_text_color=\u00a0\u00bb#4b4b4d\u00a0\u00bb link_option_url=\u00a0\u00bb@ET-DC@eyJkeW5hbWljIjp0cnVlLCJjb250ZW50IjoicG9zdF9saW5rX3VybF9wYWdlIiwic2V0dGluZ3MiOnsicG9zdF9pZCI6IjMwMCJ9fQ==@\u00a0\u00bb]<\/p>\n<p style=\"text-align: center;\"><strong>D\u00c9SODORISANTS<\/strong><\/p>\n<p>[\/et_pb_text][\/et_pb_column][et_pb_column type=\u00a0\u00bb1_4&Prime; _builder_version=\u00a0\u00bb4.3.2&Prime;][et_pb_text _builder_version=\u00a0\u00bb4.3.3&Prime; _dynamic_attributes=\u00a0\u00bblink_option_url\u00a0\u00bb header_3_font=\u00a0\u00bb|300|||||||\u00a0\u00bb header_3_text_color=\u00a0\u00bb#9C9E9F\u00a0\u00bb header_3_font_size=\u00a0\u00bb120px\u00a0\u00bb header_3_line_height=\u00a0\u00bb0.9em\u00a0\u00bb custom_margin=\u00a0\u00bb||0px||false|false\u00a0\u00bb link_option_url=\u00a0\u00bb@ET-DC@eyJkeW5hbWljIjp0cnVlLCJjb250ZW50IjoicG9zdF9saW5rX3VybF9wYWdlIiwic2V0dGluZ3MiOnsicG9zdF9pZCI6IjMzNCJ9fQ==@\u00a0\u00bb]<\/p>\n<h3 style=\"text-align: center;\">4.<\/h3>\n<p>[\/et_pb_text][et_pb_text _builder_version=\u00a0\u00bb4.3.3&Prime; _dynamic_attributes=\u00a0\u00bblink_option_url\u00a0\u00bb text_text_color=\u00a0\u00bb#9C9E9F\u00a0\u00bb link_option_url=\u00a0\u00bb@ET-DC@eyJkeW5hbWljIjp0cnVlLCJjb250ZW50IjoicG9zdF9saW5rX3VybF9wYWdlIiwic2V0dGluZ3MiOnsicG9zdF9pZCI6IjMzNCJ9fQ==@\u00a0\u00bb]<\/p>\n<p style=\"text-align: center;\">NEUTRALISANTS D\u2019ODEURS<\/p>\n<p>[\/et_pb_text][\/et_pb_column][\/et_pb_row][\/et_pb_section][et_pb_section fb_built=\u00a0\u00bb1&Prime; disabled_on=\u00a0\u00bboff|off|on\u00a0\u00bb _builder_version=\u00a0\u00bb4.4.1&Prime; custom_padding=\u00a0\u00bb0px||0px||false|false\u00a0\u00bb global_module=\u00a0\u00bb2003&Prime; saved_tabs=\u00a0\u00bball\u00a0\u00bb][et_pb_row _builder_version=\u00a0\u00bb4.4.1&Prime; width=\u00a0\u00bb90%\u00a0\u00bb][et_pb_column type=\u00a0\u00bb4_4&Prime; _builder_version=\u00a0\u00bb4.4.1&Prime;][et_pb_text _builder_version=\u00a0\u00bb4.4.1&Prime; _dynamic_attributes=\u00a0\u00bblink_option_url\u00a0\u00bb header_font=\u00a0\u00bb|300|||||||\u00a0\u00bb header_3_font=\u00a0\u00bb|300|||||||\u00a0\u00bb header_3_text_color=\u00a0\u00bb#9c9e9f\u00a0\u00bb header_3_font_size=\u00a0\u00bb21px\u00a0\u00bb header_3_line_height=\u00a0\u00bb0.9em\u00a0\u00bb custom_margin=\u00a0\u00bb||10px||false|false\u00a0\u00bb link_option_url=\u00a0\u00bb@ET-DC@eyJkeW5hbWljIjp0cnVlLCJjb250ZW50IjoicG9zdF9saW5rX3VybF9wYWdlIiwic2V0dGluZ3MiOnsicG9zdF9pZCI6IjkyIn19@\u00a0\u00bb]<\/p>\n<h3 style=\"text-align: center;\">1. PRODUITS ANTI-HUMIDIT\u00c9<\/h3>\n<p>[\/et_pb_text][et_pb_text _builder_version=\u00a0\u00bb4.4.1&Prime; _dynamic_attributes=\u00a0\u00bblink_option_url\u00a0\u00bb header_3_font=\u00a0\u00bb|300|||||||\u00a0\u00bb header_3_text_color=\u00a0\u00bb#9C9E9F\u00a0\u00bb header_3_font_size=\u00a0\u00bb21px\u00a0\u00bb header_3_line_height=\u00a0\u00bb0.9em\u00a0\u00bb custom_margin=\u00a0\u00bb||10px||false|false\u00a0\u00bb link_option_url=\u00a0\u00bb@ET-DC@eyJkeW5hbWljIjp0cnVlLCJjb250ZW50IjoicG9zdF9saW5rX3VybF9wYWdlIiwic2V0dGluZ3MiOnsicG9zdF9pZCI6IjI4MiJ9fQ==@\u00a0\u00bb]<\/p>\n<h3 style=\"text-align: center;\">2. ABSORBEURS D\u2019ODEURS<\/h3>\n<p>[\/et_pb_text][et_pb_text _builder_version=\u00a0\u00bb4.4.1&Prime; _dynamic_attributes=\u00a0\u00bblink_option_url\u00a0\u00bb header_3_font=\u00a0\u00bb|300|||||||\u00a0\u00bb header_3_text_color=\u00a0\u00bb#4b4b4d\u00a0\u00bb header_3_font_size=\u00a0\u00bb21px\u00a0\u00bb header_3_line_height=\u00a0\u00bb0.9em\u00a0\u00bb custom_margin=\u00a0\u00bb||10px||false|false\u00a0\u00bb link_option_url=\u00a0\u00bb@ET-DC@eyJkeW5hbWljIjp0cnVlLCJjb250ZW50IjoicG9zdF9saW5rX3VybF9wYWdlIiwic2V0dGluZ3MiOnsicG9zdF9pZCI6IjMwMCJ9fQ==@\u00a0\u00bb]<\/p>\n<h3 style=\"text-align: center;\"><b>3. D\u00c9SODORISANTS<\/b><\/h3>\n<p>[\/et_pb_text][et_pb_text _builder_version=\u00a0\u00bb4.4.1&Prime; _dynamic_attributes=\u00a0\u00bblink_option_url\u00a0\u00bb header_3_font=\u00a0\u00bb|300|||||||\u00a0\u00bb header_3_text_color=\u00a0\u00bb#9C9E9F\u00a0\u00bb header_3_font_size=\u00a0\u00bb21px\u00a0\u00bb header_3_line_height=\u00a0\u00bb0.9em\u00a0\u00bb custom_margin=\u00a0\u00bb||0px||false|false\u00a0\u00bb link_option_url=\u00a0\u00bb@ET-DC@eyJkeW5hbWljIjp0cnVlLCJjb250ZW50IjoicG9zdF9saW5rX3VybF9wYWdlIiwic2V0dGluZ3MiOnsicG9zdF9pZCI6IjMzNCJ9fQ==@\u00a0\u00bb]<\/p>\n<h3 style=\"text-align: center;\">4. NEUTRALISANTS D\u2019ODEURS<\/h3>\n<p>[\/et_pb_text][\/et_pb_column][\/et_pb_row][\/et_pb_section][et_pb_section fb_built=\u00a0\u00bb1&Prime; _builder_version=\u00a0\u00bb4.3.3&Prime; background_image=\u00a0\u00bbhttps:\/\/humydry.com\/wp-content\/uploads\/2020\/02\/fons-ambientadors.jpg\u00a0\u00bb custom_padding=\u00a0\u00bb0px||0px||false|false\u00a0\u00bb][et_pb_row column_structure=\u00a0\u00bb3_5,2_5&Prime; custom_padding_last_edited=\u00a0\u00bbon|tablet\u00a0\u00bb _builder_version=\u00a0\u00bb4.4.1&Prime; max_width_tablet=\u00a0\u00bb95%\u00a0\u00bb max_width_phone=\u00a0\u00bb\u00a0\u00bb max_width_last_edited=\u00a0\u00bbon|tablet\u00a0\u00bb custom_padding=\u00a0\u00bb0px||0px||false|false\u00a0\u00bb custom_padding_tablet=\u00a0\u00bb0px||20px||false|false\u00a0\u00bb custom_padding_phone=\u00a0\u00bb\u00a0\u00bb custom_css_main_element=\u00a0\u00bbdisplay: flex;||flex-wrap: wrap;\u00a0\u00bb][et_pb_column type=\u00a0\u00bb3_5&Prime; module_class=\u00a0\u00bbmobile-one-column\u00a0\u00bb _builder_version=\u00a0\u00bb4.4.1&Prime;][et_pb_image src=\u00a0\u00bbhttps:\/\/humydry.com\/wp-content\/uploads\/2020\/03\/ambientadors-transp.png\u00a0\u00bb align_tablet=\u00a0\u00bb\u00a0\u00bb align_phone=\u00a0\u00bbcenter\u00a0\u00bb align_last_edited=\u00a0\u00bbon|phone\u00a0\u00bb module_class=\u00a0\u00bbjs-tilt\u00a0\u00bb _builder_version=\u00a0\u00bb4.3.4&Prime; max_width=\u00a0\u00bb800px\u00a0\u00bb custom_margin_tablet=\u00a0\u00bb\u00a0\u00bb custom_margin_phone=\u00a0\u00bb||||false|false\u00a0\u00bb custom_margin_last_edited=\u00a0\u00bbon|phone\u00a0\u00bb][\/et_pb_image][\/et_pb_column][et_pb_column type=\u00a0\u00bb2_5&Prime; module_class=\u00a0\u00bbmobile-one-column\u00a0\u00bb _builder_version=\u00a0\u00bb4.4.1&Prime; custom_css_main_element=\u00a0\u00bbdisplay: flex;||flex-wrap: wrap;||flex-direction: column;||justify-content: space-between;\u00a0\u00bb][et_pb_text _builder_version=\u00a0\u00bb4.4.1&Prime; text_font_size=\u00a0\u00bb16px\u00a0\u00bb header_font=\u00a0\u00bb|800|||||||\u00a0\u00bb header_font_size=\u00a0\u00bb34px\u00a0\u00bb header_line_height=\u00a0\u00bb0.9em\u00a0\u00bb width=\u00a0\u00bb100%\u00a0\u00bb custom_margin=\u00a0\u00bb100px||||false|false\u00a0\u00bb custom_margin_tablet=\u00a0\u00bb50px||||false|false\u00a0\u00bb custom_margin_phone=\u00a0\u00bb0px||||false|false\u00a0\u00bb custom_margin_last_edited=\u00a0\u00bbon|phone\u00a0\u00bb text_font_size_tablet=\u00a0\u00bb14px\u00a0\u00bb text_font_size_phone=\u00a0\u00bb\u00a0\u00bb text_font_size_last_edited=\u00a0\u00bbon|tablet\u00a0\u00bb header_font_size_tablet=\u00a0\u00bb21px\u00a0\u00bb header_font_size_phone=\u00a0\u00bb34px\u00a0\u00bb header_font_size_last_edited=\u00a0\u00bbon|phone\u00a0\u00bb]<\/p>\n<h1>D\u00c9SODORISANTS<\/h1>\n<p>Les meilleurs parfums pour la maison. D\u00e9couvrez les ar\u00f4mes les plus naturels.<\/p>\n<p><strong>Un air ambiant frais et agr\u00e9able !<\/strong><\/p>\n<p>[\/et_pb_text][et_pb_image src=\u00a0\u00bbhttps:\/\/humydry.com\/wp-content\/uploads\/2020\/05\/Click-For-Tips.png\u00a0\u00bb url=\u00a0\u00bb@ET-DC@eyJkeW5hbWljIjp0cnVlLCJjb250ZW50IjoicG9zdF9saW5rX3VybF9wYWdlIiwic2V0dGluZ3MiOnsicG9zdF9pZCI6Ijg2In19@\u00a0\u00bb align_tablet=\u00a0\u00bb\u00a0\u00bb align_phone=\u00a0\u00bbcenter\u00a0\u00bb align_last_edited=\u00a0\u00bbon|phone\u00a0\u00bb _builder_version=\u00a0\u00bb4.4.7&Prime; _dynamic_attributes=\u00a0\u00bburl\u00a0\u00bb max_width=\u00a0\u00bb200px\u00a0\u00bb max_width_tablet=\u00a0\u00bb150px\u00a0\u00bb max_width_phone=\u00a0\u00bb\u00a0\u00bb max_width_last_edited=\u00a0\u00bbon|phone\u00a0\u00bb custom_margin=\u00a0\u00bb||50px||false|false\u00a0\u00bb custom_margin_tablet=\u00a0\u00bb||20px||false|false\u00a0\u00bb custom_margin_phone=\u00a0\u00bb0px||0px||false|false\u00a0\u00bb custom_margin_last_edited=\u00a0\u00bbon|tablet\u00a0\u00bb hover_enabled=\u00a0\u00bb0&Prime; title_text=\u00a0\u00bbClick For Tips\u00a0\u00bb][\/et_pb_image][\/et_pb_column][\/et_pb_row][\/et_pb_section][et_pb_section fb_built=\u00a0\u00bb1&Prime; _builder_version=\u00a0\u00bb4.3.2&Prime;][et_pb_row column_structure=\u00a0\u00bb1_4,1_4,1_4,1_4&Prime; use_custom_gutter=\u00a0\u00bbon\u00a0\u00bb gutter_width=\u00a0\u00bb2&Prime; custom_padding_last_edited=\u00a0\u00bbon|phone\u00a0\u00bb _builder_version=\u00a0\u00bb4.4.1&Prime; custom_padding_tablet=\u00a0\u00bb\u00a0\u00bb custom_padding_phone=\u00a0\u00bb0px||0px||false|false\u00a0\u00bb][et_pb_column type=\u00a0\u00bb1_4&Prime; _builder_version=\u00a0\u00bb4.3.2&Prime;][et_pb_blurb title=\u00a0\u00bbD\u00c9OS\u00a0\u00bb url=\u00a0\u00bb@ET-DC@eyJkeW5hbWljIjp0cnVlLCJjb250ZW50IjoicG9zdF9saW5rX3VybF9wcm9qZWN0Iiwic2V0dGluZ3MiOnsicG9zdF9pZCI6IjQ1OCJ9fQ==@\u00a0\u00bb image=\u00a0\u00bbhttps:\/\/humydry.com\/wp-content\/uploads\/2020\/02\/15-deos.jpg\u00a0\u00bb _builder_version=\u00a0\u00bb4.4.1&Prime; _dynamic_attributes=\u00a0\u00bburl,link_option_url\u00a0\u00bb header_text_align=\u00a0\u00bbcenter\u00a0\u00bb background_color=\u00a0\u00bb#f6f6f6&Prime; custom_padding=\u00a0\u00bb||10px||false|false\u00a0\u00bb link_option_url=\u00a0\u00bb@ET-DC@eyJkeW5hbWljIjp0cnVlLCJjb250ZW50IjoicG9zdF9saW5rX3VybF9wcm9qZWN0Iiwic2V0dGluZ3MiOnsicG9zdF9pZCI6IjQ1OCJ9fQ==@\u00a0\u00bb header_font_size_tablet=\u00a0\u00bb\u00a0\u00bb header_font_size_phone=\u00a0\u00bb14px\u00a0\u00bb header_font_size_last_edited=\u00a0\u00bbon|phone\u00a0\u00bb][\/et_pb_blurb][\/et_pb_column][et_pb_column type=\u00a0\u00bb1_4&Prime; _builder_version=\u00a0\u00bb4.3.2&Prime;][et_pb_blurb title=\u00a0\u00bbCLIP\u00a0\u00bb url=\u00a0\u00bb@ET-DC@eyJkeW5hbWljIjp0cnVlLCJjb250ZW50IjoicG9zdF9saW5rX3VybF9wcm9qZWN0Iiwic2V0dGluZ3MiOnsicG9zdF9pZCI6IjEwNjkifX0=@\u00a0\u00bb image=\u00a0\u00bbhttps:\/\/humydry.com\/wp-content\/uploads\/2020\/02\/16-clip.jpg\u00a0\u00bb _builder_version=\u00a0\u00bb4.4.1&Prime; _dynamic_attributes=\u00a0\u00bburl,link_option_url\u00a0\u00bb header_text_align=\u00a0\u00bbcenter\u00a0\u00bb background_color=\u00a0\u00bb#f6f6f6&Prime; custom_padding=\u00a0\u00bb||10px||false|false\u00a0\u00bb link_option_url=\u00a0\u00bb@ET-DC@eyJkeW5hbWljIjp0cnVlLCJjb250ZW50IjoicG9zdF9saW5rX3VybF9wcm9qZWN0Iiwic2V0dGluZ3MiOnsicG9zdF9pZCI6IjEwNjkifX0=@\u00a0\u00bb header_font_size_tablet=\u00a0\u00bb\u00a0\u00bb header_font_size_phone=\u00a0\u00bb14px\u00a0\u00bb header_font_size_last_edited=\u00a0\u00bbon|phone\u00a0\u00bb][\/et_pb_blurb][\/et_pb_column][et_pb_column type=\u00a0\u00bb1_4&Prime; _builder_version=\u00a0\u00bb4.3.2&Prime;][et_pb_blurb title=\u00a0\u00bbCITRONNELLE\u00a0\u00bb url=\u00a0\u00bb@ET-DC@eyJkeW5hbWljIjp0cnVlLCJjb250ZW50IjoicG9zdF9saW5rX3VybF9wcm9qZWN0Iiwic2V0dGluZ3MiOnsicG9zdF9pZCI6IjEwNzQifX0=@\u00a0\u00bb image=\u00a0\u00bbhttps:\/\/humydry.com\/wp-content\/uploads\/2020\/02\/18-citronela.jpg\u00a0\u00bb _builder_version=\u00a0\u00bb4.4.1&Prime; _dynamic_attributes=\u00a0\u00bburl,link_option_url\u00a0\u00bb header_text_align=\u00a0\u00bbcenter\u00a0\u00bb background_color=\u00a0\u00bb#f6f6f6&Prime; custom_padding=\u00a0\u00bb||10px||false|false\u00a0\u00bb link_option_url=\u00a0\u00bb@ET-DC@eyJkeW5hbWljIjp0cnVlLCJjb250ZW50IjoicG9zdF9saW5rX3VybF9wcm9qZWN0Iiwic2V0dGluZ3MiOnsicG9zdF9pZCI6IjEwNzQifX0=@\u00a0\u00bb header_font_size_tablet=\u00a0\u00bb\u00a0\u00bb header_font_size_phone=\u00a0\u00bb14px\u00a0\u00bb header_font_size_last_edited=\u00a0\u00bbon|phone\u00a0\u00bb][\/et_pb_blurb][\/et_pb_column][et_pb_column type=\u00a0\u00bb1_4&Prime; _builder_version=\u00a0\u00bb4.3.2&Prime;][\/et_pb_column][\/et_pb_row][\/et_pb_section]<\/p>\n","protected":false},"excerpt":{"rendered":"<p>1.PRODUITS ANTI-HUMIDIT\u00c92.ABSORBEURS D\u2019ODEURS3.D\u00c9SODORISANTS4.NEUTRALISANTS D\u2019ODEURS1. PRODUITS ANTI-HUMIDIT\u00c92. ABSORBEURS D\u2019ODEURS3. D\u00c9SODORISANTS4. NEUTRALISANTS D\u2019ODEURSD\u00c9SODORISANTS Les meilleurs parfums pour la maison. D\u00e9couvrez les ar\u00f4mes les plus naturels. Un air ambiant frais et agr\u00e9able !<\/p>\n","protected":false},"author":1,"featured_media":0,"parent":0,"menu_order":96,"comment_status":"closed","ping_status":"closed","template":"","meta":{"_et_pb_use_builder":"on","_et_pb_old_content":"","_et_gb_content_width":""},"acf":[],"yoast_head":"<!-- This site is optimized with the Yoast SEO plugin v17.5 - https:\/\/yoast.com\/wordpress\/plugins\/seo\/ -->\n<title>D\u00c9SODORISANTS - Humydry<\/title>\n<meta name=\"robots\" content=\"index, follow, max-snippet:-1, max-image-preview:large, max-video-preview:-1\" \/>\n<link rel=\"canonical\" href=\"https:\/\/humydry.com\/fr\/desodorisants\/\" \/>\n<meta property=\"og:locale\" content=\"fr_FR\" \/>\n<meta property=\"og:type\" content=\"article\" \/>\n<meta property=\"og:title\" content=\"D\u00c9SODORISANTS - Humydry\" \/>\n<meta property=\"og:description\" content=\"1.PRODUITS ANTI-HUMIDIT\u00c92.ABSORBEURS D\u2019ODEURS3.D\u00c9SODORISANTS4.NEUTRALISANTS D\u2019ODEURS1. PRODUITS ANTI-HUMIDIT\u00c92. ABSORBEURS D\u2019ODEURS3. D\u00c9SODORISANTS4. NEUTRALISANTS D\u2019ODEURSD\u00c9SODORISANTS Les meilleurs parfums pour la maison. D\u00e9couvrez les ar\u00f4mes les plus naturels. Un air ambiant frais et agr\u00e9able !\" \/>\n<meta property=\"og:url\" content=\"https:\/\/humydry.com\/fr\/desodorisants\/\" \/>\n<meta property=\"og:site_name\" content=\"Humydry\" \/>\n<meta name=\"twitter:card\" content=\"summary_large_image\" \/>\n<meta name=\"twitter:label1\" content=\"Dur\u00e9e de lecture est.\" \/>\n\t<meta name=\"twitter:data1\" content=\"7 minutes\" \/>\n<script type=\"application\/ld+json\" class=\"yoast-schema-graph\">{\"@context\":\"https:\/\/schema.org\",\"@graph\":[{\"@type\":\"WebSite\",\"@id\":\"https:\/\/humydry.com\/#website\",\"url\":\"https:\/\/humydry.com\/\",\"name\":\"Humydry\",\"description\":\"\",\"potentialAction\":[{\"@type\":\"SearchAction\",\"target\":{\"@type\":\"EntryPoint\",\"urlTemplate\":\"https:\/\/humydry.com\/?s={search_term_string}\"},\"query-input\":\"required name=search_term_string\"}],\"inLanguage\":\"fr-FR\"},{\"@type\":\"WebPage\",\"@id\":\"https:\/\/humydry.com\/fr\/desodorisants\/#webpage\",\"url\":\"https:\/\/humydry.com\/fr\/desodorisants\/\",\"name\":\"D\\u00c9SODORISANTS - Humydry\",\"isPartOf\":{\"@id\":\"https:\/\/humydry.com\/#website\"},\"datePublished\":\"2020-12-04T09:38:49+00:00\",\"dateModified\":\"2020-12-04T09:38:49+00:00\",\"breadcrumb\":{\"@id\":\"https:\/\/humydry.com\/fr\/desodorisants\/#breadcrumb\"},\"inLanguage\":\"fr-FR\",\"potentialAction\":[{\"@type\":\"ReadAction\",\"target\":[\"https:\/\/humydry.com\/fr\/desodorisants\/\"]}]},{\"@type\":\"BreadcrumbList\",\"@id\":\"https:\/\/humydry.com\/fr\/desodorisants\/#breadcrumb\",\"itemListElement\":[{\"@type\":\"ListItem\",\"position\":1,\"name\":\"Portada\",\"item\":\"https:\/\/humydry.com\/fr\/\"},{\"@type\":\"ListItem\",\"position\":2,\"name\":\"D\\u00c9SODORISANTS\"}]}]}<\/script>\n<!-- \/ Yoast SEO plugin. -->","yoast_head_json":{"title":"D\u00c9SODORISANTS - Humydry","robots":{"index":"index","follow":"follow","max-snippet":"max-snippet:-1","max-image-preview":"max-image-preview:large","max-video-preview":"max-video-preview:-1"},"canonical":"https:\/\/humydry.com\/fr\/desodorisants\/","og_locale":"fr_FR","og_type":"article","og_title":"D\u00c9SODORISANTS - Humydry","og_description":"1.PRODUITS ANTI-HUMIDIT\u00c92.ABSORBEURS D\u2019ODEURS3.D\u00c9SODORISANTS4.NEUTRALISANTS D\u2019ODEURS1. PRODUITS ANTI-HUMIDIT\u00c92. ABSORBEURS D\u2019ODEURS3. D\u00c9SODORISANTS4. NEUTRALISANTS D\u2019ODEURSD\u00c9SODORISANTS Les meilleurs parfums pour la maison. D\u00e9couvrez les ar\u00f4mes les plus naturels. Un air ambiant frais et agr\u00e9able !","og_url":"https:\/\/humydry.com\/fr\/desodorisants\/","og_site_name":"Humydry","twitter_card":"summary_large_image","twitter_misc":{"Dur\u00e9e de lecture est.":"7 minutes"},"schema":{"@context":"https:\/\/schema.org","@graph":[{"@type":"WebSite","@id":"https:\/\/humydry.com\/#website","url":"https:\/\/humydry.com\/","name":"Humydry","description":"","potentialAction":[{"@type":"SearchAction","target":{"@type":"EntryPoint","urlTemplate":"https:\/\/humydry.com\/?s={search_term_string}"},"query-input":"required name=search_term_string"}],"inLanguage":"fr-FR"},{"@type":"WebPage","@id":"https:\/\/humydry.com\/fr\/desodorisants\/#webpage","url":"https:\/\/humydry.com\/fr\/desodorisants\/","name":"D\u00c9SODORISANTS - Humydry","isPartOf":{"@id":"https:\/\/humydry.com\/#website"},"datePublished":"2020-12-04T09:38:49+00:00","dateModified":"2020-12-04T09:38:49+00:00","breadcrumb":{"@id":"https:\/\/humydry.com\/fr\/desodorisants\/#breadcrumb"},"inLanguage":"fr-FR","potentialAction":[{"@type":"ReadAction","target":["https:\/\/humydry.com\/fr\/desodorisants\/"]}]},{"@type":"BreadcrumbList","@id":"https:\/\/humydry.com\/fr\/desodorisants\/#breadcrumb","itemListElement":[{"@type":"ListItem","position":1,"name":"Portada","item":"https:\/\/humydry.com\/fr\/"},{"@type":"ListItem","position":2,"name":"D\u00c9SODORISANTS"}]}]}},"_links":{"self":[{"href":"https:\/\/humydry.com\/fr\/wp-json\/wp\/v2\/pages\/2751"}],"collection":[{"href":"https:\/\/humydry.com\/fr\/wp-json\/wp\/v2\/pages"}],"about":[{"href":"https:\/\/humydry.com\/fr\/wp-json\/wp\/v2\/types\/page"}],"author":[{"embeddable":true,"href":"https:\/\/humydry.com\/fr\/wp-json\/wp\/v2\/users\/1"}],"replies":[{"embeddable":true,"href":"https:\/\/humydry.com\/fr\/wp-json\/wp\/v2\/comments?post=2751"}],"version-history":[{"count":2,"href":"https:\/\/humydry.com\/fr\/wp-json\/wp\/v2\/pages\/2751\/revisions"}],"predecessor-version":[{"id":2753,"href":"https:\/\/humydry.com\/fr\/wp-json\/wp\/v2\/pages\/2751\/revisions\/2753"}],"wp:attachment":[{"href":"https:\/\/humydry.com\/fr\/wp-json\/wp\/v2\/media?parent=2751"}],"curies":[{"name":"wp","href":"https:\/\/api.w.org\/{rel}","templated":true}]}}