{"id":2731,"date":"2020-12-03T16:24:17","date_gmt":"2020-12-03T15:24:17","guid":{"rendered":"https:\/\/humydry.com\/accueil\/"},"modified":"2020-12-16T16:39:04","modified_gmt":"2020-12-16T15:39:04","slug":"accueil","status":"publish","type":"page","link":"https:\/\/humydry.com\/fr\/","title":{"rendered":"ACCUEIL"},"content":{"rendered":"<p>[et_pb_section fb_built=\u00a0\u00bb1&Prime; custom_padding_last_edited=\u00a0\u00bbon|desktop\u00a0\u00bb _builder_version=\u00a0\u00bb4.4.1&Prime; custom_padding=\u00a0\u00bb0px||0px||false|false\u00a0\u00bb custom_padding_tablet=\u00a0\u00bb\u00a0\u00bb custom_padding_phone=\u00a0\u00bb0px||0px||false|false\u00a0\u00bb][et_pb_row disabled_on=\u00a0\u00bboff|on|on\u00a0\u00bb _builder_version=\u00a0\u00bb4.4.7&Prime; width_tablet=\u00a0\u00bb\u00a0\u00bb width_phone=\u00a0\u00bb100%\u00a0\u00bb width_last_edited=\u00a0\u00bbon|phone\u00a0\u00bb][et_pb_column type=\u00a0\u00bb4_4&Prime; _builder_version=\u00a0\u00bb4.4.1&Prime;][et_pb_code _builder_version=\u00a0\u00bb4.4.7&Prime;]<iframe loading=\"lazy\" title=\"vimeo-player\" src=\"https:\/\/player.vimeo.com\/video\/427310324?autoplay=1&#038;loop=1&#038;muted=1\" width=\"640\" height=\"360\" frameborder=\"0\" allow=\"autoplay\" allowfullscreen><\/iframe>[\/et_pb_code][\/et_pb_column][\/et_pb_row][et_pb_row disabled_on=\u00a0\u00bbon|off|off\u00a0\u00bb _builder_version=\u00a0\u00bb4.4.1&Prime; custom_padding=\u00a0\u00bb||||false|false\u00a0\u00bb][et_pb_column type=\u00a0\u00bb4_4&Prime; _builder_version=\u00a0\u00bb4.3.2&Prime;][et_pb_text _builder_version=\u00a0\u00bb4.4.1&Prime; text_font_size=\u00a0\u00bb16px\u00a0\u00bb custom_padding=\u00a0\u00bb20px||||false|false\u00a0\u00bb]<\/p>\n<p>Humex S.A. est une entreprise familiale fond\u00e9e en 1986, avec son si\u00e8ge social en Espagne et des d\u00e9l\u00e9gations en Allemagne et aux \u00c9tats-Unis. La soci\u00e9t\u00e9 est sp\u00e9cialis\u00e9e dans le d\u00e9veloppement, la fabrication et la commercialisation de produits anti-humidit\u00e9 et neutralisant les odeurs.<\/p>\n<p><strong>Respirez un air ambiant plus sain et plus agr\u00e9able. <\/strong><\/p>\n<p>[\/et_pb_text][\/et_pb_column][\/et_pb_row][et_pb_row disabled_on=\u00a0\u00bboff|on|on\u00a0\u00bb _builder_version=\u00a0\u00bb4.4.1&Prime;][et_pb_column type=\u00a0\u00bb4_4&Prime; _builder_version=\u00a0\u00bb4.3.2&Prime;][et_pb_text _builder_version=\u00a0\u00bb4.4.1&Prime; text_font_size=\u00a0\u00bb16px\u00a0\u00bb]<\/p>\n<p>Humex S.A. sp\u00e9cialistes dans la conception, la production et la commercialisation de produits anti-humidit\u00e9 et l&rsquo;odeur neutralisateurs depuis 1986.<\/p>\n<p>[\/et_pb_text][\/et_pb_column][\/et_pb_row][\/et_pb_section][et_pb_section fb_built=\u00a0\u00bb1&Prime; disabled_on=\u00a0\u00bbon|off|off\u00a0\u00bb _builder_version=\u00a0\u00bb4.4.1&Prime; custom_padding=\u00a0\u00bb0px||0px||false|false\u00a0\u00bb][et_pb_row _builder_version=\u00a0\u00bb4.4.1&Prime;][et_pb_column type=\u00a0\u00bb4_4&Prime; _builder_version=\u00a0\u00bb4.4.1&Prime;][et_pb_code _builder_version=\u00a0\u00bb4.4.7&Prime;]<\/p>\n<div class=\"fluid-width-video-wrapper\" style=\"padding-top: 56.2963%;\"><!-- [et_pb_line_break_holder] --><iframe loading=\"lazy\" title=\"vimeo-player\" src=\"https:\/\/player.vimeo.com\/video\/427310324?autoplay=1&#038;loop=1&#038;muted=1\" width=\"640\" height=\"360\" frameborder=\"0\" allow=\"autoplay\" allowfullscreen><\/iframe><!-- [et_pb_line_break_holder] --><\/div>\n<p>[\/et_pb_code][\/et_pb_column][\/et_pb_row][\/et_pb_section][et_pb_section fb_built=\u00a0\u00bb1&Prime; _builder_version=\u00a0\u00bb4.4.6&Prime; background_enable_color=\u00a0\u00bboff\u00a0\u00bb custom_margin=\u00a0\u00bb||||false|false\u00a0\u00bb custom_margin_tablet=\u00a0\u00bb||||false|false\u00a0\u00bb custom_margin_phone=\u00a0\u00bb0px||||false|false\u00a0\u00bb custom_margin_last_edited=\u00a0\u00bbon|desktop\u00a0\u00bb custom_padding=\u00a0\u00bb0px||0px||false|false\u00a0\u00bb][et_pb_row _builder_version=\u00a0\u00bb4.3.2&Prime;][et_pb_column type=\u00a0\u00bb4_4&Prime; _builder_version=\u00a0\u00bb4.3.2&Prime;][dica_divi_carousel show_items_desktop=\u00a0\u00bb3&Prime; show_items_tablet=\u00a0\u00bb2&Prime; multislide=\u00a0\u00bbon\u00a0\u00bb autoplay=\u00a0\u00bbon\u00a0\u00bb autoplay_speed=\u00a0\u00bb3000&Prime; dot_nav=\u00a0\u00bbon\u00a0\u00bb advanced_effect=\u00a0\u00bb1&Prime; arrow_nav_color=\u00a0\u00bb#4B4B4D\u00a0\u00bb arrow_bg_color=\u00a0\u00bbrgba(0,0,0,0)\u00a0\u00bb arrow_position=\u00a0\u00bbmiddle-outside\u00a0\u00bb arrow_font_size=\u00a0\u00bb60px\u00a0\u00bb arrow_position_tablet=\u00a0\u00bb\u00a0\u00bb arrow_position_phone=\u00a0\u00bbmiddle-inside\u00a0\u00bb arrow_position_last_edited=\u00a0\u00bbon|desktop\u00a0\u00bb _builder_version=\u00a0\u00bb4.7.7&Prime; width=\u00a0\u00bb100%\u00a0\u00bb hover_enabled=\u00a0\u00bb0&Prime; sticky_enabled=\u00a0\u00bb0&Prime;][dica_divi_carouselitem button_text=\u00a0\u00bbVOIR PRODUITS\u00a0\u00bb button_url=\u00a0\u00bb\/fr\/produits-anti-humidite\/\u00a0\u00bb button_url_new_window=\u00a0\u00bb1&Prime; custom_padding=\u00a0\u00bb370px||50px||false|false\u00a0\u00bb _builder_version=\u00a0\u00bb4.7.7&Prime; _dynamic_attributes=\u00a0\u00bblink_option_url\u00a0\u00bb background_color=\u00a0\u00bb#fff59b\u00a0\u00bb background_enable_color=\u00a0\u00bbon\u00a0\u00bb background_image=\u00a0\u00bbhttps:\/\/humydry.com\/wp-content\/uploads\/2020\/02\/carousel-humydry-1.jpg\u00a0\u00bb background_enable_image=\u00a0\u00bbon\u00a0\u00bb custom_button=\u00a0\u00bbon\u00a0\u00bb button_text_size=\u00a0\u00bb16px\u00a0\u00bb button_text_color=\u00a0\u00bb#4B4B4D\u00a0\u00bb button_border_color=\u00a0\u00bb#4B4B4D\u00a0\u00bb button_border_radius=\u00a0\u00bb0px\u00a0\u00bb button_alignment=\u00a0\u00bbcenter\u00a0\u00bb link_option_url=\u00a0\u00bb@ET-DC@eyJkeW5hbWljIjp0cnVlLCJjb250ZW50IjoicG9zdF9saW5rX3VybF9wYWdlIiwic2V0dGluZ3MiOnsicG9zdF9pZCI6IjkyIn19@\u00a0\u00bb hover_enabled=\u00a0\u00bb0&Prime; sticky_enabled=\u00a0\u00bb0&Prime;][\/dica_divi_carouselitem][dica_divi_carouselitem button_text=\u00a0\u00bbVOIR PRODUITS\u00a0\u00bb button_url=\u00a0\u00bb\/fr\/neutralisants-dodeurs\/\u00a0\u00bb button_url_new_window=\u00a0\u00bb1&Prime; custom_padding=\u00a0\u00bb370px||50px||false|false\u00a0\u00bb _builder_version=\u00a0\u00bb4.7.7&Prime; _dynamic_attributes=\u00a0\u00bblink_option_url\u00a0\u00bb background_color=\u00a0\u00bb#fff59b\u00a0\u00bb background_enable_color=\u00a0\u00bbon\u00a0\u00bb background_image=\u00a0\u00bbhttps:\/\/humydry.com\/wp-content\/uploads\/2020\/02\/carousel-humydry-2.jpg\u00a0\u00bb background_enable_image=\u00a0\u00bbon\u00a0\u00bb custom_button=\u00a0\u00bbon\u00a0\u00bb button_text_size=\u00a0\u00bb16px\u00a0\u00bb button_text_color=\u00a0\u00bb#4B4B4D\u00a0\u00bb button_border_color=\u00a0\u00bb#4B4B4D\u00a0\u00bb button_border_radius=\u00a0\u00bb0px\u00a0\u00bb button_alignment=\u00a0\u00bbcenter\u00a0\u00bb link_option_url=\u00a0\u00bb@ET-DC@eyJkeW5hbWljIjp0cnVlLCJjb250ZW50IjoicG9zdF9saW5rX3VybF9wYWdlIiwic2V0dGluZ3MiOnsicG9zdF9pZCI6IjMzNCJ9fQ==@\u00a0\u00bb hover_enabled=\u00a0\u00bb0&Prime; sticky_enabled=\u00a0\u00bb0&Prime;][\/dica_divi_carouselitem][dica_divi_carouselitem button_text=\u00a0\u00bbVOIR PRODUITS\u00a0\u00bb button_url=\u00a0\u00bb\/fr\/desodorisants\/\u00a0\u00bb button_url_new_window=\u00a0\u00bb1&Prime; custom_padding=\u00a0\u00bb370px||50px||false|false\u00a0\u00bb _builder_version=\u00a0\u00bb4.7.7&Prime; _dynamic_attributes=\u00a0\u00bblink_option_url\u00a0\u00bb background_color=\u00a0\u00bb#fff59b\u00a0\u00bb background_enable_color=\u00a0\u00bbon\u00a0\u00bb background_image=\u00a0\u00bbhttps:\/\/humydry.com\/wp-content\/uploads\/2020\/02\/carousel-humydry-3.jpg\u00a0\u00bb background_enable_image=\u00a0\u00bbon\u00a0\u00bb custom_button=\u00a0\u00bbon\u00a0\u00bb button_text_size=\u00a0\u00bb16px\u00a0\u00bb button_text_color=\u00a0\u00bb#4B4B4D\u00a0\u00bb button_border_color=\u00a0\u00bb#4B4B4D\u00a0\u00bb button_border_radius=\u00a0\u00bb0px\u00a0\u00bb button_alignment=\u00a0\u00bbcenter\u00a0\u00bb link_option_url=\u00a0\u00bb@ET-DC@eyJkeW5hbWljIjp0cnVlLCJjb250ZW50IjoicG9zdF9saW5rX3VybF9wYWdlIiwic2V0dGluZ3MiOnsicG9zdF9pZCI6IjMwMCJ9fQ==@\u00a0\u00bb hover_enabled=\u00a0\u00bb0&Prime; sticky_enabled=\u00a0\u00bb0&Prime;][\/dica_divi_carouselitem][\/dica_divi_carousel][\/et_pb_column][\/et_pb_row][\/et_pb_section][et_pb_section fb_built=\u00a0\u00bb1&Prime; custom_padding_last_edited=\u00a0\u00bbon|phone\u00a0\u00bb _builder_version=\u00a0\u00bb4.4.1&Prime; custom_padding=\u00a0\u00bb0px||0px||false|false\u00a0\u00bb custom_padding_tablet=\u00a0\u00bb\u00a0\u00bb custom_padding_phone=\u00a0\u00bb10px||10px||false|false\u00a0\u00bb][et_pb_row column_structure=\u00a0\u00bb1_3,1_3,1_3&Prime; use_custom_gutter=\u00a0\u00bbon\u00a0\u00bb gutter_width=\u00a0\u00bb2&Prime; _builder_version=\u00a0\u00bb4.7.5&Prime;][et_pb_column type=\u00a0\u00bb1_3&Prime; _builder_version=\u00a0\u00bb4.7.5&Prime; background_color=\u00a0\u00bb#c9e9f8&Prime; custom_css_main_element=\u00a0\u00bbmin-height: 233px;\u00a0\u00bb][et_pb_text _builder_version=\u00a0\u00bb4.7.5&Prime; _dynamic_attributes=\u00a0\u00bblink_option_url\u00a0\u00bb text_line_height=\u00a0\u00bb1.4em\u00a0\u00bb header_2_font=\u00a0\u00bb|800|||||||\u00a0\u00bb header_2_font_size=\u00a0\u00bb42px\u00a0\u00bb background_color=\u00a0\u00bbrgba(0,0,0,0)\u00a0\u00bb custom_margin=\u00a0\u00bb||0px||false|false\u00a0\u00bb custom_padding=\u00a0\u00bb60px|10px||10px|false|false\u00a0\u00bb custom_padding_tablet=\u00a0\u00bb\u00a0\u00bb custom_padding_phone=\u00a0\u00bb10px|10px||10px|false|false\u00a0\u00bb custom_padding_last_edited=\u00a0\u00bbon|phone\u00a0\u00bb link_option_url=\u00a0\u00bb@ET-DC@eyJkeW5hbWljIjp0cnVlLCJjb250ZW50IjoicG9zdF9saW5rX3VybF9wYWdlIiwic2V0dGluZ3MiOnsicG9zdF9pZCI6Ijg2In19@\u00a0\u00bb]<\/p>\n<h2 style=\"text-align: center;\"><strong>CONSEILS<\/strong><\/h2>\n<p>[\/et_pb_text][et_pb_text disabled_on=\u00a0\u00bbon|off|off\u00a0\u00bb _builder_version=\u00a0\u00bb4.4.6&Prime; _dynamic_attributes=\u00a0\u00bblink_option_url\u00a0\u00bb text_line_height=\u00a0\u00bb1.4em\u00a0\u00bb header_2_font=\u00a0\u00bb|800|||||||\u00a0\u00bb header_2_font_size=\u00a0\u00bb42px\u00a0\u00bb background_color=\u00a0\u00bbrgba(0,0,0,0)\u00a0\u00bb min_height=\u00a0\u00bb77px\u00a0\u00bb custom_padding=\u00a0\u00bb|10px|20px|10px|false|false\u00a0\u00bb link_option_url=\u00a0\u00bb@ET-DC@eyJkeW5hbWljIjp0cnVlLCJjb250ZW50IjoicG9zdF9saW5rX3VybF9wYWdlIiwic2V0dGluZ3MiOnsicG9zdF9pZCI6Ijg2In19@\u00a0\u00bb]<\/p>\n<p style=\"text-align: center;\" class=\"hide-mobile\">Sachez tout de nos produits : leurs avantages, leurs applications, nos conseils d\u2019utilisation, etc.<\/p>\n<p>[\/et_pb_text][\/et_pb_column][et_pb_column type=\u00a0\u00bb1_3&Prime; _builder_version=\u00a0\u00bb4.4.1&Prime; background_color=\u00a0\u00bb#c9e9f8&Prime;][et_pb_text _builder_version=\u00a0\u00bb4.4.6&Prime; _dynamic_attributes=\u00a0\u00bblink_option_url\u00a0\u00bb text_line_height=\u00a0\u00bb1.4em\u00a0\u00bb header_2_font=\u00a0\u00bb|800|||||||\u00a0\u00bb header_2_font_size=\u00a0\u00bb42px\u00a0\u00bb background_color=\u00a0\u00bbrgba(0,0,0,0)\u00a0\u00bb custom_margin=\u00a0\u00bb||0px||false|false\u00a0\u00bb custom_padding=\u00a0\u00bb30px|10px||10px|false|false\u00a0\u00bb custom_padding_tablet=\u00a0\u00bb\u00a0\u00bb custom_padding_phone=\u00a0\u00bb10px|10px||10px|false|false\u00a0\u00bb custom_padding_last_edited=\u00a0\u00bbon|phone\u00a0\u00bb link_option_url=\u00a0\u00bb@ET-DC@eyJkeW5hbWljIjp0cnVlLCJjb250ZW50IjoicG9zdF9saW5rX3VybF9wYWdlIiwic2V0dGluZ3MiOnsicG9zdF9pZCI6Ijk1In19@\u00a0\u00bb]<\/p>\n<h2 style=\"text-align: center;\"><strong>FOIRE AUX QUESTIONS<\/strong><\/h2>\n<p>[\/et_pb_text][et_pb_text disabled_on=\u00a0\u00bbon|off|off\u00a0\u00bb _builder_version=\u00a0\u00bb4.4.6&Prime; _dynamic_attributes=\u00a0\u00bblink_option_url\u00a0\u00bb text_line_height=\u00a0\u00bb1.4em\u00a0\u00bb header_2_font=\u00a0\u00bb|800|||||||\u00a0\u00bb header_2_font_size=\u00a0\u00bb42px\u00a0\u00bb background_color=\u00a0\u00bbrgba(0,0,0,0)\u00a0\u00bb min_height=\u00a0\u00bb77px\u00a0\u00bb custom_padding=\u00a0\u00bb|10px|20px|10px|false|false\u00a0\u00bb link_option_url=\u00a0\u00bb@ET-DC@eyJkeW5hbWljIjp0cnVlLCJjb250ZW50IjoicG9zdF9saW5rX3VybF9wYWdlIiwic2V0dGluZ3MiOnsicG9zdF9pZCI6Ijk1In19@\u00a0\u00bb]<\/p>\n<p style=\"text-align: center;\" class=\"hide-mobile\">Vous avez des doutes ? Vous avez besoin d\u2019aide ? Nous essaierons de vous renseigner avec plaisir.<\/p>\n<p>[\/et_pb_text][\/et_pb_column][et_pb_column type=\u00a0\u00bb1_3&Prime; _builder_version=\u00a0\u00bb4.7.5&Prime; background_color=\u00a0\u00bb#c9e9f8&Prime; custom_css_main_element=\u00a0\u00bbmin-height: 233px;\u00a0\u00bb][et_pb_text _builder_version=\u00a0\u00bb4.7.5&Prime; _dynamic_attributes=\u00a0\u00bblink_option_url\u00a0\u00bb text_line_height=\u00a0\u00bb1.4em\u00a0\u00bb header_2_font=\u00a0\u00bb|800|||||||\u00a0\u00bb header_2_font_size=\u00a0\u00bb42px\u00a0\u00bb background_color=\u00a0\u00bbrgba(0,0,0,0)\u00a0\u00bb custom_margin=\u00a0\u00bb||0px||false|false\u00a0\u00bb custom_padding=\u00a0\u00bb60px|10px||10px|false|false\u00a0\u00bb custom_padding_tablet=\u00a0\u00bb\u00a0\u00bb custom_padding_phone=\u00a0\u00bb10px|10px||10px|false|false\u00a0\u00bb custom_padding_last_edited=\u00a0\u00bbon|phone\u00a0\u00bb link_option_url=\u00a0\u00bb@ET-DC@eyJkeW5hbWljIjp0cnVlLCJjb250ZW50IjoicG9zdF9saW5rX3VybF9wYWdlIiwic2V0dGluZ3MiOnsicG9zdF9pZCI6IjEwNCJ9fQ==@\u00a0\u00bb]<\/p>\n<h2 style=\"text-align: center;\"><strong>BLOG<\/strong><\/h2>\n<p>[\/et_pb_text][et_pb_text disabled_on=\u00a0\u00bbon|off|off\u00a0\u00bb _builder_version=\u00a0\u00bb4.4.6&Prime; _dynamic_attributes=\u00a0\u00bblink_option_url\u00a0\u00bb text_line_height=\u00a0\u00bb1.4em\u00a0\u00bb header_2_font=\u00a0\u00bb|800|||||||\u00a0\u00bb header_2_font_size=\u00a0\u00bb42px\u00a0\u00bb background_color=\u00a0\u00bbrgba(0,0,0,0)\u00a0\u00bb min_height=\u00a0\u00bb77px\u00a0\u00bb custom_padding=\u00a0\u00bb|10px|20px|10px|false|false\u00a0\u00bb link_option_url=\u00a0\u00bb@ET-DC@eyJkeW5hbWljIjp0cnVlLCJjb250ZW50IjoicG9zdF9saW5rX3VybF9wYWdlIiwic2V0dGluZ3MiOnsicG9zdF9pZCI6IjEwNCJ9fQ==@\u00a0\u00bb]<\/p>\n<p style=\"text-align: center;\" class=\"hide-mobile\">Trouvez la solution qui s\u2019adapte le mieux \u00e0 vos besoins parmi la gamme compl\u00e8te de produits Humydry.<\/p>\n<p>[\/et_pb_text][\/et_pb_column][\/et_pb_row][\/et_pb_section][et_pb_section fb_built=\u00a0\u00bb1&Prime; _builder_version=\u00a0\u00bb4.3.2&Prime;][et_pb_row column_structure=\u00a0\u00bb1_3,1_3,1_3&Prime; _builder_version=\u00a0\u00bb4.3.2&Prime; custom_padding=\u00a0\u00bb0px||0px||false|false\u00a0\u00bb border_width_top=\u00a0\u00bb2px\u00a0\u00bb border_color_top=\u00a0\u00bb#CFD1D2&Prime; border_width_bottom=\u00a0\u00bb2px\u00a0\u00bb border_color_bottom=\u00a0\u00bb#CFD1D2&Prime;][et_pb_column type=\u00a0\u00bb1_3&Prime; _builder_version=\u00a0\u00bb4.3.2&Prime;][et_pb_text _builder_version=\u00a0\u00bb4.4.1&Prime; text_font_size=\u00a0\u00bb16px\u00a0\u00bb text_line_height=\u00a0\u00bb1.4em\u00a0\u00bb custom_margin=\u00a0\u00bb50px||||false|false\u00a0\u00bb text_orientation_tablet=\u00a0\u00bbcenter\u00a0\u00bb text_orientation_phone=\u00a0\u00bbcenter\u00a0\u00bb text_orientation_last_edited=\u00a0\u00bbon|phone\u00a0\u00bb]<\/p>\n<p>\u00c0 travers l\u2019achat de nos produits, vous collaborez \u00e0 une bonne cause.<\/p>\n<p>[\/et_pb_text][\/et_pb_column][et_pb_column type=\u00a0\u00bb1_3&Prime; _builder_version=\u00a0\u00bb4.3.2&Prime;][et_pb_image src=\u00a0\u00bbhttps:\/\/humydry.com\/wp-content\/uploads\/2020\/02\/we-support-africa.png\u00a0\u00bb align=\u00a0\u00bbcenter\u00a0\u00bb align_tablet=\u00a0\u00bb\u00a0\u00bb align_phone=\u00a0\u00bbcenter\u00a0\u00bb align_last_edited=\u00a0\u00bbon|phone\u00a0\u00bb _builder_version=\u00a0\u00bb4.3.3&Prime; max_width=\u00a0\u00bb200px\u00a0\u00bb custom_margin=\u00a0\u00bb35px||||false|false\u00a0\u00bb][\/et_pb_image][\/et_pb_column][et_pb_column type=\u00a0\u00bb1_3&Prime; _builder_version=\u00a0\u00bb4.3.2&Prime;][et_pb_image src=\u00a0\u00bbhttps:\/\/humydry.com\/wp-content\/uploads\/2020\/02\/we-support-africa-foto.jpg\u00a0\u00bb align=\u00a0\u00bbright\u00a0\u00bb src_tablet=\u00a0\u00bbhttps:\/\/humydry.com\/wp-content\/uploads\/2020\/02\/we-support-africa-foto-mobile.jpg\u00a0\u00bb src_phone=\u00a0\u00bbhttps:\/\/humydry.com\/wp-content\/uploads\/2020\/02\/we-support-africa-foto-mobile.jpg\u00a0\u00bb src_last_edited=\u00a0\u00bbon|tablet\u00a0\u00bb align_tablet=\u00a0\u00bbcenter\u00a0\u00bb align_phone=\u00a0\u00bbcenter\u00a0\u00bb align_last_edited=\u00a0\u00bbon|phone\u00a0\u00bb _builder_version=\u00a0\u00bb4.4.1&Prime; max_width=\u00a0\u00bb360px\u00a0\u00bb][\/et_pb_image][\/et_pb_column][\/et_pb_row][\/et_pb_section]<\/p>\n","protected":false},"excerpt":{"rendered":"<p>Humex S.A. est une entreprise familiale fond\u00e9e en 1986, avec son si\u00e8ge social en Espagne et des d\u00e9l\u00e9gations en Allemagne et aux \u00c9tats-Unis. La soci\u00e9t\u00e9 est sp\u00e9cialis\u00e9e dans le d\u00e9veloppement, la fabrication et la commercialisation de produits anti-humidit\u00e9 et neutralisant les odeurs. Respirez un air ambiant plus sain et plus agr\u00e9able. Humex S.A. sp\u00e9cialistes dans [&hellip;]<\/p>\n","protected":false},"author":1,"featured_media":0,"parent":0,"menu_order":106,"comment_status":"closed","ping_status":"closed","template":"","meta":{"_et_pb_use_builder":"on","_et_pb_old_content":"","_et_gb_content_width":""},"acf":[],"yoast_head":"<!-- This site is optimized with the Yoast SEO plugin v17.5 - https:\/\/yoast.com\/wordpress\/plugins\/seo\/ -->\n<title>ACCUEIL - Humydry<\/title>\n<meta name=\"robots\" content=\"index, follow, max-snippet:-1, max-image-preview:large, max-video-preview:-1\" \/>\n<link rel=\"canonical\" href=\"https:\/\/humydry.com\/fr\/\" \/>\n<meta property=\"og:locale\" content=\"fr_FR\" \/>\n<meta property=\"og:type\" content=\"article\" \/>\n<meta property=\"og:title\" content=\"ACCUEIL - Humydry\" \/>\n<meta property=\"og:description\" content=\"Humex S.A. est une entreprise familiale fond\u00e9e en 1986, avec son si\u00e8ge social en Espagne et des d\u00e9l\u00e9gations en Allemagne et aux \u00c9tats-Unis. La soci\u00e9t\u00e9 est sp\u00e9cialis\u00e9e dans le d\u00e9veloppement, la fabrication et la commercialisation de produits anti-humidit\u00e9 et neutralisant les odeurs. Respirez un air ambiant plus sain et plus agr\u00e9able. Humex S.A. sp\u00e9cialistes dans [&hellip;]\" \/>\n<meta property=\"og:url\" content=\"https:\/\/humydry.com\/fr\/\" \/>\n<meta property=\"og:site_name\" content=\"Humydry\" \/>\n<meta property=\"article:modified_time\" content=\"2020-12-16T15:39:04+00:00\" \/>\n<meta name=\"twitter:card\" content=\"summary_large_image\" \/>\n<meta name=\"twitter:label1\" content=\"Dur\u00e9e de lecture est.\" \/>\n\t<meta name=\"twitter:data1\" content=\"7 minutes\" \/>\n<script type=\"application\/ld+json\" class=\"yoast-schema-graph\">{\"@context\":\"https:\/\/schema.org\",\"@graph\":[{\"@type\":\"WebSite\",\"@id\":\"https:\/\/humydry.com\/#website\",\"url\":\"https:\/\/humydry.com\/\",\"name\":\"Humydry\",\"description\":\"\",\"potentialAction\":[{\"@type\":\"SearchAction\",\"target\":{\"@type\":\"EntryPoint\",\"urlTemplate\":\"https:\/\/humydry.com\/?s={search_term_string}\"},\"query-input\":\"required name=search_term_string\"}],\"inLanguage\":\"fr-FR\"},{\"@type\":\"WebPage\",\"@id\":\"https:\/\/humydry.com\/fr\/#webpage\",\"url\":\"https:\/\/humydry.com\/fr\/\",\"name\":\"ACCUEIL - Humydry\",\"isPartOf\":{\"@id\":\"https:\/\/humydry.com\/#website\"},\"datePublished\":\"2020-12-03T15:24:17+00:00\",\"dateModified\":\"2020-12-16T15:39:04+00:00\",\"breadcrumb\":{\"@id\":\"https:\/\/humydry.com\/fr\/#breadcrumb\"},\"inLanguage\":\"fr-FR\",\"potentialAction\":[{\"@type\":\"ReadAction\",\"target\":[\"https:\/\/humydry.com\/fr\/\"]}]},{\"@type\":\"BreadcrumbList\",\"@id\":\"https:\/\/humydry.com\/fr\/#breadcrumb\",\"itemListElement\":[{\"@type\":\"ListItem\",\"position\":1,\"name\":\"Portada\",\"item\":\"https:\/\/humydry.com\/fr\/\"},{\"@type\":\"ListItem\",\"position\":2,\"name\":\"ACCUEIL\"}]}]}<\/script>\n<!-- \/ Yoast SEO plugin. -->","yoast_head_json":{"title":"ACCUEIL - Humydry","robots":{"index":"index","follow":"follow","max-snippet":"max-snippet:-1","max-image-preview":"max-image-preview:large","max-video-preview":"max-video-preview:-1"},"canonical":"https:\/\/humydry.com\/fr\/","og_locale":"fr_FR","og_type":"article","og_title":"ACCUEIL - Humydry","og_description":"Humex S.A. est une entreprise familiale fond\u00e9e en 1986, avec son si\u00e8ge social en Espagne et des d\u00e9l\u00e9gations en Allemagne et aux \u00c9tats-Unis. La soci\u00e9t\u00e9 est sp\u00e9cialis\u00e9e dans le d\u00e9veloppement, la fabrication et la commercialisation de produits anti-humidit\u00e9 et neutralisant les odeurs. Respirez un air ambiant plus sain et plus agr\u00e9able. Humex S.A. sp\u00e9cialistes dans [&hellip;]","og_url":"https:\/\/humydry.com\/fr\/","og_site_name":"Humydry","article_modified_time":"2020-12-16T15:39:04+00:00","twitter_card":"summary_large_image","twitter_misc":{"Dur\u00e9e de lecture est.":"7 minutes"},"schema":{"@context":"https:\/\/schema.org","@graph":[{"@type":"WebSite","@id":"https:\/\/humydry.com\/#website","url":"https:\/\/humydry.com\/","name":"Humydry","description":"","potentialAction":[{"@type":"SearchAction","target":{"@type":"EntryPoint","urlTemplate":"https:\/\/humydry.com\/?s={search_term_string}"},"query-input":"required name=search_term_string"}],"inLanguage":"fr-FR"},{"@type":"WebPage","@id":"https:\/\/humydry.com\/fr\/#webpage","url":"https:\/\/humydry.com\/fr\/","name":"ACCUEIL - Humydry","isPartOf":{"@id":"https:\/\/humydry.com\/#website"},"datePublished":"2020-12-03T15:24:17+00:00","dateModified":"2020-12-16T15:39:04+00:00","breadcrumb":{"@id":"https:\/\/humydry.com\/fr\/#breadcrumb"},"inLanguage":"fr-FR","potentialAction":[{"@type":"ReadAction","target":["https:\/\/humydry.com\/fr\/"]}]},{"@type":"BreadcrumbList","@id":"https:\/\/humydry.com\/fr\/#breadcrumb","itemListElement":[{"@type":"ListItem","position":1,"name":"Portada","item":"https:\/\/humydry.com\/fr\/"},{"@type":"ListItem","position":2,"name":"ACCUEIL"}]}]}},"_links":{"self":[{"href":"https:\/\/humydry.com\/fr\/wp-json\/wp\/v2\/pages\/2731"}],"collection":[{"href":"https:\/\/humydry.com\/fr\/wp-json\/wp\/v2\/pages"}],"about":[{"href":"https:\/\/humydry.com\/fr\/wp-json\/wp\/v2\/types\/page"}],"author":[{"embeddable":true,"href":"https:\/\/humydry.com\/fr\/wp-json\/wp\/v2\/users\/1"}],"replies":[{"embeddable":true,"href":"https:\/\/humydry.com\/fr\/wp-json\/wp\/v2\/comments?post=2731"}],"version-history":[{"count":4,"href":"https:\/\/humydry.com\/fr\/wp-json\/wp\/v2\/pages\/2731\/revisions"}],"predecessor-version":[{"id":3284,"href":"https:\/\/humydry.com\/fr\/wp-json\/wp\/v2\/pages\/2731\/revisions\/3284"}],"wp:attachment":[{"href":"https:\/\/humydry.com\/fr\/wp-json\/wp\/v2\/media?parent=2731"}],"curies":[{"name":"wp","href":"https:\/\/api.w.org\/{rel}","templated":true}]}}